{"id":14100,"date":"2022-05-26T13:57:19","date_gmt":"2022-05-26T19:57:19","guid":{"rendered":"https:\/\/nordiqcanada.ca\/pride-month\/"},"modified":"2023-05-31T17:12:32","modified_gmt":"2023-05-31T23:12:32","slug":"pride-month","status":"publish","type":"page","link":"https:\/\/nordiqcanada.ca\/fr\/pride-month\/","title":{"rendered":"Pride Month"},"content":{"rendered":"<p>[et_pb_section fb_built=&#8221;1&#8243; admin_label=&#8221;Top of page banner&#8221; _builder_version=&#8221;3.26.5&#8243; custom_margin=&#8221;0px||0px||false|false&#8221; custom_padding=&#8221;0px||0px||false|false&#8221;][et_pb_row _builder_version=&#8221;3.26.3&#8243; width=&#8221;100%&#8221; max_width=&#8221;100%&#8221; custom_margin=&#8221;0px||0px||false|false&#8221; custom_padding=&#8221;0px||0px||false|false&#8221;][et_pb_column type=&#8221;4_4&#8243; _builder_version=&#8221;3.26.3&#8243;][et_pb_image src=&#8221;https:\/\/nordiqcanada.ca\/wp-content\/uploads\/pridemonth-banner2.jpg&#8221; title_text=&#8221;pridemonth-banner2&#8243; force_fullwidth=&#8221;on&#8221; _builder_version=&#8221;4.9.7&#8243;][\/et_pb_image][\/et_pb_column][\/et_pb_row][\/et_pb_section][et_pb_section fb_built=&#8221;1&#8243; _builder_version=&#8221;3.27.3&#8243;][et_pb_row _builder_version=&#8221;3.27.3&#8243;][et_pb_column type=&#8221;4_4&#8243; _builder_version=&#8221;3.27.3&#8243;][et_pb_text module_class=&#8221;introtext&#8221; _builder_version=&#8221;4.9.7&#8243; hover_enabled=&#8221;0&#8243; sticky_enabled=&#8221;0&#8243;]<\/p>\n<h1>Bon mois de la Fiert\u00e9!<\/h1>\n<p>Joyeux Mois de la Fiert\u00e9 \u00e0 tous les membres de notre communaut\u00e9 de ski qui s&#8217;identifient comme 2ELGBTQI+.<\/p>\n<p><span style=\"font-style: inherit;font-weight: inherit\">Nordiq Canada est d\u00e9termin\u00e9 \u00e0 favoriser un milieu plus s\u00e9curitaire et plus inclusif pour tous. Afin de poursuivre notre leadership dans le sport, nous nous engageons dans des discussions sur l&#8217;\u00e9quit\u00e9 et la diversit\u00e9. Cet engagement continu vise \u00e0 prot\u00e9ger et \u00e0 habiliter les athl\u00e8tes, les jeunes, les entra\u00eeneurs, les officiels, le personnel et les membres de la communaut\u00e9 2ELGBTQI+ \u00e0 l&#8217;\u00e9chelle du pays.\u00a0\u00a0<\/span><\/p>\n<p>2ELGBTQI+ (<span style=\"font-style: inherit;font-weight: inherit\">2E: au tout d\u00e9but, reconna\u00eet les personnes deux esprits comme les premi\u00e8res parmi les communaut\u00e9s<\/span><span style=\"font-style: inherit;font-weight: inherit\">\u00a0<\/span><span style=\"font-style: inherit;font-weight: inherit\">\u00a02ELGBTQI+<\/span><span style=\"font-style: inherit;font-weight: inherit\">; L: Lesbienne; G: Gai; B: Bisexuel; T: Transgenre, Q: Queer, I: Intersexuel, +: comprend les personnes qui indiquent leur appartenance \u00e0 divers groupes sexuels et de genre et emploient d\u2019autres terminologies.)<\/span><\/p>\n<p>&nbsp;<\/p>\n<h2>Pour plus de ressources, consultez :<\/h2>\n<ul>\n<li><a href=\"https:\/\/womenandsport.ca\/fr\/ressources\/publications\/montrer-le-chemin-lgbtq\/\">Femmes et sport au Canada : travailler avec les athl\u00e8tes et les entra\u00eeneurs LGBTQ<\/a><\/li>\n<li><a href=\"https:\/\/www.athleteally.org\/\">Athlete Ally<\/a> (en anglais)<\/li>\n<li><a href=\"https:\/\/olympique.ca\/page-de-ressources-2slgbtqi\/\">\u00c9quipe Canada, page de ressources 2SLGBTQI+\u00a0<\/a><\/li>\n<li><a href=\"https:\/\/inclusionsportive.ca\/\">Groupe de travail sur l\u2019inclusion dans le sport<\/a><\/li>\n<li><a href=\"https:\/\/coach.ca\/fr\/travailler-avec-des-athletes-et-des-entraineurs-2elgbtqi\">Travailler avec des athl\u00e8tes et des entra\u00eeneurs 2ELGBTQI+<\/a><\/li>\n<li><a href=\"https:\/\/www.egaleaction.com\/\">\u00c9gale Action<\/a><\/li>\n<li><a href=\"https:\/\/www.mypronouns.org\/\">My Pronouns<\/a> (en anglais)<\/li>\n<li><a href=\"https:\/\/www.youcanplayproject.org\/\">Projet You Can Play<\/a> (en anglais)<\/li>\n<li><a href=\"https:\/\/kidsportcanada.ca\/wp-content\/uploads\/sites\/96\/DI-Series-Session-2-Gender-Identities-Workbook.pdf\">KidSport Canada: Gender Identities in Sport Workbook<\/a> (en anglais)<\/li>\n<li><a href=\"https:\/\/www.youtube.com\/watch?v=6Q2PJjvWexU\">KidSport Calgary: Diversity and Inclusion Discussion Series<\/a> (en anglais)<\/li>\n<\/ul>\n<p>&nbsp;<\/p>\n<h2>Faire une diff\u00e9rence:<\/h2>\n<ul>\n<li><a href=\"https:\/\/www.canadahelps.org\/en\/charities\/rainbow-railroad\/\">Rainbow Railroad<\/a><\/li>\n<li><a href=\"https:\/\/www.canadahelps.org\/en\/charities\/international-railroad-for-queer-refugees\/\">International Railroad for Queer Refugees<\/a><\/li>\n<li><a href=\"https:\/\/www.canadahelps.org\/en\/charities\/rainbow-refugee-society\/\">Rainbow Refugee<\/a><\/li>\n<li><a href=\"https:\/\/endoftherainbow.ca\/\">End of the Rainbow Foundation<\/a><\/li>\n<li><a href=\"https:\/\/www.canadahelps.org\/en\/charities\/pflag-canada\/\">PFLAG Canada\u00a0<\/a><\/li>\n<li><a href=\"https:\/\/give.glaad.org\/page\/51921\/donate\/1\">GLAAD<\/a><\/li>\n<\/ul>\n<p>[\/et_pb_text][et_pb_video src=&#8221;https:\/\/www.youtube.com\/watch?v=96rpEyqQCDc&#8221; _builder_version=&#8221;4.9.7&#8243; _module_preset=&#8221;default&#8221;][\/et_pb_video][\/et_pb_column][\/et_pb_row][\/et_pb_section][et_pb_section fb_built=&#8221;1&#8243; fullwidth=&#8221;on&#8221; admin_label=&#8221;Full Footer&#8221; _builder_version=&#8221;4.9.7&#8243; _module_preset=&#8221;default&#8221; global_module=&#8221;13146&#8243; locked=&#8221;on&#8221;][et_pb_fullwidth_code _builder_version=&#8221;4.9.7&#8243; _module_preset=&#8221;default&#8221; locked=&#8221;off&#8221;][et_pb_section global_module=\"13251\"][\/et_pb_section]<!-- [et_pb_line_break_holder] -->[et_pb_section global_module=\"13248\"][\/et_pb_section]<!-- [et_pb_line_break_holder] -->[et_pb_section global_module=\"13097\"][\/et_pb_section]<!-- [et_pb_line_break_holder] -->[et_pb_section global_module=\"13100\"][\/et_pb_section][\/et_pb_fullwidth_code][\/et_pb_section]<\/p>\n","protected":false},"excerpt":{"rendered":"<p>[et_pb_section fb_built=&#8221;1&#8243; admin_label=&#8221;Top of page banner&#8221; _builder_version=&#8221;3.26.5&#8243; custom_margin=&#8221;0px||0px||false|false&#8221; custom_padding=&#8221;0px||0px||false|false&#8221;][et_pb_row _builder_version=&#8221;3.26.3&#8243; width=&#8221;100%&#8221; max_width=&#8221;100%&#8221; custom_margin=&#8221;0px||0px||false|false&#8221; custom_padding=&#8221;0px||0px||false|false&#8221;][et_pb_column type=&#8221;4_4&#8243; _builder_version=&#8221;3.26.3&#8243;][et_pb_image src=&#8221;https:\/\/nordiqcanada.ca\/wp-content\/uploads\/pridemonth-banner2.jpg&#8221; title_text=&#8221;pridemonth-banner2&#8243; force_fullwidth=&#8221;on&#8221; _builder_version=&#8221;4.9.7&#8243;][\/et_pb_image][\/et_pb_column][\/et_pb_row][\/et_pb_section][et_pb_section fb_built=&#8221;1&#8243; _builder_version=&#8221;3.27.3&#8243;][et_pb_row _builder_version=&#8221;3.27.3&#8243;][et_pb_column type=&#8221;4_4&#8243; _builder_version=&#8221;3.27.3&#8243;][et_pb_text module_class=&#8221;introtext&#8221; _builder_version=&#8221;4.9.7&#8243; hover_enabled=&#8221;0&#8243; sticky_enabled=&#8221;0&#8243;] Bon mois de la Fiert\u00e9! Joyeux Mois de la Fiert\u00e9 \u00e0 tous les membres de notre communaut\u00e9 de ski qui s&#8217;identifient comme 2ELGBTQI+. Nordiq Canada est [&hellip;]<\/p>\n","protected":false},"author":37,"featured_media":14054,"parent":0,"menu_order":0,"comment_status":"closed","ping_status":"closed","template":"","meta":{"_et_pb_use_builder":"on","_et_pb_old_content":"","_et_gb_content_width":"","footnotes":""},"class_list":["post-14100","page","type-page","status-publish","has-post-thumbnail","hentry"],"yoast_head":"<!-- This site is optimized with the Yoast SEO plugin v27.4 - https:\/\/yoast.com\/product\/yoast-seo-wordpress\/ -->\n<title>Pride Month - Nordiq Canada<\/title>\n<meta name=\"description\" content=\"In a continued effort to make sport a safer place for all to enjoy, Nordiq Canada is committed to being a community leader in the discussion of inclusivity and equality in sport\" \/>\n<meta name=\"robots\" content=\"index, follow, max-snippet:-1, max-image-preview:large, max-video-preview:-1\" \/>\n<link rel=\"canonical\" href=\"https:\/\/nordiqcanada.ca\/fr\/pride-month\/\" \/>\n<meta property=\"og:locale\" content=\"fr_FR\" \/>\n<meta property=\"og:type\" content=\"article\" \/>\n<meta property=\"og:title\" content=\"Pride Month - Nordiq Canada\" \/>\n<meta property=\"og:description\" content=\"In a continued effort to make sport a safer place for all to enjoy, Nordiq Canada is committed to being a community leader in the discussion of inclusivity and equality in sport\" \/>\n<meta property=\"og:url\" content=\"https:\/\/nordiqcanada.ca\/fr\/pride-month\/\" \/>\n<meta property=\"og:site_name\" content=\"Nordiq Canada\" \/>\n<meta property=\"article:modified_time\" content=\"2023-05-31T23:12:32+00:00\" \/>\n<meta property=\"og:image\" content=\"https:\/\/nordiqcanada.ca\/wp-content\/uploads\/493A0927-scaled.jpg\" \/>\n\t<meta property=\"og:image:width\" content=\"1920\" \/>\n\t<meta property=\"og:image:height\" content=\"1280\" \/>\n\t<meta property=\"og:image:type\" content=\"image\/jpeg\" \/>\n<meta name=\"twitter:card\" content=\"summary_large_image\" \/>\n<meta name=\"twitter:label1\" content=\"Dur\u00e9e de lecture estim\u00e9e\" \/>\n\t<meta name=\"twitter:data1\" content=\"2 minutes\" \/>\n<script type=\"application\/ld+json\" class=\"yoast-schema-graph\">{\"@context\":\"https:\\\/\\\/schema.org\",\"@graph\":[{\"@type\":\"WebPage\",\"@id\":\"https:\\\/\\\/nordiqcanada.ca\\\/fr\\\/pride-month\\\/\",\"url\":\"https:\\\/\\\/nordiqcanada.ca\\\/fr\\\/pride-month\\\/\",\"name\":\"Pride Month - Nordiq Canada\",\"isPartOf\":{\"@id\":\"https:\\\/\\\/nordiqcanada.ca\\\/fr\\\/#website\"},\"primaryImageOfPage\":{\"@id\":\"https:\\\/\\\/nordiqcanada.ca\\\/fr\\\/pride-month\\\/#primaryimage\"},\"image\":{\"@id\":\"https:\\\/\\\/nordiqcanada.ca\\\/fr\\\/pride-month\\\/#primaryimage\"},\"thumbnailUrl\":\"https:\\\/\\\/nordiqcanada.ca\\\/wp-content\\\/uploads\\\/493A0927-scaled.jpg\",\"datePublished\":\"2022-05-26T19:57:19+00:00\",\"dateModified\":\"2023-05-31T23:12:32+00:00\",\"description\":\"In a continued effort to make sport a safer place for all to enjoy, Nordiq Canada is committed to being a community leader in the discussion of inclusivity and equality in sport\",\"breadcrumb\":{\"@id\":\"https:\\\/\\\/nordiqcanada.ca\\\/fr\\\/pride-month\\\/#breadcrumb\"},\"inLanguage\":\"fr-FR\",\"potentialAction\":[{\"@type\":\"ReadAction\",\"target\":[\"https:\\\/\\\/nordiqcanada.ca\\\/fr\\\/pride-month\\\/\"]}]},{\"@type\":\"ImageObject\",\"inLanguage\":\"fr-FR\",\"@id\":\"https:\\\/\\\/nordiqcanada.ca\\\/fr\\\/pride-month\\\/#primaryimage\",\"url\":\"https:\\\/\\\/nordiqcanada.ca\\\/wp-content\\\/uploads\\\/493A0927-scaled.jpg\",\"contentUrl\":\"https:\\\/\\\/nordiqcanada.ca\\\/wp-content\\\/uploads\\\/493A0927-scaled.jpg\",\"width\":1920,\"height\":1280},{\"@type\":\"BreadcrumbList\",\"@id\":\"https:\\\/\\\/nordiqcanada.ca\\\/fr\\\/pride-month\\\/#breadcrumb\",\"itemListElement\":[{\"@type\":\"ListItem\",\"position\":1,\"name\":\"Home\",\"item\":\"https:\\\/\\\/nordiqcanada.ca\\\/fr\\\/\"},{\"@type\":\"ListItem\",\"position\":2,\"name\":\"Pride Month\"}]},{\"@type\":\"WebSite\",\"@id\":\"https:\\\/\\\/nordiqcanada.ca\\\/fr\\\/#website\",\"url\":\"https:\\\/\\\/nordiqcanada.ca\\\/fr\\\/\",\"name\":\"Nordiq Canada\",\"description\":\"\",\"publisher\":{\"@id\":\"https:\\\/\\\/nordiqcanada.ca\\\/fr\\\/#organization\"},\"potentialAction\":[{\"@type\":\"SearchAction\",\"target\":{\"@type\":\"EntryPoint\",\"urlTemplate\":\"https:\\\/\\\/nordiqcanada.ca\\\/fr\\\/?s={search_term_string}\"},\"query-input\":{\"@type\":\"PropertyValueSpecification\",\"valueRequired\":true,\"valueName\":\"search_term_string\"}}],\"inLanguage\":\"fr-FR\"},{\"@type\":\"Organization\",\"@id\":\"https:\\\/\\\/nordiqcanada.ca\\\/fr\\\/#organization\",\"name\":\"Nordiq Canada\",\"url\":\"https:\\\/\\\/nordiqcanada.ca\\\/fr\\\/\",\"logo\":{\"@type\":\"ImageObject\",\"inLanguage\":\"fr-FR\",\"@id\":\"https:\\\/\\\/nordiqcanada.ca\\\/fr\\\/#\\\/schema\\\/logo\\\/image\\\/\",\"url\":\"https:\\\/\\\/nordiqcanada.ca\\\/wp-content\\\/uploads\\\/Nordiq-Canada_stacked-logo.png\",\"contentUrl\":\"https:\\\/\\\/nordiqcanada.ca\\\/wp-content\\\/uploads\\\/Nordiq-Canada_stacked-logo.png\",\"width\":600,\"height\":721,\"caption\":\"Nordiq Canada\"},\"image\":{\"@id\":\"https:\\\/\\\/nordiqcanada.ca\\\/fr\\\/#\\\/schema\\\/logo\\\/image\\\/\"}}]}<\/script>\n<!-- \/ Yoast SEO plugin. -->","yoast_head_json":{"title":"Pride Month - Nordiq Canada","description":"In a continued effort to make sport a safer place for all to enjoy, Nordiq Canada is committed to being a community leader in the discussion of inclusivity and equality in sport","robots":{"index":"index","follow":"follow","max-snippet":"max-snippet:-1","max-image-preview":"max-image-preview:large","max-video-preview":"max-video-preview:-1"},"canonical":"https:\/\/nordiqcanada.ca\/fr\/pride-month\/","og_locale":"fr_FR","og_type":"article","og_title":"Pride Month - Nordiq Canada","og_description":"In a continued effort to make sport a safer place for all to enjoy, Nordiq Canada is committed to being a community leader in the discussion of inclusivity and equality in sport","og_url":"https:\/\/nordiqcanada.ca\/fr\/pride-month\/","og_site_name":"Nordiq Canada","article_modified_time":"2023-05-31T23:12:32+00:00","og_image":[{"width":1920,"height":1280,"url":"https:\/\/nordiqcanada.ca\/wp-content\/uploads\/493A0927-scaled.jpg","type":"image\/jpeg"}],"twitter_card":"summary_large_image","twitter_misc":{"Dur\u00e9e de lecture estim\u00e9e":"2 minutes"},"schema":{"@context":"https:\/\/schema.org","@graph":[{"@type":"WebPage","@id":"https:\/\/nordiqcanada.ca\/fr\/pride-month\/","url":"https:\/\/nordiqcanada.ca\/fr\/pride-month\/","name":"Pride Month - Nordiq Canada","isPartOf":{"@id":"https:\/\/nordiqcanada.ca\/fr\/#website"},"primaryImageOfPage":{"@id":"https:\/\/nordiqcanada.ca\/fr\/pride-month\/#primaryimage"},"image":{"@id":"https:\/\/nordiqcanada.ca\/fr\/pride-month\/#primaryimage"},"thumbnailUrl":"https:\/\/nordiqcanada.ca\/wp-content\/uploads\/493A0927-scaled.jpg","datePublished":"2022-05-26T19:57:19+00:00","dateModified":"2023-05-31T23:12:32+00:00","description":"In a continued effort to make sport a safer place for all to enjoy, Nordiq Canada is committed to being a community leader in the discussion of inclusivity and equality in sport","breadcrumb":{"@id":"https:\/\/nordiqcanada.ca\/fr\/pride-month\/#breadcrumb"},"inLanguage":"fr-FR","potentialAction":[{"@type":"ReadAction","target":["https:\/\/nordiqcanada.ca\/fr\/pride-month\/"]}]},{"@type":"ImageObject","inLanguage":"fr-FR","@id":"https:\/\/nordiqcanada.ca\/fr\/pride-month\/#primaryimage","url":"https:\/\/nordiqcanada.ca\/wp-content\/uploads\/493A0927-scaled.jpg","contentUrl":"https:\/\/nordiqcanada.ca\/wp-content\/uploads\/493A0927-scaled.jpg","width":1920,"height":1280},{"@type":"BreadcrumbList","@id":"https:\/\/nordiqcanada.ca\/fr\/pride-month\/#breadcrumb","itemListElement":[{"@type":"ListItem","position":1,"name":"Home","item":"https:\/\/nordiqcanada.ca\/fr\/"},{"@type":"ListItem","position":2,"name":"Pride Month"}]},{"@type":"WebSite","@id":"https:\/\/nordiqcanada.ca\/fr\/#website","url":"https:\/\/nordiqcanada.ca\/fr\/","name":"Nordiq Canada","description":"","publisher":{"@id":"https:\/\/nordiqcanada.ca\/fr\/#organization"},"potentialAction":[{"@type":"SearchAction","target":{"@type":"EntryPoint","urlTemplate":"https:\/\/nordiqcanada.ca\/fr\/?s={search_term_string}"},"query-input":{"@type":"PropertyValueSpecification","valueRequired":true,"valueName":"search_term_string"}}],"inLanguage":"fr-FR"},{"@type":"Organization","@id":"https:\/\/nordiqcanada.ca\/fr\/#organization","name":"Nordiq Canada","url":"https:\/\/nordiqcanada.ca\/fr\/","logo":{"@type":"ImageObject","inLanguage":"fr-FR","@id":"https:\/\/nordiqcanada.ca\/fr\/#\/schema\/logo\/image\/","url":"https:\/\/nordiqcanada.ca\/wp-content\/uploads\/Nordiq-Canada_stacked-logo.png","contentUrl":"https:\/\/nordiqcanada.ca\/wp-content\/uploads\/Nordiq-Canada_stacked-logo.png","width":600,"height":721,"caption":"Nordiq Canada"},"image":{"@id":"https:\/\/nordiqcanada.ca\/fr\/#\/schema\/logo\/image\/"}}]}},"_links":{"self":[{"href":"https:\/\/nordiqcanada.ca\/fr\/wp-json\/wp\/v2\/pages\/14100","targetHints":{"allow":["GET"]}}],"collection":[{"href":"https:\/\/nordiqcanada.ca\/fr\/wp-json\/wp\/v2\/pages"}],"about":[{"href":"https:\/\/nordiqcanada.ca\/fr\/wp-json\/wp\/v2\/types\/page"}],"author":[{"embeddable":true,"href":"https:\/\/nordiqcanada.ca\/fr\/wp-json\/wp\/v2\/users\/37"}],"replies":[{"embeddable":true,"href":"https:\/\/nordiqcanada.ca\/fr\/wp-json\/wp\/v2\/comments?post=14100"}],"version-history":[{"count":0,"href":"https:\/\/nordiqcanada.ca\/fr\/wp-json\/wp\/v2\/pages\/14100\/revisions"}],"wp:featuredmedia":[{"embeddable":true,"href":"https:\/\/nordiqcanada.ca\/fr\/wp-json\/wp\/v2\/media\/14054"}],"wp:attachment":[{"href":"https:\/\/nordiqcanada.ca\/fr\/wp-json\/wp\/v2\/media?parent=14100"}],"curies":[{"name":"wp","href":"https:\/\/api.w.org\/{rel}","templated":true}]}}