{"id":17163,"date":"2023-10-03T16:08:30","date_gmt":"2023-10-03T22:08:30","guid":{"rendered":"https:\/\/nordiqcanada.ca\/centre-des-athletes\/selection-criteria\/"},"modified":"2026-02-11T19:44:06","modified_gmt":"2026-02-12T02:44:06","slug":"criteres-de-selection","status":"publish","type":"page","link":"https:\/\/nordiqcanada.ca\/fr\/centre-des-athletes\/criteres-de-selection\/","title":{"rendered":"Crit\u00e8res de s\u00e9lection"},"content":{"rendered":"<p>[et_pb_section fb_built=&#8221;1&#8243; admin_label=&#8221;Top of page banner&#8221; _builder_version=&#8221;3.26.5&#8243; custom_margin=&#8221;0px||0px||false|false&#8221; custom_padding=&#8221;0px||0px||false|false&#8221;][et_pb_row _builder_version=&#8221;3.26.3&#8243; width=&#8221;100%&#8221; max_width=&#8221;100%&#8221; custom_margin=&#8221;0px||0px||false|false&#8221; custom_padding=&#8221;0px||0px||false|false&#8221;][et_pb_column type=&#8221;4_4&#8243; _builder_version=&#8221;3.26.3&#8243;][et_pb_image src=&#8221;https:\/\/nordiqcanada.ca\/wp-content\/uploads\/Selection-Criteria-copy.jpg&#8221; title_text=&#8221;Selection Criteria copy&#8221; force_fullwidth=&#8221;on&#8221; _builder_version=&#8221;4.9.7&#8243;][\/et_pb_image][\/et_pb_column][\/et_pb_row][\/et_pb_section][et_pb_section fb_built=&#8221;1&#8243; specialty=&#8221;on&#8221; _builder_version=&#8221;3.26.6&#8243;][et_pb_column type=&#8221;1_4&#8243; _builder_version=&#8221;3.25&#8243; custom_padding=&#8221;|||&#8221; custom_padding__hover=&#8221;|||&#8221;][et_pb_text _builder_version=&#8221;3.27.4&#8243;][et_pb_section global_module=\"1270\"][\/et_pb_section][\/et_pb_text][\/et_pb_column][et_pb_column type=&#8221;3_4&#8243; specialty_columns=&#8221;3&#8243; _builder_version=&#8221;3.25&#8243; custom_padding=&#8221;|||&#8221; custom_padding__hover=&#8221;|||&#8221;][et_pb_row_inner _builder_version=&#8221;3.26.6&#8243; custom_margin=&#8221;0px||0px||false|false&#8221; custom_padding=&#8221;0px||0px||false|false&#8221;][et_pb_column_inner saved_specialty_column_type=&#8221;3_4&#8243; _builder_version=&#8221;3.26.6&#8243;][et_pb_text module_class=&#8221;introtext&#8221; _builder_version=&#8221;4.9.7&#8243;]<\/p>\n<h3 class=\"LC20lb MBeuO DKV0Md\">Crit\u00e8res de s\u00e9lection<\/h3>\n<p><a href=\"https:\/\/nordiqcanada.ca\/wp-content\/uploads\/2025-Revisions-Team-Selection-Nomination-and-Annoucement-Policy-FR.pdf\" target=\"_blank\" rel=\"noopener noreferrer\" data-wpel-link=\"internal\">S\u00e9lection, nomination et annonce d&#8217;\u00e9quipe<\/a><\/p>\n<p>[\/et_pb_text][\/et_pb_column_inner][\/et_pb_row_inner][et_pb_row_inner _builder_version=&#8221;3.27.4&#8243;][et_pb_column_inner saved_specialty_column_type=&#8221;3_4&#8243; _builder_version=&#8221;3.27.4&#8243;][et_pb_text _builder_version=&#8221;4.9.7&#8243; hover_enabled=&#8221;0&#8243; sticky_enabled=&#8221;0&#8243;]<\/p>\n<h2>Crit\u00e8res de s\u00e9lection-Volet Olympique<\/h2>\n<ul>\n<li><a href=\"https:\/\/nordiqcanada.ca\/wp-content\/uploads\/2026-Olympic-Winter-Games-INP-Final-FR.pdf\">Crit\u00e8res de s\u00e9lection pour les Jeux olympiques d\u2019hiver de 2026 (proc\u00e9dure de nomination interne) \u2013 mise \u00e0 jour du 28 ao\u00fbt<\/a><\/li>\n<li><a href=\"https:\/\/nordiqcanada.ca\/wp-content\/uploads\/2025-26-Competition-Trip-Selection-Criteria-FR-Final-version-amended-Oct-17-FR.pdf\">Crit\u00e8res de s\u00e9lection des Voyages de comp\u00e9tition 2025-26 &#8211; mise \u00e0 jour du 17 octobre<\/a><\/li>\n<li>\u200b<a href=\"http:\/\/2025-26 \u200bMeneurs de la coupe continentale \u200bcrit\u00e8res de s\u00e9lection mise \u00e0 jour 19 nov\" data-wplink-url-error=\"true\">Meneurs de la coupe continentale \u200bcrit\u00e8res de s\u00e9lection 2025-26 &#8211; mise \u00e0 jour du 19 novembre<\/a><\/li>\n<li><a href=\"https:\/\/nordiqcanada.ca\/wp-content\/uploads\/2026-27-National-Ski-Team-Selection-Criteria-V2-FR-2.pdf\">Crit\u00e8res de s\u00e9lection \u00e9quipe nationale de ski 2026-27 &#8211; mise \u00e0 jour du 10 f\u00e9vrier<\/a><\/li>\n<li><a href=\"https:\/\/nordiqcanada.ca\/wp-content\/uploads\/2026-27-AAP-Carding-Criteria-V4-FR-4.pdf\">Crit\u00e8res de s\u00e9lection programme d\u2019aide aux athl\u00e8tes 2026-27 \u2013 OLY &#8211; mise \u00e0 jour du 10 f\u00e9vrier<\/a><\/li>\n<li><a href=\"https:\/\/nordiqcanada.ca\/wp-content\/uploads\/2026-27-Competition-Trip-Selection-Criteria-FR-1.pdf\">Crit\u00e8res de s\u00e9lection des Voyages de comp\u00e9tition 2026-27\u00a0<\/a><\/li>\n<\/ul>\n<p>&nbsp;<\/p>\n<h3>Plus d&#8217;informations<\/h3>\n<ul>\n<li><a href=\"https:\/\/nordiqcanada.ca\/wp-content\/uploads\/INDIVIDUAL-ATHLETE-PERFORMANCE-PLAN-FINAL_FR-1.pdf\">7 \u00e9tapes pour b\u00e2tir un plan de performance individuel de l&#8217;athl\u00e8te (PPIA)<\/a><\/li>\n<li><a href=\"https:\/\/nordiqcanada.ca\/wp-content\/uploads\/OLY-Athlete-Handbook-2025-26-FR.pdf\">2025-26 Programme olympique Guide de l\u2019athl\u00e8te<\/a><\/li>\n<li><a href=\"https:\/\/nordiqcanada.ca\/wp-content\/uploads\/Para-Nordic-Athlete-Handbook-2025-26-FR-1.pdf\">2025-26 Programme Paranordique Guide de l\u2019athl\u00e8te<\/a><\/li>\n<\/ul>\n<p>&nbsp;<\/p>\n<h2>Crit\u00e8res de s\u00e9lection-Volet paranordique<\/h2>\n<ul>\n<li><a href=\"https:\/\/nordiqcanada.ca\/wp-content\/uploads\/2025-26-Para-Nordic-Competition-Selection-Criteria-FR.pdf\">Crit\u00e8res de s\u00e9lection des voyages de comp\u00e9tition paranordiques 2025-26 &#8211; Mise \u00e0 jour du 28 novembre<\/a><\/li>\n<li><a href=\"https:\/\/nordiqcanada.ca\/wp-content\/uploads\/2026-Paralympic-Milano-Cortino-Winter-Games-INP-FR-amende-Nov-27.pdf\">2026 Jeux paralympiques d\u2019hiver (procedure de nomination interne) &#8211; mise \u00e0 jour du 29 novembre<\/a><\/li>\n<li><a href=\"https:\/\/nordiqcanada.ca\/wp-content\/uploads\/2026-27-PN-AAP-Carding-Criteria-FR.pdf\">Crit\u00e8res de s\u00e9lection Programme d\u2019aide aux athl\u00e8tes (PAA) paranordique 2026-27<\/a><\/li>\n<li><a href=\"https:\/\/nordiqcanada.ca\/wp-content\/uploads\/2026-27-Para-National-Ski-Team-Selection-Criteria-Final-REV-FR-1.pdf\">Crit\u00e8res de s\u00e9lection \u00c9quipe nationale de ski paranordique 2026-27<\/a><\/li>\n<\/ul>\n<p>&nbsp;<\/p>\n<p>&nbsp;<\/p>\n<p>[\/et_pb_text][\/et_pb_column_inner][\/et_pb_row_inner][et_pb_row_inner _builder_version=&#8221;4.9.7&#8243; _module_preset=&#8221;default&#8221;][et_pb_column_inner saved_specialty_column_type=&#8221;3_4&#8243; _builder_version=&#8221;4.9.7&#8243; _module_preset=&#8221;default&#8221;][et_pb_button button_url=&#8221;https:\/\/nordiqcanada.ca\/fr\/nouvelles\/?wpv_view_count=8746&#038;wpv-news-category=justification-de-la-selection&#038;wpv_filter_submit=Filtre&#8221; button_text=&#8221;R\u00e9sum\u00e9 pr\u00e9c\u00e9dent et justification des s\u00e9lections dans la section Actualit\u00e9s&#8221; button_alignment=&#8221;left&#8221; _builder_version=&#8221;4.9.7&#8243; _module_preset=&#8221;default&#8221; custom_button=&#8221;on&#8221; button_text_color=&#8221;#FFFFFF&#8221; button_bg_color=&#8221;#E02B20&#8243; button_use_icon=&#8221;off&#8221;][\/et_pb_button][\/et_pb_column_inner][\/et_pb_row_inner][\/et_pb_column][\/et_pb_section][et_pb_section fb_built=&#8221;1&#8243; fullwidth=&#8221;on&#8221; admin_label=&#8221;Full Footer&#8221; _builder_version=&#8221;4.9.7&#8243; _module_preset=&#8221;default&#8221; global_module=&#8221;13146&#8243; locked=&#8221;on&#8221;][et_pb_fullwidth_code _builder_version=&#8221;4.9.7&#8243; _module_preset=&#8221;default&#8221; locked=&#8221;off&#8221;][et_pb_section global_module=\"13251\"][\/et_pb_section]<!-- [et_pb_line_break_holder] -->[et_pb_section global_module=\"13248\"][\/et_pb_section]<!-- [et_pb_line_break_holder] -->[et_pb_section global_module=\"13097\"][\/et_pb_section]<!-- [et_pb_line_break_holder] -->[et_pb_section global_module=\"13100\"][\/et_pb_section][\/et_pb_fullwidth_code][\/et_pb_section]<\/p>\n","protected":false},"excerpt":{"rendered":"<p>[et_pb_section fb_built=&#8221;1&#8243; admin_label=&#8221;Top of page banner&#8221; _builder_version=&#8221;3.26.5&#8243; custom_margin=&#8221;0px||0px||false|false&#8221; custom_padding=&#8221;0px||0px||false|false&#8221;][et_pb_row _builder_version=&#8221;3.26.3&#8243; width=&#8221;100%&#8221; max_width=&#8221;100%&#8221; custom_margin=&#8221;0px||0px||false|false&#8221; custom_padding=&#8221;0px||0px||false|false&#8221;][et_pb_column type=&#8221;4_4&#8243; _builder_version=&#8221;3.26.3&#8243;][et_pb_image src=&#8221;https:\/\/nordiqcanada.ca\/wp-content\/uploads\/Selection-Criteria-copy.jpg&#8221; title_text=&#8221;Selection Criteria copy&#8221; force_fullwidth=&#8221;on&#8221; _builder_version=&#8221;4.9.7&#8243;][\/et_pb_image][\/et_pb_column][\/et_pb_row][\/et_pb_section][et_pb_section fb_built=&#8221;1&#8243; specialty=&#8221;on&#8221; _builder_version=&#8221;3.26.6&#8243;][et_pb_column type=&#8221;1_4&#8243; _builder_version=&#8221;3.25&#8243; custom_padding=&#8221;|||&#8221; custom_padding__hover=&#8221;|||&#8221;][et_pb_text _builder_version=&#8221;3.27.4&#8243;][\/et_pb_text][\/et_pb_column][et_pb_column type=&#8221;3_4&#8243; specialty_columns=&#8221;3&#8243; _builder_version=&#8221;3.25&#8243; custom_padding=&#8221;|||&#8221; custom_padding__hover=&#8221;|||&#8221;][et_pb_row_inner _builder_version=&#8221;3.26.6&#8243; custom_margin=&#8221;0px||0px||false|false&#8221; custom_padding=&#8221;0px||0px||false|false&#8221;][et_pb_column_inner saved_specialty_column_type=&#8221;3_4&#8243; _builder_version=&#8221;3.26.6&#8243;][et_pb_text module_class=&#8221;introtext&#8221; _builder_version=&#8221;4.9.7&#8243;] Crit\u00e8res de s\u00e9lection S\u00e9lection, nomination et annonce d&#8217;\u00e9quipe [\/et_pb_text][\/et_pb_column_inner][\/et_pb_row_inner][et_pb_row_inner _builder_version=&#8221;3.27.4&#8243;][et_pb_column_inner saved_specialty_column_type=&#8221;3_4&#8243; _builder_version=&#8221;3.27.4&#8243;][et_pb_text _builder_version=&#8221;4.9.7&#8243; [&hellip;]<\/p>\n","protected":false},"author":37,"featured_media":0,"parent":4235,"menu_order":0,"comment_status":"closed","ping_status":"closed","template":"","meta":{"_et_pb_use_builder":"on","_et_pb_old_content":"","_et_gb_content_width":"","footnotes":""},"class_list":["post-17163","page","type-page","status-publish","hentry"],"yoast_head":"<!-- This site is optimized with the Yoast SEO plugin v27.3 - https:\/\/yoast.com\/product\/yoast-seo-wordpress\/ -->\n<title>Crit\u00e8res de s\u00e9lection - Nordiq Canada<\/title>\n<meta name=\"description\" content=\"Crit\u00e8res de s\u00e9lection\" \/>\n<meta name=\"robots\" content=\"index, follow, max-snippet:-1, max-image-preview:large, max-video-preview:-1\" \/>\n<link rel=\"canonical\" href=\"https:\/\/nordiqcanada.ca\/fr\/centre-des-athletes\/criteres-de-selection\/\" \/>\n<meta property=\"og:locale\" content=\"fr_FR\" \/>\n<meta property=\"og:type\" content=\"article\" \/>\n<meta property=\"og:title\" content=\"Crit\u00e8res de s\u00e9lection - Nordiq Canada\" \/>\n<meta property=\"og:description\" content=\"Crit\u00e8res de s\u00e9lection\" \/>\n<meta property=\"og:url\" content=\"https:\/\/nordiqcanada.ca\/fr\/centre-des-athletes\/criteres-de-selection\/\" \/>\n<meta property=\"og:site_name\" content=\"Nordiq Canada\" \/>\n<meta property=\"article:modified_time\" content=\"2026-02-12T02:44:06+00:00\" \/>\n<meta name=\"twitter:card\" content=\"summary_large_image\" \/>\n<meta name=\"twitter:label1\" content=\"Dur\u00e9e de lecture estim\u00e9e\" \/>\n\t<meta name=\"twitter:data1\" content=\"9 minutes\" \/>\n<script type=\"application\/ld+json\" class=\"yoast-schema-graph\">{\"@context\":\"https:\\\/\\\/schema.org\",\"@graph\":[{\"@type\":\"WebPage\",\"@id\":\"https:\\\/\\\/nordiqcanada.ca\\\/fr\\\/centre-des-athletes\\\/criteres-de-selection\\\/\",\"url\":\"https:\\\/\\\/nordiqcanada.ca\\\/fr\\\/centre-des-athletes\\\/criteres-de-selection\\\/\",\"name\":\"Crit\u00e8res de s\u00e9lection - Nordiq Canada\",\"isPartOf\":{\"@id\":\"https:\\\/\\\/nordiqcanada.ca\\\/fr\\\/#website\"},\"datePublished\":\"2023-10-03T22:08:30+00:00\",\"dateModified\":\"2026-02-12T02:44:06+00:00\",\"description\":\"Crit\u00e8res de s\u00e9lection\",\"breadcrumb\":{\"@id\":\"https:\\\/\\\/nordiqcanada.ca\\\/fr\\\/centre-des-athletes\\\/criteres-de-selection\\\/#breadcrumb\"},\"inLanguage\":\"fr-FR\",\"potentialAction\":[{\"@type\":\"ReadAction\",\"target\":[\"https:\\\/\\\/nordiqcanada.ca\\\/fr\\\/centre-des-athletes\\\/criteres-de-selection\\\/\"]}]},{\"@type\":\"BreadcrumbList\",\"@id\":\"https:\\\/\\\/nordiqcanada.ca\\\/fr\\\/centre-des-athletes\\\/criteres-de-selection\\\/#breadcrumb\",\"itemListElement\":[{\"@type\":\"ListItem\",\"position\":1,\"name\":\"Home\",\"item\":\"https:\\\/\\\/nordiqcanada.ca\\\/fr\\\/\"},{\"@type\":\"ListItem\",\"position\":2,\"name\":\"Centre des athl\u00e8tes\",\"item\":\"https:\\\/\\\/nordiqcanada.ca\\\/fr\\\/centre-des-athletes\\\/\"},{\"@type\":\"ListItem\",\"position\":3,\"name\":\"Crit\u00e8res de s\u00e9lection\"}]},{\"@type\":\"WebSite\",\"@id\":\"https:\\\/\\\/nordiqcanada.ca\\\/fr\\\/#website\",\"url\":\"https:\\\/\\\/nordiqcanada.ca\\\/fr\\\/\",\"name\":\"Nordiq Canada\",\"description\":\"\",\"publisher\":{\"@id\":\"https:\\\/\\\/nordiqcanada.ca\\\/fr\\\/#organization\"},\"potentialAction\":[{\"@type\":\"SearchAction\",\"target\":{\"@type\":\"EntryPoint\",\"urlTemplate\":\"https:\\\/\\\/nordiqcanada.ca\\\/fr\\\/?s={search_term_string}\"},\"query-input\":{\"@type\":\"PropertyValueSpecification\",\"valueRequired\":true,\"valueName\":\"search_term_string\"}}],\"inLanguage\":\"fr-FR\"},{\"@type\":\"Organization\",\"@id\":\"https:\\\/\\\/nordiqcanada.ca\\\/fr\\\/#organization\",\"name\":\"Nordiq Canada\",\"url\":\"https:\\\/\\\/nordiqcanada.ca\\\/fr\\\/\",\"logo\":{\"@type\":\"ImageObject\",\"inLanguage\":\"fr-FR\",\"@id\":\"https:\\\/\\\/nordiqcanada.ca\\\/fr\\\/#\\\/schema\\\/logo\\\/image\\\/\",\"url\":\"https:\\\/\\\/nordiqcanada.ca\\\/wp-content\\\/uploads\\\/Nordiq-Canada_stacked-logo.png\",\"contentUrl\":\"https:\\\/\\\/nordiqcanada.ca\\\/wp-content\\\/uploads\\\/Nordiq-Canada_stacked-logo.png\",\"width\":600,\"height\":721,\"caption\":\"Nordiq Canada\"},\"image\":{\"@id\":\"https:\\\/\\\/nordiqcanada.ca\\\/fr\\\/#\\\/schema\\\/logo\\\/image\\\/\"}}]}<\/script>\n<!-- \/ Yoast SEO plugin. -->","yoast_head_json":{"title":"Crit\u00e8res de s\u00e9lection - Nordiq Canada","description":"Crit\u00e8res de s\u00e9lection","robots":{"index":"index","follow":"follow","max-snippet":"max-snippet:-1","max-image-preview":"max-image-preview:large","max-video-preview":"max-video-preview:-1"},"canonical":"https:\/\/nordiqcanada.ca\/fr\/centre-des-athletes\/criteres-de-selection\/","og_locale":"fr_FR","og_type":"article","og_title":"Crit\u00e8res de s\u00e9lection - Nordiq Canada","og_description":"Crit\u00e8res de s\u00e9lection","og_url":"https:\/\/nordiqcanada.ca\/fr\/centre-des-athletes\/criteres-de-selection\/","og_site_name":"Nordiq Canada","article_modified_time":"2026-02-12T02:44:06+00:00","twitter_card":"summary_large_image","twitter_misc":{"Dur\u00e9e de lecture estim\u00e9e":"9 minutes"},"schema":{"@context":"https:\/\/schema.org","@graph":[{"@type":"WebPage","@id":"https:\/\/nordiqcanada.ca\/fr\/centre-des-athletes\/criteres-de-selection\/","url":"https:\/\/nordiqcanada.ca\/fr\/centre-des-athletes\/criteres-de-selection\/","name":"Crit\u00e8res de s\u00e9lection - Nordiq Canada","isPartOf":{"@id":"https:\/\/nordiqcanada.ca\/fr\/#website"},"datePublished":"2023-10-03T22:08:30+00:00","dateModified":"2026-02-12T02:44:06+00:00","description":"Crit\u00e8res de s\u00e9lection","breadcrumb":{"@id":"https:\/\/nordiqcanada.ca\/fr\/centre-des-athletes\/criteres-de-selection\/#breadcrumb"},"inLanguage":"fr-FR","potentialAction":[{"@type":"ReadAction","target":["https:\/\/nordiqcanada.ca\/fr\/centre-des-athletes\/criteres-de-selection\/"]}]},{"@type":"BreadcrumbList","@id":"https:\/\/nordiqcanada.ca\/fr\/centre-des-athletes\/criteres-de-selection\/#breadcrumb","itemListElement":[{"@type":"ListItem","position":1,"name":"Home","item":"https:\/\/nordiqcanada.ca\/fr\/"},{"@type":"ListItem","position":2,"name":"Centre des athl\u00e8tes","item":"https:\/\/nordiqcanada.ca\/fr\/centre-des-athletes\/"},{"@type":"ListItem","position":3,"name":"Crit\u00e8res de s\u00e9lection"}]},{"@type":"WebSite","@id":"https:\/\/nordiqcanada.ca\/fr\/#website","url":"https:\/\/nordiqcanada.ca\/fr\/","name":"Nordiq Canada","description":"","publisher":{"@id":"https:\/\/nordiqcanada.ca\/fr\/#organization"},"potentialAction":[{"@type":"SearchAction","target":{"@type":"EntryPoint","urlTemplate":"https:\/\/nordiqcanada.ca\/fr\/?s={search_term_string}"},"query-input":{"@type":"PropertyValueSpecification","valueRequired":true,"valueName":"search_term_string"}}],"inLanguage":"fr-FR"},{"@type":"Organization","@id":"https:\/\/nordiqcanada.ca\/fr\/#organization","name":"Nordiq Canada","url":"https:\/\/nordiqcanada.ca\/fr\/","logo":{"@type":"ImageObject","inLanguage":"fr-FR","@id":"https:\/\/nordiqcanada.ca\/fr\/#\/schema\/logo\/image\/","url":"https:\/\/nordiqcanada.ca\/wp-content\/uploads\/Nordiq-Canada_stacked-logo.png","contentUrl":"https:\/\/nordiqcanada.ca\/wp-content\/uploads\/Nordiq-Canada_stacked-logo.png","width":600,"height":721,"caption":"Nordiq Canada"},"image":{"@id":"https:\/\/nordiqcanada.ca\/fr\/#\/schema\/logo\/image\/"}}]}},"_links":{"self":[{"href":"https:\/\/nordiqcanada.ca\/fr\/wp-json\/wp\/v2\/pages\/17163","targetHints":{"allow":["GET"]}}],"collection":[{"href":"https:\/\/nordiqcanada.ca\/fr\/wp-json\/wp\/v2\/pages"}],"about":[{"href":"https:\/\/nordiqcanada.ca\/fr\/wp-json\/wp\/v2\/types\/page"}],"author":[{"embeddable":true,"href":"https:\/\/nordiqcanada.ca\/fr\/wp-json\/wp\/v2\/users\/37"}],"replies":[{"embeddable":true,"href":"https:\/\/nordiqcanada.ca\/fr\/wp-json\/wp\/v2\/comments?post=17163"}],"version-history":[{"count":0,"href":"https:\/\/nordiqcanada.ca\/fr\/wp-json\/wp\/v2\/pages\/17163\/revisions"}],"up":[{"embeddable":true,"href":"https:\/\/nordiqcanada.ca\/fr\/wp-json\/wp\/v2\/pages\/4235"}],"wp:attachment":[{"href":"https:\/\/nordiqcanada.ca\/fr\/wp-json\/wp\/v2\/media?parent=17163"}],"curies":[{"name":"wp","href":"https:\/\/api.w.org\/{rel}","templated":true}]}}