{"id":18204,"date":"2024-02-29T13:59:18","date_gmt":"2024-02-29T20:59:18","guid":{"rendered":"https:\/\/nordiqcanada.ca\/?page_id=18204"},"modified":"2024-03-01T09:16:02","modified_gmt":"2024-03-01T16:16:02","slug":"ski-playground","status":"publish","type":"page","link":"https:\/\/nordiqcanada.ca\/fr\/centre-des-athletes\/ski-playground\/","title":{"rendered":"Terrain de jeu de ski"},"content":{"rendered":"<p>[et_pb_section fb_built=&#8221;1&#8243; admin_label=&#8221;Top of page banner&#8221; _builder_version=&#8221;3.26.5&#8243; custom_margin=&#8221;0px||0px||false|false&#8221; custom_padding=&#8221;0px||0px||false|false&#8221;][et_pb_row _builder_version=&#8221;3.26.3&#8243; width=&#8221;100%&#8221; max_width=&#8221;100%&#8221; custom_margin=&#8221;0px||0px||false|false&#8221; custom_padding=&#8221;0px||0px||false|false&#8221;][et_pb_column type=&#8221;4_4&#8243; _builder_version=&#8221;3.26.3&#8243;][et_pb_image src=&#8221;https:\/\/nordiqcanada.ca\/wp-content\/uploads\/header2-pdf.jpg&#8221; title_text=&#8221;header2&#8243; force_fullwidth=&#8221;on&#8221; _builder_version=&#8221;4.9.7&#8243;][\/et_pb_image][\/et_pb_column][\/et_pb_row][\/et_pb_section][et_pb_section fb_built=&#8221;1&#8243; specialty=&#8221;on&#8221; _builder_version=&#8221;3.26.6&#8243;][et_pb_column type=&#8221;1_4&#8243; _builder_version=&#8221;3.25&#8243; custom_padding=&#8221;|||&#8221; custom_padding__hover=&#8221;|||&#8221;][et_pb_text _builder_version=&#8221;3.27.4&#8243;][et_pb_section global_module=\"1368\"][\/et_pb_section][\/et_pb_text][\/et_pb_column][et_pb_column type=&#8221;3_4&#8243; specialty_columns=&#8221;3&#8243; _builder_version=&#8221;3.25&#8243; custom_padding=&#8221;|||&#8221; custom_padding__hover=&#8221;|||&#8221;][et_pb_row_inner _builder_version=&#8221;3.26.6&#8243; custom_margin=&#8221;0px||0px||false|false&#8221; custom_padding=&#8221;0px||0px||false|false&#8221;][et_pb_column_inner saved_specialty_column_type=&#8221;3_4&#8243; _builder_version=&#8221;3.26.6&#8243;][et_pb_text module_class=&#8221;introtext&#8221; _builder_version=&#8221;4.9.7&#8243;]<\/p>\n<h1><span class=\"NormalTextRun SCXW66704096 BCX0\">Qu\u2019est-ce que l\u2019activit\u00e9 de terrain de jeu de <\/span><span class=\"NormalTextRun ContextualSpellingAndGrammarErrorV2Themed GrammarErrorHighlight SCXW66704096 BCX0\">ski?<\/span><\/h1>\n<p><span class=\"TextRun SCXW141267775 BCX0\" lang=\"FR-CA\" xml:lang=\"FR-CA\" data-contrast=\"auto\"><span class=\"NormalTextRun SCXW141267775 BCX0\">En partenariat avec Sport Canada et gr\u00e2ce \u00e0 la subvention Sport communautaire pour tous, le terrain de jeu de ski est un \u00e9v\u00e9nement multisport qui encourage les participants \u00e0 essayer le ski de fond, le biathlon, le saut \u00e0 ski et le combin\u00e9 nordique dans un environnement s\u00e9curitaire et stimulant. L\u2019\u00e9v\u00e9nement Venez essayer le terrain de jeu de ski est pr\u00e9sent\u00e9 par les clubs et les communaut\u00e9s et appuy\u00e9 par <\/span><span class=\"NormalTextRun SCXW141267775 BCX0\">Nordiq<\/span><span class=\"NormalTextRun SCXW141267775 BCX0\"> Canada, Biathlon Canada, Combin\u00e9 nordique Canada et Saut \u00e0 ski Canada. Le terrain de jeu de ski est une <\/span><\/span><span class=\"TextRun MacChromeBold SCXW141267775 BCX0\" lang=\"FR-CA\" xml:lang=\"FR-CA\" data-contrast=\"auto\"><span class=\"NormalTextRun SCXW141267775 BCX0\">activit\u00e9 gratuite<\/span><\/span><span class=\"TextRun SCXW141267775 BCX0\" lang=\"FR-CA\" xml:lang=\"FR-CA\" data-contrast=\"auto\"><span class=\"NormalTextRun SCXW141267775 BCX0\"> pour les clubs et communaut\u00e9s h\u00f4tes et pour les participants.\u00a0<\/span><\/span><span class=\"EOP SCXW141267775 BCX0\" data-ccp-props=\"{&quot;335559738&quot;:240,&quot;335559739&quot;:240}\">\u00a0<\/span><\/p>\n<p>[\/et_pb_text][et_pb_text _builder_version=&#8221;4.9.7&#8243; hover_enabled=&#8221;0&#8243; sticky_enabled=&#8221;0&#8243;]<\/p>\n<h3>\u00c0 qui est destin\u00e9 le terrain de jeu de ski?<\/h3>\n<p>Le terrain de jeu de ski est con\u00e7u pour tous les \u00e2ges et tous les niveaux d\u2019habilet\u00e9s, avec une mission pour servir les populations dignes d\u2019\u00e9quit\u00e9. Les \u00e9l\u00e9ments du terrain de jeu de ski peuvent \u00eatre b\u00e2tis pour les d\u00e9butants et les habitu\u00e9s avec diff\u00e9rents niveaux de difficult\u00e9.<\/p>\n<h3 style=\"margin-bottom: 20px;\">Trouvez une activit\u00e9 de terrain de jeu de ski pr\u00e8s de chez vous!<\/h3>\n<table class=\"playground\">\n<thead>\n<tr>\n<th>Lieu<\/th>\n<th>Club<\/th>\n<th>Date<\/th>\n<th>Lien du club\/de l\u2019activit\u00e9<\/th>\n<\/tr>\n<\/thead>\n<tbody>\n<tr>\n<td>Penticton, BC<\/td>\n<td>Nickel Plate Nordic<\/td>\n<td>Feb, 18<\/td>\n<td><a href=\"https:\/\/nickelplatenordic.org\/\" target=\"_blank\" rel=\"noopener\">https:\/\/nickelplatenordic.org\/<\/a><\/td>\n<\/tr>\n<tr>\n<td>Fredericton, NB<\/td>\n<td>Wostawea Cross Country Ski Club<\/td>\n<td>Feb 24<\/td>\n<td><a href=\"https:\/\/www.wostawea.ca\/\" target=\"_blank\" rel=\"noopener\">https:\/\/www.wostawea.ca\/<\/a><\/td>\n<\/tr>\n<tr>\n<td>Langham, SK<\/td>\n<td>River Ridge Nordic<\/td>\n<td>March 3<\/td>\n<td><a href=\"https:\/\/www.riverridgenordic.com\/\" target=\"_blank\" rel=\"noopener\">https:\/\/www.riverridgenordic.com\/<\/a><\/td>\n<\/tr>\n<tr>\n<td>Uncas, AB<\/td>\n<td>Strathcona Wilderness Centre<\/td>\n<td>March 9<\/td>\n<td><a href=\"https:\/\/www.strathcona.ca\/recreation-events\/recreation-centres\/strathcona-wilderness-centre\/\" target=\"_blank\" rel=\"noopener\">https:\/\/www.strathcona.ca\/recreation-events\/recreation-centres\/strathcona-wilderness-centre\/<\/a><\/td>\n<\/tr>\n<tr>\n<td>Yellowknife, NWT<\/td>\n<td>Yellowknife Ski Club<\/td>\n<td>April (TBD on final date)<\/td>\n<td><a href=\"https:\/\/skiyellowknife.com\/\" target=\"_blank\" rel=\"noopener\">https:\/\/skiyellowknife.com\/<\/a><\/td>\n<\/tr>\n<\/tbody>\n<\/table>\n<p>[\/et_pb_text][\/et_pb_column_inner][\/et_pb_row_inner][et_pb_row_inner _builder_version=&#8221;3.27.4&#8243;][et_pb_column_inner saved_specialty_column_type=&#8221;3_4&#8243; _builder_version=&#8221;3.27.4&#8243;][et_pb_text _builder_version=&#8221;4.9.7&#8243;]<\/p>\n<h3>Pourquoi devenir h\u00f4te d\u2019un \u00e9v\u00e9nement de terrain de jeu de ski?<\/h3>\n<p>Impliquez les personnes des groupes dignes d\u2019\u00e9quit\u00e9 dans la programmation de votre club et offrez un \u00e9v\u00e9nement d\u2019essai unique pour rencontrer de nouveaux membres potentiels de votre club! Utilisez l\u2019aide de Nordiq Canada pour faire participer des personnes de tous \u00e2ges et toutes habilet\u00e9s avec de l\u2019\u00e9quipement de ski de fond, ski de saut et biathlon. Impliquez votre communaut\u00e9 para locale avec de l\u2019\u00e9quipement adapt\u00e9, comme des luges de ski et des carabines de biathlon pour les personnes malvoyantes.<\/p>\n<p>\u00c9crivez-nous pour devenir h\u00f4te d\u2019une activit\u00e9 de terrain de jeu de ski\u202f: info@nordiqcanada.ca<\/p>\n<p>[\/et_pb_text][et_pb_video src=&#8221;https:\/\/www.youtube.com\/watch?v=0EDew_65Lgw&#038;embeds_referring_euri=https%3A%2F%2Fnordiqcanada.ca%2F&#038;feature=emb_imp_woyt&#8221; _builder_version=&#8221;4.9.7&#8243; _module_preset=&#8221;default&#8221;][\/et_pb_video][\/et_pb_column_inner][\/et_pb_row_inner][et_pb_row_inner _builder_version=&#8221;4.9.7&#8243; _module_preset=&#8221;default&#8221;][et_pb_column_inner saved_specialty_column_type=&#8221;3_4&#8243; _builder_version=&#8221;4.9.7&#8243; _module_preset=&#8221;default&#8221;][et_pb_text _builder_version=&#8221;4.9.7&#8243; _module_preset=&#8221;default&#8221;]<\/p>\n<h2>Terrain de jeu de ski pour le d\u00e9veloppement des athl\u00e8tes<\/h2>\n<p>On ne peut exag\u00e9rer la valeur du jeu et de la d\u00e9couverte dans le d\u00e9veloppement pr\u00e9coce du ski\/des mouvements chez les enfants. Un environnement stimulant et motivant invite les skieurs \u00e0 explorer et am\u00e9liorer leurs habilet\u00e9s et leurs comp\u00e9tences, et le plaisir est essentiel non seulement pour le d\u00e9veloppement technique de notre sport, mais \u00e9galement pour \u00e9tablir un parcours d\u2019apprentissage progressif et ouvert. Le terrain de jeu de ski utilise l\u2019environnement, combin\u00e9 \u00e0 des activit\u00e9s amusantes et stimulantes pour aider \u00e0 d\u00e9velopper les habilet\u00e9s de base pour les athl\u00e8tes de ski nordique.<\/p>\n<p>Les ressources suivantes sont destin\u00e9es \u00e0 \u00eatre utilis\u00e9es partout o\u00f9 il y a de la neige et un peu d\u2019espace. Vous pouvez les adapter \u00e0 votre environnement, \u00e0 vos besoins et selon votre imagination.<\/p>\n<h3>Resources:<\/h3>\n<ul>\n<li><a href=\"https:\/\/nordiqcanada.ca\/wp-content\/uploads\/Ski-Playground-FINAL-FR.pdf\">Terrain de jeu de ski<\/li>\n<li><a href=\"https:\/\/nordiqcanada.ca\/wp-content\/uploads\/Drill-Appendix-FR.pdf\">Drill Appendix<\/a><\/li>\n<li><a href=\"https:\/\/nordiqcanada.ca\/wp-content\/uploads\/SIGNS_FRENCH_8.5x11_SCREEN.pdf\">Signs<\/a><\/li>\n<li><a href=\"https:\/\/nordiqcanada.ca\/wp-content\/uploads\/SIGNS_FRENCH_11x14_SCREEN-1.pdf\"><span data-contrast=\"none\">Affiches du terrain de jeu de ski 11\u00d714<\/a><\/li>\n<\/ul>\n<h3>O\u00f9 puis-je b\u00e2tir un terrain de jeu de ski?<\/h3>\n<p>Un terrain id\u00e9al pour une activit\u00e9 de terrain de jeu de ski demande l\u2019utilisation d\u2019un grand espace ouvert comme base pour cr\u00e9er diff\u00e9rentes stations d\u2019habilet\u00e9, une l\u00e9g\u00e8re pente pour pratiquer la descente, la construction d\u2019un tremplin de ski K5 et une section de terrain plat pour mettre en place un champ de tir de biathlon Eco Aim laser (aire d\u2019environ 100\u202fm) pour 4-5 carabines et cibles (\u00e0 batterie).<\/p>\n<p>Il est possible que le terrain id\u00e9al ne soit pas disponible pour vous; dans ce cas, faites preuve de cr\u00e9ativit\u00e9 et d\u2019imagination pour trouver un endroit, m\u00eame s\u2019il ne correspond pas tout \u00e0 fait. Il est facile d\u2019adapter le ski de fond et le biathlon sur la plupart des terrains, et m\u00eame une l\u00e9g\u00e8re pente peut \u00eatre modifi\u00e9e en y ajoutant de la neige pour int\u00e9grer le tremplin K5. Le terrain de jeu de ski se veut une activit\u00e9 \u00ab\u202fon fait ce qu\u2019on peut avec ce qu\u2019on a\u202f\u00bb.\u00a0<\/p>\n<p>[\/et_pb_text][et_pb_image src=&#8221;https:\/\/nordiqcanada.ca\/wp-content\/uploads\/ski-playground-final-map-pdf.jpg&#8221; title_text=&#8221;ski playground final map&#8221; _builder_version=&#8221;4.9.7&#8243; _module_preset=&#8221;default&#8221;][\/et_pb_image][\/et_pb_column_inner][\/et_pb_row_inner][\/et_pb_column][\/et_pb_section][et_pb_section fb_built=&#8221;1&#8243; fullwidth=&#8221;on&#8221; admin_label=&#8221;Full Footer&#8221; _builder_version=&#8221;4.9.7&#8243; _module_preset=&#8221;default&#8221; global_module=&#8221;13146&#8243; locked=&#8221;on&#8221;][et_pb_fullwidth_code _builder_version=&#8221;4.9.7&#8243; _module_preset=&#8221;default&#8221; locked=&#8221;off&#8221;][et_pb_section global_module=\"13251\"][\/et_pb_section]<!-- [et_pb_line_break_holder] -->[et_pb_section global_module=\"13248\"][\/et_pb_section]<!-- [et_pb_line_break_holder] -->[et_pb_section global_module=\"13097\"][\/et_pb_section]<!-- [et_pb_line_break_holder] -->[et_pb_section global_module=\"13100\"][\/et_pb_section][\/et_pb_fullwidth_code][\/et_pb_section]<\/p>\n","protected":false},"excerpt":{"rendered":"<p>[et_pb_section fb_built=&#8221;1&#8243; admin_label=&#8221;Top of page banner&#8221; _builder_version=&#8221;3.26.5&#8243; custom_margin=&#8221;0px||0px||false|false&#8221; custom_padding=&#8221;0px||0px||false|false&#8221;][et_pb_row _builder_version=&#8221;3.26.3&#8243; width=&#8221;100%&#8221; max_width=&#8221;100%&#8221; custom_margin=&#8221;0px||0px||false|false&#8221; custom_padding=&#8221;0px||0px||false|false&#8221;][et_pb_column type=&#8221;4_4&#8243; _builder_version=&#8221;3.26.3&#8243;][et_pb_image src=&#8221;https:\/\/nordiqcanada.ca\/wp-content\/uploads\/header2-pdf.jpg&#8221; title_text=&#8221;header2&#8243; force_fullwidth=&#8221;on&#8221; _builder_version=&#8221;4.9.7&#8243;][\/et_pb_image][\/et_pb_column][\/et_pb_row][\/et_pb_section][et_pb_section fb_built=&#8221;1&#8243; specialty=&#8221;on&#8221; _builder_version=&#8221;3.26.6&#8243;][et_pb_column type=&#8221;1_4&#8243; _builder_version=&#8221;3.25&#8243; custom_padding=&#8221;|||&#8221; custom_padding__hover=&#8221;|||&#8221;][et_pb_text _builder_version=&#8221;3.27.4&#8243;][\/et_pb_text][\/et_pb_column][et_pb_column type=&#8221;3_4&#8243; specialty_columns=&#8221;3&#8243; _builder_version=&#8221;3.25&#8243; custom_padding=&#8221;|||&#8221; custom_padding__hover=&#8221;|||&#8221;][et_pb_row_inner _builder_version=&#8221;3.26.6&#8243; custom_margin=&#8221;0px||0px||false|false&#8221; custom_padding=&#8221;0px||0px||false|false&#8221;][et_pb_column_inner saved_specialty_column_type=&#8221;3_4&#8243; _builder_version=&#8221;3.26.6&#8243;][et_pb_text module_class=&#8221;introtext&#8221; _builder_version=&#8221;4.9.7&#8243;] Qu\u2019est-ce que l\u2019activit\u00e9 de terrain de jeu de ski? En partenariat avec Sport Canada et [&hellip;]<\/p>\n","protected":false},"author":37,"featured_media":0,"parent":4235,"menu_order":0,"comment_status":"closed","ping_status":"closed","template":"","meta":{"_et_pb_use_builder":"on","_et_pb_old_content":"","_et_gb_content_width":"","footnotes":""},"class_list":["post-18204","page","type-page","status-publish","hentry"],"yoast_head":"<!-- This site is optimized with the Yoast SEO plugin v27.3 - https:\/\/yoast.com\/product\/yoast-seo-wordpress\/ -->\n<title>Terrain de jeu de ski - Nordiq Canada<\/title>\n<meta name=\"robots\" content=\"index, follow, max-snippet:-1, max-image-preview:large, max-video-preview:-1\" \/>\n<link rel=\"canonical\" href=\"https:\/\/nordiqcanada.ca\/fr\/centre-des-athletes\/ski-playground\/\" \/>\n<meta property=\"og:locale\" content=\"fr_FR\" \/>\n<meta property=\"og:type\" content=\"article\" \/>\n<meta property=\"og:title\" content=\"Terrain de jeu de ski - Nordiq Canada\" \/>\n<meta property=\"og:description\" content=\"[et_pb_section fb_built=&#8221;1&#8243; admin_label=&#8221;Top of page banner&#8221; _builder_version=&#8221;3.26.5&#8243; custom_margin=&#8221;0px||0px||false|false&#8221; custom_padding=&#8221;0px||0px||false|false&#8221;][et_pb_row _builder_version=&#8221;3.26.3&#8243; width=&#8221;100%&#8221; max_width=&#8221;100%&#8221; custom_margin=&#8221;0px||0px||false|false&#8221; custom_padding=&#8221;0px||0px||false|false&#8221;][et_pb_column type=&#8221;4_4&#8243; _builder_version=&#8221;3.26.3&#8243;][et_pb_image src=&#8221;https:\/\/nordiqcanada.ca\/wp-content\/uploads\/header2-pdf.jpg&#8221; title_text=&#8221;header2&#8243; force_fullwidth=&#8221;on&#8221; _builder_version=&#8221;4.9.7&#8243;][\/et_pb_image][\/et_pb_column][\/et_pb_row][\/et_pb_section][et_pb_section fb_built=&#8221;1&#8243; specialty=&#8221;on&#8221; _builder_version=&#8221;3.26.6&#8243;][et_pb_column type=&#8221;1_4&#8243; _builder_version=&#8221;3.25&#8243; custom_padding=&#8221;|||&#8221; custom_padding__hover=&#8221;|||&#8221;][et_pb_text _builder_version=&#8221;3.27.4&#8243;][\/et_pb_text][\/et_pb_column][et_pb_column type=&#8221;3_4&#8243; specialty_columns=&#8221;3&#8243; _builder_version=&#8221;3.25&#8243; custom_padding=&#8221;|||&#8221; custom_padding__hover=&#8221;|||&#8221;][et_pb_row_inner _builder_version=&#8221;3.26.6&#8243; custom_margin=&#8221;0px||0px||false|false&#8221; custom_padding=&#8221;0px||0px||false|false&#8221;][et_pb_column_inner saved_specialty_column_type=&#8221;3_4&#8243; _builder_version=&#8221;3.26.6&#8243;][et_pb_text module_class=&#8221;introtext&#8221; _builder_version=&#8221;4.9.7&#8243;] Qu\u2019est-ce que l\u2019activit\u00e9 de terrain de jeu de ski? En partenariat avec Sport Canada et [&hellip;]\" \/>\n<meta property=\"og:url\" content=\"https:\/\/nordiqcanada.ca\/fr\/centre-des-athletes\/ski-playground\/\" \/>\n<meta property=\"og:site_name\" content=\"Nordiq Canada\" \/>\n<meta property=\"article:modified_time\" content=\"2024-03-01T16:16:02+00:00\" \/>\n<meta name=\"twitter:card\" content=\"summary_large_image\" \/>\n<meta name=\"twitter:label1\" content=\"Dur\u00e9e de lecture estim\u00e9e\" \/>\n\t<meta name=\"twitter:data1\" content=\"10 minutes\" \/>\n<script type=\"application\/ld+json\" class=\"yoast-schema-graph\">{\"@context\":\"https:\\\/\\\/schema.org\",\"@graph\":[{\"@type\":\"WebPage\",\"@id\":\"https:\\\/\\\/nordiqcanada.ca\\\/fr\\\/centre-des-athletes\\\/ski-playground\\\/\",\"url\":\"https:\\\/\\\/nordiqcanada.ca\\\/fr\\\/centre-des-athletes\\\/ski-playground\\\/\",\"name\":\"Terrain de jeu de ski - Nordiq Canada\",\"isPartOf\":{\"@id\":\"https:\\\/\\\/nordiqcanada.ca\\\/fr\\\/#website\"},\"datePublished\":\"2024-02-29T20:59:18+00:00\",\"dateModified\":\"2024-03-01T16:16:02+00:00\",\"breadcrumb\":{\"@id\":\"https:\\\/\\\/nordiqcanada.ca\\\/fr\\\/centre-des-athletes\\\/ski-playground\\\/#breadcrumb\"},\"inLanguage\":\"fr-FR\",\"potentialAction\":[{\"@type\":\"ReadAction\",\"target\":[\"https:\\\/\\\/nordiqcanada.ca\\\/fr\\\/centre-des-athletes\\\/ski-playground\\\/\"]}]},{\"@type\":\"BreadcrumbList\",\"@id\":\"https:\\\/\\\/nordiqcanada.ca\\\/fr\\\/centre-des-athletes\\\/ski-playground\\\/#breadcrumb\",\"itemListElement\":[{\"@type\":\"ListItem\",\"position\":1,\"name\":\"Home\",\"item\":\"https:\\\/\\\/nordiqcanada.ca\\\/fr\\\/\"},{\"@type\":\"ListItem\",\"position\":2,\"name\":\"Centre des athl\u00e8tes\",\"item\":\"https:\\\/\\\/nordiqcanada.ca\\\/fr\\\/centre-des-athletes\\\/\"},{\"@type\":\"ListItem\",\"position\":3,\"name\":\"Terrain de jeu de ski\"}]},{\"@type\":\"WebSite\",\"@id\":\"https:\\\/\\\/nordiqcanada.ca\\\/fr\\\/#website\",\"url\":\"https:\\\/\\\/nordiqcanada.ca\\\/fr\\\/\",\"name\":\"Nordiq Canada\",\"description\":\"\",\"publisher\":{\"@id\":\"https:\\\/\\\/nordiqcanada.ca\\\/fr\\\/#organization\"},\"potentialAction\":[{\"@type\":\"SearchAction\",\"target\":{\"@type\":\"EntryPoint\",\"urlTemplate\":\"https:\\\/\\\/nordiqcanada.ca\\\/fr\\\/?s={search_term_string}\"},\"query-input\":{\"@type\":\"PropertyValueSpecification\",\"valueRequired\":true,\"valueName\":\"search_term_string\"}}],\"inLanguage\":\"fr-FR\"},{\"@type\":\"Organization\",\"@id\":\"https:\\\/\\\/nordiqcanada.ca\\\/fr\\\/#organization\",\"name\":\"Nordiq Canada\",\"url\":\"https:\\\/\\\/nordiqcanada.ca\\\/fr\\\/\",\"logo\":{\"@type\":\"ImageObject\",\"inLanguage\":\"fr-FR\",\"@id\":\"https:\\\/\\\/nordiqcanada.ca\\\/fr\\\/#\\\/schema\\\/logo\\\/image\\\/\",\"url\":\"https:\\\/\\\/nordiqcanada.ca\\\/wp-content\\\/uploads\\\/Nordiq-Canada_stacked-logo.png\",\"contentUrl\":\"https:\\\/\\\/nordiqcanada.ca\\\/wp-content\\\/uploads\\\/Nordiq-Canada_stacked-logo.png\",\"width\":600,\"height\":721,\"caption\":\"Nordiq Canada\"},\"image\":{\"@id\":\"https:\\\/\\\/nordiqcanada.ca\\\/fr\\\/#\\\/schema\\\/logo\\\/image\\\/\"}}]}<\/script>\n<!-- \/ Yoast SEO plugin. -->","yoast_head_json":{"title":"Terrain de jeu de ski - Nordiq Canada","robots":{"index":"index","follow":"follow","max-snippet":"max-snippet:-1","max-image-preview":"max-image-preview:large","max-video-preview":"max-video-preview:-1"},"canonical":"https:\/\/nordiqcanada.ca\/fr\/centre-des-athletes\/ski-playground\/","og_locale":"fr_FR","og_type":"article","og_title":"Terrain de jeu de ski - Nordiq Canada","og_description":"[et_pb_section fb_built=&#8221;1&#8243; admin_label=&#8221;Top of page banner&#8221; _builder_version=&#8221;3.26.5&#8243; custom_margin=&#8221;0px||0px||false|false&#8221; custom_padding=&#8221;0px||0px||false|false&#8221;][et_pb_row _builder_version=&#8221;3.26.3&#8243; width=&#8221;100%&#8221; max_width=&#8221;100%&#8221; custom_margin=&#8221;0px||0px||false|false&#8221; custom_padding=&#8221;0px||0px||false|false&#8221;][et_pb_column type=&#8221;4_4&#8243; _builder_version=&#8221;3.26.3&#8243;][et_pb_image src=&#8221;https:\/\/nordiqcanada.ca\/wp-content\/uploads\/header2-pdf.jpg&#8221; title_text=&#8221;header2&#8243; force_fullwidth=&#8221;on&#8221; _builder_version=&#8221;4.9.7&#8243;][\/et_pb_image][\/et_pb_column][\/et_pb_row][\/et_pb_section][et_pb_section fb_built=&#8221;1&#8243; specialty=&#8221;on&#8221; _builder_version=&#8221;3.26.6&#8243;][et_pb_column type=&#8221;1_4&#8243; _builder_version=&#8221;3.25&#8243; custom_padding=&#8221;|||&#8221; custom_padding__hover=&#8221;|||&#8221;][et_pb_text _builder_version=&#8221;3.27.4&#8243;][\/et_pb_text][\/et_pb_column][et_pb_column type=&#8221;3_4&#8243; specialty_columns=&#8221;3&#8243; _builder_version=&#8221;3.25&#8243; custom_padding=&#8221;|||&#8221; custom_padding__hover=&#8221;|||&#8221;][et_pb_row_inner _builder_version=&#8221;3.26.6&#8243; custom_margin=&#8221;0px||0px||false|false&#8221; custom_padding=&#8221;0px||0px||false|false&#8221;][et_pb_column_inner saved_specialty_column_type=&#8221;3_4&#8243; _builder_version=&#8221;3.26.6&#8243;][et_pb_text module_class=&#8221;introtext&#8221; _builder_version=&#8221;4.9.7&#8243;] Qu\u2019est-ce que l\u2019activit\u00e9 de terrain de jeu de ski? En partenariat avec Sport Canada et [&hellip;]","og_url":"https:\/\/nordiqcanada.ca\/fr\/centre-des-athletes\/ski-playground\/","og_site_name":"Nordiq Canada","article_modified_time":"2024-03-01T16:16:02+00:00","twitter_card":"summary_large_image","twitter_misc":{"Dur\u00e9e de lecture estim\u00e9e":"10 minutes"},"schema":{"@context":"https:\/\/schema.org","@graph":[{"@type":"WebPage","@id":"https:\/\/nordiqcanada.ca\/fr\/centre-des-athletes\/ski-playground\/","url":"https:\/\/nordiqcanada.ca\/fr\/centre-des-athletes\/ski-playground\/","name":"Terrain de jeu de ski - Nordiq Canada","isPartOf":{"@id":"https:\/\/nordiqcanada.ca\/fr\/#website"},"datePublished":"2024-02-29T20:59:18+00:00","dateModified":"2024-03-01T16:16:02+00:00","breadcrumb":{"@id":"https:\/\/nordiqcanada.ca\/fr\/centre-des-athletes\/ski-playground\/#breadcrumb"},"inLanguage":"fr-FR","potentialAction":[{"@type":"ReadAction","target":["https:\/\/nordiqcanada.ca\/fr\/centre-des-athletes\/ski-playground\/"]}]},{"@type":"BreadcrumbList","@id":"https:\/\/nordiqcanada.ca\/fr\/centre-des-athletes\/ski-playground\/#breadcrumb","itemListElement":[{"@type":"ListItem","position":1,"name":"Home","item":"https:\/\/nordiqcanada.ca\/fr\/"},{"@type":"ListItem","position":2,"name":"Centre des athl\u00e8tes","item":"https:\/\/nordiqcanada.ca\/fr\/centre-des-athletes\/"},{"@type":"ListItem","position":3,"name":"Terrain de jeu de ski"}]},{"@type":"WebSite","@id":"https:\/\/nordiqcanada.ca\/fr\/#website","url":"https:\/\/nordiqcanada.ca\/fr\/","name":"Nordiq Canada","description":"","publisher":{"@id":"https:\/\/nordiqcanada.ca\/fr\/#organization"},"potentialAction":[{"@type":"SearchAction","target":{"@type":"EntryPoint","urlTemplate":"https:\/\/nordiqcanada.ca\/fr\/?s={search_term_string}"},"query-input":{"@type":"PropertyValueSpecification","valueRequired":true,"valueName":"search_term_string"}}],"inLanguage":"fr-FR"},{"@type":"Organization","@id":"https:\/\/nordiqcanada.ca\/fr\/#organization","name":"Nordiq Canada","url":"https:\/\/nordiqcanada.ca\/fr\/","logo":{"@type":"ImageObject","inLanguage":"fr-FR","@id":"https:\/\/nordiqcanada.ca\/fr\/#\/schema\/logo\/image\/","url":"https:\/\/nordiqcanada.ca\/wp-content\/uploads\/Nordiq-Canada_stacked-logo.png","contentUrl":"https:\/\/nordiqcanada.ca\/wp-content\/uploads\/Nordiq-Canada_stacked-logo.png","width":600,"height":721,"caption":"Nordiq Canada"},"image":{"@id":"https:\/\/nordiqcanada.ca\/fr\/#\/schema\/logo\/image\/"}}]}},"_links":{"self":[{"href":"https:\/\/nordiqcanada.ca\/fr\/wp-json\/wp\/v2\/pages\/18204","targetHints":{"allow":["GET"]}}],"collection":[{"href":"https:\/\/nordiqcanada.ca\/fr\/wp-json\/wp\/v2\/pages"}],"about":[{"href":"https:\/\/nordiqcanada.ca\/fr\/wp-json\/wp\/v2\/types\/page"}],"author":[{"embeddable":true,"href":"https:\/\/nordiqcanada.ca\/fr\/wp-json\/wp\/v2\/users\/37"}],"replies":[{"embeddable":true,"href":"https:\/\/nordiqcanada.ca\/fr\/wp-json\/wp\/v2\/comments?post=18204"}],"version-history":[{"count":0,"href":"https:\/\/nordiqcanada.ca\/fr\/wp-json\/wp\/v2\/pages\/18204\/revisions"}],"up":[{"embeddable":true,"href":"https:\/\/nordiqcanada.ca\/fr\/wp-json\/wp\/v2\/pages\/4235"}],"wp:attachment":[{"href":"https:\/\/nordiqcanada.ca\/fr\/wp-json\/wp\/v2\/media?parent=18204"}],"curies":[{"name":"wp","href":"https:\/\/api.w.org\/{rel}","templated":true}]}}