{"id":3849,"date":"2019-08-19T11:54:52","date_gmt":"2019-08-19T17:54:52","guid":{"rendered":"https:\/\/nordiqcanada.ca\/initiation-au-ski\/"},"modified":"2023-09-19T11:10:45","modified_gmt":"2023-09-19T17:10:45","slug":"initiation-au-ski","status":"publish","type":"page","link":"https:\/\/nordiqcanada.ca\/fr\/centre-des-athletes\/initiation-au-ski\/","title":{"rendered":"Initiation au ski"},"content":{"rendered":"<p>[et_pb_section fb_built=&#8221;1&#8243; admin_label=&#8221;Top of page banner&#8221; _builder_version=&#8221;3.26.5&#8243; custom_margin=&#8221;0px||0px||false|false&#8221; custom_padding=&#8221;0px||0px||false|false&#8221;][et_pb_row _builder_version=&#8221;3.26.3&#8243; width=&#8221;100%&#8221; max_width=&#8221;100%&#8221; custom_margin=&#8221;0px||0px||false|false&#8221; custom_padding=&#8221;0px||0px||false|false&#8221;][et_pb_column type=&#8221;4_4&#8243; _builder_version=&#8221;3.26.3&#8243;][et_pb_image src=&#8221;https:\/\/nordiqcanada.ca\/wp-content\/uploads\/Nordiq_LakeSkiing.jpg&#8221; force_fullwidth=&#8221;on&#8221; _builder_version=&#8221;4.0.11&#8243;][\/et_pb_image][\/et_pb_column][\/et_pb_row][\/et_pb_section][et_pb_section fb_built=&#8221;1&#8243; specialty=&#8221;on&#8221; _builder_version=&#8221;4.0.2&#8243;][et_pb_column type=&#8221;1_4&#8243; _builder_version=&#8221;3.25&#8243; custom_padding=&#8221;|||&#8221; custom_padding__hover=&#8221;|||&#8221;][et_pb_text _builder_version=&#8221;3.27.4&#8243; locked=&#8221;off&#8221;][et_pb_section global_module=\"3904\"][\/et_pb_section][\/et_pb_text][\/et_pb_column][et_pb_column type=&#8221;3_4&#8243; specialty_columns=&#8221;3&#8243; _builder_version=&#8221;3.25&#8243; custom_padding=&#8221;|||&#8221; custom_padding__hover=&#8221;|||&#8221;][et_pb_row_inner _builder_version=&#8221;3.26.6&#8243; custom_margin=&#8221;0px||0px||false|false&#8221; custom_padding=&#8221;0px||0px||false|false&#8221;][et_pb_column_inner saved_specialty_column_type=&#8221;3_4&#8243; _builder_version=&#8221;3.26.6&#8243;][et_pb_text module_class=&#8221;introtext&#8221; _builder_version=&#8221;4.9.7&#8243;]<\/p>\n<h1>Initiation au ski<\/h1>\n<p>Plus de deux millions de Canadiens et de Canadiennes sortent skier sur les pistes chaque hiver. C&#8217;est une fa\u00e7on formidable de rester en forme tout en d\u00e9couvrant la beaut\u00e9 et la s\u00e9r\u00e9nit\u00e9 du plein air canadien. C&#8217;est facile \u00e0 apprendre, tout le monde peut le faire et de nombreux sentiers peuvent \u00eatre utilis\u00e9s gratuitement. De plus, l&#8217;\u00e9t\u00e9, vous pouvez garder vos habilet\u00e9s \u00e0 jour sur des skis \u00e0 roulettes.<\/p>\n<p>[\/et_pb_text][\/et_pb_column_inner][\/et_pb_row_inner][et_pb_row_inner _builder_version=&#8221;3.27.4&#8243;][et_pb_column_inner saved_specialty_column_type=&#8221;3_4&#8243; _builder_version=&#8221;3.27.4&#8243;][et_pb_text _builder_version=&#8221;4.9.7&#8243; hover_enabled=&#8221;0&#8243; sticky_enabled=&#8221;0&#8243;]<\/p>\n<h2>Comment commencer?<\/h2>\n<p>La fa\u00e7on la plus simple de commencer est de trouver un club dans votre r\u00e9gion [link to club finder] qui offre des le\u00e7ons pour tous les \u00e2ges et qui peut vous aider avec l&#8217;\u00e9quipement. Vous n&#8217;avez pas de <a href=\"https:\/\/nordiqcanada.ca\/fr\/trouvez-un-club\/\">club dans votre r\u00e9gion<\/a>? Les magasins de ski peuvent vous aider \u00e0 acheter ou \u00e0 louer des skis et plusieurs offrent des le\u00e7ons.<\/p>\n<p>[\/et_pb_text][\/et_pb_column_inner][\/et_pb_row_inner][et_pb_row_inner disabled_on=&#8221;off|off|off&#8221; _builder_version=&#8221;4.2.2&#8243; max_width=&#8221;1200px&#8221; module_alignment=&#8221;center&#8221; locked=&#8221;on&#8221;][et_pb_column_inner saved_specialty_column_type=&#8221;3_4&#8243; _builder_version=&#8221;3.27.4&#8243;][et_pb_code _builder_version=&#8221;4.9.7&#8243;]<iframe scrolling=\"no\" src=\"https:\/\/services.nordiqcanada.ca\/main.asp?lan=1&amp;cmd=doc&amp;id=8415&amp;header=off\"><\/iframe><!-- [et_pb_line_break_holder] --><!-- [et_pb_line_break_holder] -->  iFrameResize({<!-- [et_pb_line_break_holder] -->    heightCalculationMethod: &#8216;lowestElement&#8217;<!-- [et_pb_line_break_holder] -->  })<!-- [et_pb_line_break_holder] -->[\/et_pb_code][\/et_pb_column_inner][\/et_pb_row_inner][\/et_pb_column][\/et_pb_section][et_pb_section fb_built=&#8221;1&#8243; fullwidth=&#8221;on&#8221; admin_label=&#8221;Full Footer&#8221; _builder_version=&#8221;4.9.7&#8243; _module_preset=&#8221;default&#8221; global_module=&#8221;13254&#8243; locked=&#8221;on&#8221;][et_pb_fullwidth_code _builder_version=&#8221;4.9.7&#8243; _module_preset=&#8221;default&#8221; locked=&#8221;off&#8221;][et_pb_section global_module=\"13251\"][\/et_pb_section]<!-- [et_pb_line_break_holder] -->[et_pb_section global_module=\"13248\"][\/et_pb_section]<!-- [et_pb_line_break_holder] -->[et_pb_section global_module=\"13097\"][\/et_pb_section]<!-- [et_pb_line_break_holder] -->[et_pb_section global_module=\"13100\"][\/et_pb_section][\/et_pb_fullwidth_code][\/et_pb_section]<\/p>\n","protected":false},"excerpt":{"rendered":"<p>[et_pb_section fb_built=&#8221;1&#8243; admin_label=&#8221;Top of page banner&#8221; _builder_version=&#8221;3.26.5&#8243; custom_margin=&#8221;0px||0px||false|false&#8221; custom_padding=&#8221;0px||0px||false|false&#8221;][et_pb_row _builder_version=&#8221;3.26.3&#8243; width=&#8221;100%&#8221; max_width=&#8221;100%&#8221; custom_margin=&#8221;0px||0px||false|false&#8221; custom_padding=&#8221;0px||0px||false|false&#8221;][et_pb_column type=&#8221;4_4&#8243; _builder_version=&#8221;3.26.3&#8243;][et_pb_image src=&#8221;https:\/\/nordiqcanada.ca\/wp-content\/uploads\/Nordiq_LakeSkiing.jpg&#8221; force_fullwidth=&#8221;on&#8221; _builder_version=&#8221;4.0.11&#8243;][\/et_pb_image][\/et_pb_column][\/et_pb_row][\/et_pb_section][et_pb_section fb_built=&#8221;1&#8243; specialty=&#8221;on&#8221; _builder_version=&#8221;4.0.2&#8243;][et_pb_column type=&#8221;1_4&#8243; _builder_version=&#8221;3.25&#8243; custom_padding=&#8221;|||&#8221; custom_padding__hover=&#8221;|||&#8221;][et_pb_text _builder_version=&#8221;3.27.4&#8243; locked=&#8221;off&#8221;][\/et_pb_text][\/et_pb_column][et_pb_column type=&#8221;3_4&#8243; specialty_columns=&#8221;3&#8243; _builder_version=&#8221;3.25&#8243; custom_padding=&#8221;|||&#8221; custom_padding__hover=&#8221;|||&#8221;][et_pb_row_inner _builder_version=&#8221;3.26.6&#8243; custom_margin=&#8221;0px||0px||false|false&#8221; custom_padding=&#8221;0px||0px||false|false&#8221;][et_pb_column_inner saved_specialty_column_type=&#8221;3_4&#8243; _builder_version=&#8221;3.26.6&#8243;][et_pb_text module_class=&#8221;introtext&#8221; _builder_version=&#8221;4.9.7&#8243;] Initiation au ski Plus de deux millions de Canadiens et de Canadiennes sortent skier sur [&hellip;]<\/p>\n","protected":false},"author":1,"featured_media":0,"parent":4235,"menu_order":0,"comment_status":"closed","ping_status":"closed","template":"","meta":{"_et_pb_use_builder":"on","_et_pb_old_content":"","_et_gb_content_width":"","footnotes":""},"class_list":["post-3849","page","type-page","status-publish","hentry"],"yoast_head":"<!-- This site is optimized with the Yoast SEO plugin v27.3 - https:\/\/yoast.com\/product\/yoast-seo-wordpress\/ -->\n<title>Initiation au ski - Nordiq Canada<\/title>\n<meta name=\"robots\" content=\"index, follow, max-snippet:-1, max-image-preview:large, max-video-preview:-1\" \/>\n<link rel=\"canonical\" href=\"https:\/\/nordiqcanada.ca\/fr\/centre-des-athletes\/initiation-au-ski\/\" \/>\n<meta property=\"og:locale\" content=\"fr_FR\" \/>\n<meta property=\"og:type\" content=\"article\" \/>\n<meta property=\"og:title\" content=\"Initiation au ski - Nordiq Canada\" \/>\n<meta property=\"og:description\" content=\"[et_pb_section fb_built=&#8221;1&#8243; admin_label=&#8221;Top of page banner&#8221; _builder_version=&#8221;3.26.5&#8243; custom_margin=&#8221;0px||0px||false|false&#8221; custom_padding=&#8221;0px||0px||false|false&#8221;][et_pb_row _builder_version=&#8221;3.26.3&#8243; width=&#8221;100%&#8221; max_width=&#8221;100%&#8221; custom_margin=&#8221;0px||0px||false|false&#8221; custom_padding=&#8221;0px||0px||false|false&#8221;][et_pb_column type=&#8221;4_4&#8243; _builder_version=&#8221;3.26.3&#8243;][et_pb_image src=&#8221;https:\/\/nordiqcanada.ca\/wp-content\/uploads\/Nordiq_LakeSkiing.jpg&#8221; force_fullwidth=&#8221;on&#8221; _builder_version=&#8221;4.0.11&#8243;][\/et_pb_image][\/et_pb_column][\/et_pb_row][\/et_pb_section][et_pb_section fb_built=&#8221;1&#8243; specialty=&#8221;on&#8221; _builder_version=&#8221;4.0.2&#8243;][et_pb_column type=&#8221;1_4&#8243; _builder_version=&#8221;3.25&#8243; custom_padding=&#8221;|||&#8221; custom_padding__hover=&#8221;|||&#8221;][et_pb_text _builder_version=&#8221;3.27.4&#8243; locked=&#8221;off&#8221;][\/et_pb_text][\/et_pb_column][et_pb_column type=&#8221;3_4&#8243; specialty_columns=&#8221;3&#8243; _builder_version=&#8221;3.25&#8243; custom_padding=&#8221;|||&#8221; custom_padding__hover=&#8221;|||&#8221;][et_pb_row_inner _builder_version=&#8221;3.26.6&#8243; custom_margin=&#8221;0px||0px||false|false&#8221; custom_padding=&#8221;0px||0px||false|false&#8221;][et_pb_column_inner saved_specialty_column_type=&#8221;3_4&#8243; _builder_version=&#8221;3.26.6&#8243;][et_pb_text module_class=&#8221;introtext&#8221; _builder_version=&#8221;4.9.7&#8243;] Initiation au ski Plus de deux millions de Canadiens et de Canadiennes sortent skier sur [&hellip;]\" \/>\n<meta property=\"og:url\" content=\"https:\/\/nordiqcanada.ca\/fr\/centre-des-athletes\/initiation-au-ski\/\" \/>\n<meta property=\"og:site_name\" content=\"Nordiq Canada\" \/>\n<meta property=\"article:modified_time\" content=\"2023-09-19T17:10:45+00:00\" \/>\n<meta name=\"twitter:card\" content=\"summary_large_image\" \/>\n<meta name=\"twitter:label1\" content=\"Dur\u00e9e de lecture estim\u00e9e\" \/>\n\t<meta name=\"twitter:data1\" content=\"2 minutes\" \/>\n<script type=\"application\/ld+json\" class=\"yoast-schema-graph\">{\"@context\":\"https:\\\/\\\/schema.org\",\"@graph\":[{\"@type\":\"WebPage\",\"@id\":\"https:\\\/\\\/nordiqcanada.ca\\\/fr\\\/centre-des-athletes\\\/initiation-au-ski\\\/\",\"url\":\"https:\\\/\\\/nordiqcanada.ca\\\/fr\\\/centre-des-athletes\\\/initiation-au-ski\\\/\",\"name\":\"Initiation au ski - Nordiq Canada\",\"isPartOf\":{\"@id\":\"https:\\\/\\\/nordiqcanada.ca\\\/fr\\\/#website\"},\"datePublished\":\"2019-08-19T17:54:52+00:00\",\"dateModified\":\"2023-09-19T17:10:45+00:00\",\"breadcrumb\":{\"@id\":\"https:\\\/\\\/nordiqcanada.ca\\\/fr\\\/centre-des-athletes\\\/initiation-au-ski\\\/#breadcrumb\"},\"inLanguage\":\"fr-FR\",\"potentialAction\":[{\"@type\":\"ReadAction\",\"target\":[\"https:\\\/\\\/nordiqcanada.ca\\\/fr\\\/centre-des-athletes\\\/initiation-au-ski\\\/\"]}]},{\"@type\":\"BreadcrumbList\",\"@id\":\"https:\\\/\\\/nordiqcanada.ca\\\/fr\\\/centre-des-athletes\\\/initiation-au-ski\\\/#breadcrumb\",\"itemListElement\":[{\"@type\":\"ListItem\",\"position\":1,\"name\":\"Home\",\"item\":\"https:\\\/\\\/nordiqcanada.ca\\\/fr\\\/\"},{\"@type\":\"ListItem\",\"position\":2,\"name\":\"Centre des athl\u00e8tes\",\"item\":\"https:\\\/\\\/nordiqcanada.ca\\\/fr\\\/centre-des-athletes\\\/\"},{\"@type\":\"ListItem\",\"position\":3,\"name\":\"Initiation au ski\"}]},{\"@type\":\"WebSite\",\"@id\":\"https:\\\/\\\/nordiqcanada.ca\\\/fr\\\/#website\",\"url\":\"https:\\\/\\\/nordiqcanada.ca\\\/fr\\\/\",\"name\":\"Nordiq Canada\",\"description\":\"\",\"publisher\":{\"@id\":\"https:\\\/\\\/nordiqcanada.ca\\\/fr\\\/#organization\"},\"potentialAction\":[{\"@type\":\"SearchAction\",\"target\":{\"@type\":\"EntryPoint\",\"urlTemplate\":\"https:\\\/\\\/nordiqcanada.ca\\\/fr\\\/?s={search_term_string}\"},\"query-input\":{\"@type\":\"PropertyValueSpecification\",\"valueRequired\":true,\"valueName\":\"search_term_string\"}}],\"inLanguage\":\"fr-FR\"},{\"@type\":\"Organization\",\"@id\":\"https:\\\/\\\/nordiqcanada.ca\\\/fr\\\/#organization\",\"name\":\"Nordiq Canada\",\"url\":\"https:\\\/\\\/nordiqcanada.ca\\\/fr\\\/\",\"logo\":{\"@type\":\"ImageObject\",\"inLanguage\":\"fr-FR\",\"@id\":\"https:\\\/\\\/nordiqcanada.ca\\\/fr\\\/#\\\/schema\\\/logo\\\/image\\\/\",\"url\":\"https:\\\/\\\/nordiqcanada.ca\\\/wp-content\\\/uploads\\\/Nordiq-Canada_stacked-logo.png\",\"contentUrl\":\"https:\\\/\\\/nordiqcanada.ca\\\/wp-content\\\/uploads\\\/Nordiq-Canada_stacked-logo.png\",\"width\":600,\"height\":721,\"caption\":\"Nordiq Canada\"},\"image\":{\"@id\":\"https:\\\/\\\/nordiqcanada.ca\\\/fr\\\/#\\\/schema\\\/logo\\\/image\\\/\"}}]}<\/script>\n<!-- \/ Yoast SEO plugin. -->","yoast_head_json":{"title":"Initiation au ski - Nordiq Canada","robots":{"index":"index","follow":"follow","max-snippet":"max-snippet:-1","max-image-preview":"max-image-preview:large","max-video-preview":"max-video-preview:-1"},"canonical":"https:\/\/nordiqcanada.ca\/fr\/centre-des-athletes\/initiation-au-ski\/","og_locale":"fr_FR","og_type":"article","og_title":"Initiation au ski - Nordiq Canada","og_description":"[et_pb_section fb_built=&#8221;1&#8243; admin_label=&#8221;Top of page banner&#8221; _builder_version=&#8221;3.26.5&#8243; custom_margin=&#8221;0px||0px||false|false&#8221; custom_padding=&#8221;0px||0px||false|false&#8221;][et_pb_row _builder_version=&#8221;3.26.3&#8243; width=&#8221;100%&#8221; max_width=&#8221;100%&#8221; custom_margin=&#8221;0px||0px||false|false&#8221; custom_padding=&#8221;0px||0px||false|false&#8221;][et_pb_column type=&#8221;4_4&#8243; _builder_version=&#8221;3.26.3&#8243;][et_pb_image src=&#8221;https:\/\/nordiqcanada.ca\/wp-content\/uploads\/Nordiq_LakeSkiing.jpg&#8221; force_fullwidth=&#8221;on&#8221; _builder_version=&#8221;4.0.11&#8243;][\/et_pb_image][\/et_pb_column][\/et_pb_row][\/et_pb_section][et_pb_section fb_built=&#8221;1&#8243; specialty=&#8221;on&#8221; _builder_version=&#8221;4.0.2&#8243;][et_pb_column type=&#8221;1_4&#8243; _builder_version=&#8221;3.25&#8243; custom_padding=&#8221;|||&#8221; custom_padding__hover=&#8221;|||&#8221;][et_pb_text _builder_version=&#8221;3.27.4&#8243; locked=&#8221;off&#8221;][\/et_pb_text][\/et_pb_column][et_pb_column type=&#8221;3_4&#8243; specialty_columns=&#8221;3&#8243; _builder_version=&#8221;3.25&#8243; custom_padding=&#8221;|||&#8221; custom_padding__hover=&#8221;|||&#8221;][et_pb_row_inner _builder_version=&#8221;3.26.6&#8243; custom_margin=&#8221;0px||0px||false|false&#8221; custom_padding=&#8221;0px||0px||false|false&#8221;][et_pb_column_inner saved_specialty_column_type=&#8221;3_4&#8243; _builder_version=&#8221;3.26.6&#8243;][et_pb_text module_class=&#8221;introtext&#8221; _builder_version=&#8221;4.9.7&#8243;] Initiation au ski Plus de deux millions de Canadiens et de Canadiennes sortent skier sur [&hellip;]","og_url":"https:\/\/nordiqcanada.ca\/fr\/centre-des-athletes\/initiation-au-ski\/","og_site_name":"Nordiq Canada","article_modified_time":"2023-09-19T17:10:45+00:00","twitter_card":"summary_large_image","twitter_misc":{"Dur\u00e9e de lecture estim\u00e9e":"2 minutes"},"schema":{"@context":"https:\/\/schema.org","@graph":[{"@type":"WebPage","@id":"https:\/\/nordiqcanada.ca\/fr\/centre-des-athletes\/initiation-au-ski\/","url":"https:\/\/nordiqcanada.ca\/fr\/centre-des-athletes\/initiation-au-ski\/","name":"Initiation au ski - Nordiq Canada","isPartOf":{"@id":"https:\/\/nordiqcanada.ca\/fr\/#website"},"datePublished":"2019-08-19T17:54:52+00:00","dateModified":"2023-09-19T17:10:45+00:00","breadcrumb":{"@id":"https:\/\/nordiqcanada.ca\/fr\/centre-des-athletes\/initiation-au-ski\/#breadcrumb"},"inLanguage":"fr-FR","potentialAction":[{"@type":"ReadAction","target":["https:\/\/nordiqcanada.ca\/fr\/centre-des-athletes\/initiation-au-ski\/"]}]},{"@type":"BreadcrumbList","@id":"https:\/\/nordiqcanada.ca\/fr\/centre-des-athletes\/initiation-au-ski\/#breadcrumb","itemListElement":[{"@type":"ListItem","position":1,"name":"Home","item":"https:\/\/nordiqcanada.ca\/fr\/"},{"@type":"ListItem","position":2,"name":"Centre des athl\u00e8tes","item":"https:\/\/nordiqcanada.ca\/fr\/centre-des-athletes\/"},{"@type":"ListItem","position":3,"name":"Initiation au ski"}]},{"@type":"WebSite","@id":"https:\/\/nordiqcanada.ca\/fr\/#website","url":"https:\/\/nordiqcanada.ca\/fr\/","name":"Nordiq Canada","description":"","publisher":{"@id":"https:\/\/nordiqcanada.ca\/fr\/#organization"},"potentialAction":[{"@type":"SearchAction","target":{"@type":"EntryPoint","urlTemplate":"https:\/\/nordiqcanada.ca\/fr\/?s={search_term_string}"},"query-input":{"@type":"PropertyValueSpecification","valueRequired":true,"valueName":"search_term_string"}}],"inLanguage":"fr-FR"},{"@type":"Organization","@id":"https:\/\/nordiqcanada.ca\/fr\/#organization","name":"Nordiq Canada","url":"https:\/\/nordiqcanada.ca\/fr\/","logo":{"@type":"ImageObject","inLanguage":"fr-FR","@id":"https:\/\/nordiqcanada.ca\/fr\/#\/schema\/logo\/image\/","url":"https:\/\/nordiqcanada.ca\/wp-content\/uploads\/Nordiq-Canada_stacked-logo.png","contentUrl":"https:\/\/nordiqcanada.ca\/wp-content\/uploads\/Nordiq-Canada_stacked-logo.png","width":600,"height":721,"caption":"Nordiq Canada"},"image":{"@id":"https:\/\/nordiqcanada.ca\/fr\/#\/schema\/logo\/image\/"}}]}},"_links":{"self":[{"href":"https:\/\/nordiqcanada.ca\/fr\/wp-json\/wp\/v2\/pages\/3849","targetHints":{"allow":["GET"]}}],"collection":[{"href":"https:\/\/nordiqcanada.ca\/fr\/wp-json\/wp\/v2\/pages"}],"about":[{"href":"https:\/\/nordiqcanada.ca\/fr\/wp-json\/wp\/v2\/types\/page"}],"author":[{"embeddable":true,"href":"https:\/\/nordiqcanada.ca\/fr\/wp-json\/wp\/v2\/users\/1"}],"replies":[{"embeddable":true,"href":"https:\/\/nordiqcanada.ca\/fr\/wp-json\/wp\/v2\/comments?post=3849"}],"version-history":[{"count":0,"href":"https:\/\/nordiqcanada.ca\/fr\/wp-json\/wp\/v2\/pages\/3849\/revisions"}],"up":[{"embeddable":true,"href":"https:\/\/nordiqcanada.ca\/fr\/wp-json\/wp\/v2\/pages\/4235"}],"wp:attachment":[{"href":"https:\/\/nordiqcanada.ca\/fr\/wp-json\/wp\/v2\/media?parent=3849"}],"curies":[{"name":"wp","href":"https:\/\/api.w.org\/{rel}","templated":true}]}}