{"id":3855,"date":"2019-10-21T13:29:03","date_gmt":"2019-10-21T19:29:03","guid":{"rendered":"https:\/\/nordiqcanada.ca\/developpement-a-long-terme-de-lathlete\/"},"modified":"2022-08-05T15:26:58","modified_gmt":"2022-08-05T21:26:58","slug":"developpement-a-long-terme-de-lathlete","status":"publish","type":"page","link":"https:\/\/nordiqcanada.ca\/fr\/centre-des-athletes\/developpement-a-long-terme-de-lathlete\/","title":{"rendered":"D\u00e9veloppement \u00e0 long terme de l\u2019athl\u00e8te"},"content":{"rendered":"<p>[et_pb_section fb_built=&#8221;1&#8243; admin_label=&#8221;Top of page banner&#8221; _builder_version=&#8221;3.26.5&#8243; custom_margin=&#8221;0px||0px||false|false&#8221; custom_padding=&#8221;0px||0px||false|false&#8221;][et_pb_row _builder_version=&#8221;3.26.3&#8243; width=&#8221;100%&#8221; max_width=&#8221;100%&#8221; custom_margin=&#8221;0px||0px||false|false&#8221; custom_padding=&#8221;0px||0px||false|false&#8221;][et_pb_column type=&#8221;4_4&#8243; _builder_version=&#8221;3.26.3&#8243;][et_pb_image src=&#8221;https:\/\/nordiqcanada.ca\/wp-content\/uploads\/Long-term-athlete-development-copy.jpg&#8221; title_text=&#8221;Long term athlete development copy&#8221; force_fullwidth=&#8221;on&#8221; _builder_version=&#8221;4.9.7&#8243; hover_enabled=&#8221;0&#8243; sticky_enabled=&#8221;0&#8243;][\/et_pb_image][\/et_pb_column][\/et_pb_row][\/et_pb_section][et_pb_section fb_built=&#8221;1&#8243; specialty=&#8221;on&#8221; _builder_version=&#8221;3.26.6&#8243;][et_pb_column type=&#8221;1_4&#8243; _builder_version=&#8221;3.25&#8243; custom_padding=&#8221;|||&#8221; custom_padding__hover=&#8221;|||&#8221;][et_pb_text _builder_version=&#8221;3.27.4&#8243;][et_pb_section global_module=\"3904\"][\/et_pb_section][\/et_pb_text][\/et_pb_column][et_pb_column type=&#8221;3_4&#8243; specialty_columns=&#8221;3&#8243; _builder_version=&#8221;3.25&#8243; custom_padding=&#8221;|||&#8221; custom_padding__hover=&#8221;|||&#8221;][et_pb_row_inner _builder_version=&#8221;3.26.6&#8243; custom_margin=&#8221;0px||0px||false|false&#8221; custom_padding=&#8221;0px||0px||false|false&#8221;][et_pb_column_inner saved_specialty_column_type=&#8221;3_4&#8243; _builder_version=&#8221;3.26.6&#8243;][et_pb_text module_class=&#8221;introtext&#8221; _builder_version=&#8221;4.0.9&#8243;]<\/p>\n<h1>D\u00e9veloppement \u00e0 long terme de l&#8217;athl\u00e8te (DLTA)<\/h1>\n<p>Nous consid\u00e9rons le ski de fond et le ski para-nordique comme le sport canadien pour la vie. C&#8217;est le meilleur sport de plein air pour le plaisir, la sant\u00e9 et la forme physique pour les personnes de tous les \u00e2ges et de toutes les capacit\u00e9s. Que vous soyez un skieur r\u00e9cr\u00e9atif de fin de semaine ou un skieur de comp\u00e9tition des ma\u00eetres, notre r\u00e9seau national de divisions et de clubs vous offre le leadership, le soutien et les ressources n\u00e9cessaires pour vous \u00e9panouir dans ce sport.[\/et_pb_text][et_pb_text admin_label=&#8221;An inclusive, lifelong model&#8221; _builder_version=&#8221;4.0.9&#8243;]<\/p>\n<h2>Un mod\u00e8le pour la vie<\/h2>\n<p>Le DLTA est un mod\u00e8le qui encourage la pratique de l&#8217;activit\u00e9 physique tout au long de la vie. Il met l&#8217;accent sur l&#8217;importance de donner \u00e0 tous les enfants, en particulier ceux qui ont la capacit\u00e9 et l&#8217;int\u00e9r\u00eat pour devenir des athl\u00e8tes d&#8217;\u00e9lite, une base solide en mati\u00e8re de capacit\u00e9s physiques, techniques, tactiques et mentales.[\/et_pb_text][et_pb_text admin_label=&#8221;Eight key stages&#8221; _builder_version=&#8221;4.0.9&#8243;]<\/p>\n<h2>Huit \u00e9tapes cl\u00e9s<\/h2>\n<p>Chaque \u00e9tape du mod\u00e8le de DLTA de Nordiq Canada refl\u00e8te un stade diff\u00e9rent du d\u00e9veloppement de l&#8217;athl\u00e8te. Les trois premi\u00e8res \u00e9tapes encouragent la litt\u00e9ratie physique et les exp\u00e9riences sportives pour tous, tandis que les quatre \u00e9tapes suivantes sont davantage ax\u00e9es sur le d\u00e9veloppement et l&#8217;excellence en comp\u00e9tition. Le dernier stade, ou stade global, encourage l&#8217;activit\u00e9 physique tout au long de la vie et des choix de vie sains et \u00e9clair\u00e9s.[\/et_pb_text][et_pb_accordion _builder_version=&#8221;4.0.9&#8243;][et_pb_accordion_item title=&#8221;1. Enfant actif (0 \u00e0 5 ans)&#8221; open=&#8221;on&#8221; _builder_version=&#8221;4.0.9&#8243;]D\u00e9veloppe les mouvements fondamentaux et les associe \u00e0 des activit\u00e9s de jeu (Jeannot Lapin).[\/et_pb_accordion_item][et_pb_accordion_item title=&#8221;2. S\u2019amuser gr\u00e2ce au sport (6 \u00e0 9 ans)&#8221; _builder_version=&#8221;3.29.3&#8243; open=&#8221;off&#8221;]D\u00e9veloppe les mouvements fondamentaux, la motricit\u00e9 g\u00e9n\u00e9rale et les habilet\u00e9s de base en ski de fond (Jackrabbit).[\/et_pb_accordion_item][et_pb_accordion_item title=&#8221;3. Apprendre \u00e0 s\u2019entra\u00eener (10 \u00e0 12 ans)&#8221; _builder_version=&#8221;3.29.3&#8243; open=&#8221;off&#8221;]Perfectionne les habilet\u00e9s de base en ski de fond et d\u00e9veloppe les mouvements fondamentaux et les habilet\u00e9s sportives (En piste!).[\/et_pb_accordion_item][et_pb_accordion_item title=&#8221;4. S\u2019entra\u00eener \u00e0 s\u2019entra\u00eener (11 \u00e0 16 ans)&#8221; _builder_version=&#8221;3.29.3&#8243; open=&#8221;off&#8221;]\u00c9tablit la base a\u00e9robique et d\u00e9veloppe la vitesse et la force.[\/et_pb_accordion_item][et_pb_accordion_item title=&#8221;5. Apprendre la comp\u00e9tition (15 \u00e0 20 ans)&#8221; _builder_version=&#8221;3.29.3&#8243; open=&#8221;off&#8221;]D\u00e9veloppe la capacit\u00e9 a\u00e9robique et la puissance, les comp\u00e9tences sportives et individuelles, la conscience de soi et l&#8217;ind\u00e9pendance.[\/et_pb_accordion_item][et_pb_accordion_item title=&#8221;6. S\u2019entra\u00eener \u00e0 la comp\u00e9tition (20 \u00e0 23 ans)&#8221; _builder_version=&#8221;3.29.3&#8243; open=&#8221;off&#8221;]Optimise la pr\u00e9paration physique et la ma\u00eetrise des comp\u00e9tences individuelles et sp\u00e9cifiques au sport.[\/et_pb_accordion_item][et_pb_accordion_item title=&#8221;7. S\u2019entra\u00eener \u00e0 gagner (23 ans et plus)&#8221; _builder_version=&#8221;3.29.3&#8243; open=&#8221;off&#8221;]Maximise la pr\u00e9paration pour des r\u00e9sultats de haut niveau.[\/et_pb_accordion_item][et_pb_accordion_item title=&#8221;8. Vie active (\u00e0 tout \u00e2ge)&#8221; _builder_version=&#8221;3.29.3&#8243; open=&#8221;off&#8221;]Fait la transition des athl\u00e8tes de haut niveau vers un r\u00f4le de participation et encourage chacun, qu&#8217;il s&#8217;agisse d&#8217;un athl\u00e8te de comp\u00e9tition ou r\u00e9cr\u00e9atif, \u00e0 rester actif toute la vie.[\/et_pb_accordion_item][\/et_pb_accordion][et_pb_text admin_label=&#8221;Our Competition Model&#8221; _builder_version=&#8221;4.0.9&#8243;]<\/p>\n<h2>Notre mod\u00e8le de comp\u00e9tition<\/h2>\n<p>Le mod\u00e8le de comp\u00e9tition de Nordiq Canada refl\u00e8te le d\u00e9veloppement optimal d&#8217;un athl\u00e8te, du stade Enfant actif jusqu&#8217;au stade S&#8217;entra\u00eener \u00e0 gagner. Les lignes directrices sont bas\u00e9es sur des athl\u00e8tes typiques des tranches d&#8217;\u00e2ge respectives. Les athl\u00e8tes, les entra\u00eeneurs et les parents devraient tenir compte des besoins sp\u00e9cifiques et du stade de d\u00e9veloppement r\u00e9el de chaque athl\u00e8te pour d\u00e9terminer les niveaux de comp\u00e9tition appropri\u00e9s. Le mod\u00e8le de comp\u00e9tition se trouve dans le <a href=\"https:\/\/nordiqcanada.ca\/fr\/centre-de-documentation\/\">Centre de documentation<\/a>.[\/et_pb_text][\/et_pb_column_inner][\/et_pb_row_inner][\/et_pb_column][\/et_pb_section][et_pb_section fb_built=&#8221;1&#8243; fullwidth=&#8221;on&#8221; admin_label=&#8221;Full Footer&#8221; _builder_version=&#8221;4.9.7&#8243; _module_preset=&#8221;default&#8221; global_module=&#8221;13254&#8243; locked=&#8221;on&#8221;][et_pb_fullwidth_code _builder_version=&#8221;4.9.7&#8243; _module_preset=&#8221;default&#8221; locked=&#8221;off&#8221;][et_pb_section global_module=\"13251\"][\/et_pb_section]<!-- [et_pb_line_break_holder] -->[et_pb_section global_module=\"13248\"][\/et_pb_section]<!-- [et_pb_line_break_holder] -->[et_pb_section global_module=\"13097\"][\/et_pb_section]<!-- [et_pb_line_break_holder] -->[et_pb_section global_module=\"13100\"][\/et_pb_section][\/et_pb_fullwidth_code][\/et_pb_section]<\/p>\n","protected":false},"excerpt":{"rendered":"<p>[et_pb_section fb_built=&#8221;1&#8243; admin_label=&#8221;Top of page banner&#8221; _builder_version=&#8221;3.26.5&#8243; custom_margin=&#8221;0px||0px||false|false&#8221; custom_padding=&#8221;0px||0px||false|false&#8221;][et_pb_row _builder_version=&#8221;3.26.3&#8243; width=&#8221;100%&#8221; max_width=&#8221;100%&#8221; custom_margin=&#8221;0px||0px||false|false&#8221; custom_padding=&#8221;0px||0px||false|false&#8221;][et_pb_column type=&#8221;4_4&#8243; _builder_version=&#8221;3.26.3&#8243;][et_pb_image src=&#8221;https:\/\/nordiqcanada.ca\/wp-content\/uploads\/Long-term-athlete-development-copy.jpg&#8221; title_text=&#8221;Long term athlete development copy&#8221; force_fullwidth=&#8221;on&#8221; _builder_version=&#8221;4.9.7&#8243; hover_enabled=&#8221;0&#8243; sticky_enabled=&#8221;0&#8243;][\/et_pb_image][\/et_pb_column][\/et_pb_row][\/et_pb_section][et_pb_section fb_built=&#8221;1&#8243; specialty=&#8221;on&#8221; _builder_version=&#8221;3.26.6&#8243;][et_pb_column type=&#8221;1_4&#8243; _builder_version=&#8221;3.25&#8243; custom_padding=&#8221;|||&#8221; custom_padding__hover=&#8221;|||&#8221;][et_pb_text _builder_version=&#8221;3.27.4&#8243;][\/et_pb_text][\/et_pb_column][et_pb_column type=&#8221;3_4&#8243; specialty_columns=&#8221;3&#8243; _builder_version=&#8221;3.25&#8243; custom_padding=&#8221;|||&#8221; custom_padding__hover=&#8221;|||&#8221;][et_pb_row_inner _builder_version=&#8221;3.26.6&#8243; custom_margin=&#8221;0px||0px||false|false&#8221; custom_padding=&#8221;0px||0px||false|false&#8221;][et_pb_column_inner saved_specialty_column_type=&#8221;3_4&#8243; _builder_version=&#8221;3.26.6&#8243;][et_pb_text module_class=&#8221;introtext&#8221; _builder_version=&#8221;4.0.9&#8243;] D\u00e9veloppement \u00e0 long terme de l&#8217;athl\u00e8te (DLTA) Nous consid\u00e9rons [&hellip;]<\/p>\n","protected":false},"author":1,"featured_media":0,"parent":4235,"menu_order":0,"comment_status":"closed","ping_status":"closed","template":"","meta":{"_et_pb_use_builder":"on","_et_pb_old_content":"","_et_gb_content_width":"","footnotes":""},"class_list":["post-3855","page","type-page","status-publish","hentry"],"yoast_head":"<!-- This site is optimized with the Yoast SEO plugin v27.4 - https:\/\/yoast.com\/product\/yoast-seo-wordpress\/ -->\n<title>D\u00e9veloppement \u00e0 long terme de l\u2019athl\u00e8te - Nordiq Canada<\/title>\n<meta name=\"description\" content=\"D\u00e9veloppement \u00e0 long terme de l\u2019athl\u00e8te\" \/>\n<meta name=\"robots\" content=\"index, follow, max-snippet:-1, max-image-preview:large, max-video-preview:-1\" \/>\n<link rel=\"canonical\" href=\"https:\/\/nordiqcanada.ca\/fr\/centre-des-athletes\/developpement-a-long-terme-de-lathlete\/\" \/>\n<meta property=\"og:locale\" content=\"fr_FR\" \/>\n<meta property=\"og:type\" content=\"article\" \/>\n<meta property=\"og:title\" content=\"D\u00e9veloppement \u00e0 long terme de l\u2019athl\u00e8te - Nordiq Canada\" \/>\n<meta property=\"og:description\" content=\"D\u00e9veloppement \u00e0 long terme de l\u2019athl\u00e8te\" \/>\n<meta property=\"og:url\" content=\"https:\/\/nordiqcanada.ca\/fr\/centre-des-athletes\/developpement-a-long-terme-de-lathlete\/\" \/>\n<meta property=\"og:site_name\" content=\"Nordiq Canada\" \/>\n<meta property=\"article:modified_time\" content=\"2022-08-05T21:26:58+00:00\" \/>\n<meta name=\"twitter:card\" content=\"summary_large_image\" \/>\n<meta name=\"twitter:label1\" content=\"Dur\u00e9e de lecture estim\u00e9e\" \/>\n\t<meta name=\"twitter:data1\" content=\"3 minutes\" \/>\n<script type=\"application\/ld+json\" class=\"yoast-schema-graph\">{\"@context\":\"https:\\\/\\\/schema.org\",\"@graph\":[{\"@type\":\"WebPage\",\"@id\":\"https:\\\/\\\/nordiqcanada.ca\\\/fr\\\/centre-des-athletes\\\/developpement-a-long-terme-de-lathlete\\\/\",\"url\":\"https:\\\/\\\/nordiqcanada.ca\\\/fr\\\/centre-des-athletes\\\/developpement-a-long-terme-de-lathlete\\\/\",\"name\":\"D\u00e9veloppement \u00e0 long terme de l\u2019athl\u00e8te - Nordiq Canada\",\"isPartOf\":{\"@id\":\"https:\\\/\\\/nordiqcanada.ca\\\/fr\\\/#website\"},\"datePublished\":\"2019-10-21T19:29:03+00:00\",\"dateModified\":\"2022-08-05T21:26:58+00:00\",\"description\":\"D\u00e9veloppement \u00e0 long terme de l\u2019athl\u00e8te\",\"breadcrumb\":{\"@id\":\"https:\\\/\\\/nordiqcanada.ca\\\/fr\\\/centre-des-athletes\\\/developpement-a-long-terme-de-lathlete\\\/#breadcrumb\"},\"inLanguage\":\"fr-FR\",\"potentialAction\":[{\"@type\":\"ReadAction\",\"target\":[\"https:\\\/\\\/nordiqcanada.ca\\\/fr\\\/centre-des-athletes\\\/developpement-a-long-terme-de-lathlete\\\/\"]}]},{\"@type\":\"BreadcrumbList\",\"@id\":\"https:\\\/\\\/nordiqcanada.ca\\\/fr\\\/centre-des-athletes\\\/developpement-a-long-terme-de-lathlete\\\/#breadcrumb\",\"itemListElement\":[{\"@type\":\"ListItem\",\"position\":1,\"name\":\"Home\",\"item\":\"https:\\\/\\\/nordiqcanada.ca\\\/fr\\\/\"},{\"@type\":\"ListItem\",\"position\":2,\"name\":\"Centre des athl\u00e8tes\",\"item\":\"https:\\\/\\\/nordiqcanada.ca\\\/fr\\\/centre-des-athletes\\\/\"},{\"@type\":\"ListItem\",\"position\":3,\"name\":\"D\u00e9veloppement \u00e0 long terme de l\u2019athl\u00e8te\"}]},{\"@type\":\"WebSite\",\"@id\":\"https:\\\/\\\/nordiqcanada.ca\\\/fr\\\/#website\",\"url\":\"https:\\\/\\\/nordiqcanada.ca\\\/fr\\\/\",\"name\":\"Nordiq Canada\",\"description\":\"\",\"publisher\":{\"@id\":\"https:\\\/\\\/nordiqcanada.ca\\\/fr\\\/#organization\"},\"potentialAction\":[{\"@type\":\"SearchAction\",\"target\":{\"@type\":\"EntryPoint\",\"urlTemplate\":\"https:\\\/\\\/nordiqcanada.ca\\\/fr\\\/?s={search_term_string}\"},\"query-input\":{\"@type\":\"PropertyValueSpecification\",\"valueRequired\":true,\"valueName\":\"search_term_string\"}}],\"inLanguage\":\"fr-FR\"},{\"@type\":\"Organization\",\"@id\":\"https:\\\/\\\/nordiqcanada.ca\\\/fr\\\/#organization\",\"name\":\"Nordiq Canada\",\"url\":\"https:\\\/\\\/nordiqcanada.ca\\\/fr\\\/\",\"logo\":{\"@type\":\"ImageObject\",\"inLanguage\":\"fr-FR\",\"@id\":\"https:\\\/\\\/nordiqcanada.ca\\\/fr\\\/#\\\/schema\\\/logo\\\/image\\\/\",\"url\":\"https:\\\/\\\/nordiqcanada.ca\\\/wp-content\\\/uploads\\\/Nordiq-Canada_stacked-logo.png\",\"contentUrl\":\"https:\\\/\\\/nordiqcanada.ca\\\/wp-content\\\/uploads\\\/Nordiq-Canada_stacked-logo.png\",\"width\":600,\"height\":721,\"caption\":\"Nordiq Canada\"},\"image\":{\"@id\":\"https:\\\/\\\/nordiqcanada.ca\\\/fr\\\/#\\\/schema\\\/logo\\\/image\\\/\"}}]}<\/script>\n<!-- \/ Yoast SEO plugin. -->","yoast_head_json":{"title":"D\u00e9veloppement \u00e0 long terme de l\u2019athl\u00e8te - Nordiq Canada","description":"D\u00e9veloppement \u00e0 long terme de l\u2019athl\u00e8te","robots":{"index":"index","follow":"follow","max-snippet":"max-snippet:-1","max-image-preview":"max-image-preview:large","max-video-preview":"max-video-preview:-1"},"canonical":"https:\/\/nordiqcanada.ca\/fr\/centre-des-athletes\/developpement-a-long-terme-de-lathlete\/","og_locale":"fr_FR","og_type":"article","og_title":"D\u00e9veloppement \u00e0 long terme de l\u2019athl\u00e8te - Nordiq Canada","og_description":"D\u00e9veloppement \u00e0 long terme de l\u2019athl\u00e8te","og_url":"https:\/\/nordiqcanada.ca\/fr\/centre-des-athletes\/developpement-a-long-terme-de-lathlete\/","og_site_name":"Nordiq Canada","article_modified_time":"2022-08-05T21:26:58+00:00","twitter_card":"summary_large_image","twitter_misc":{"Dur\u00e9e de lecture estim\u00e9e":"3 minutes"},"schema":{"@context":"https:\/\/schema.org","@graph":[{"@type":"WebPage","@id":"https:\/\/nordiqcanada.ca\/fr\/centre-des-athletes\/developpement-a-long-terme-de-lathlete\/","url":"https:\/\/nordiqcanada.ca\/fr\/centre-des-athletes\/developpement-a-long-terme-de-lathlete\/","name":"D\u00e9veloppement \u00e0 long terme de l\u2019athl\u00e8te - Nordiq Canada","isPartOf":{"@id":"https:\/\/nordiqcanada.ca\/fr\/#website"},"datePublished":"2019-10-21T19:29:03+00:00","dateModified":"2022-08-05T21:26:58+00:00","description":"D\u00e9veloppement \u00e0 long terme de l\u2019athl\u00e8te","breadcrumb":{"@id":"https:\/\/nordiqcanada.ca\/fr\/centre-des-athletes\/developpement-a-long-terme-de-lathlete\/#breadcrumb"},"inLanguage":"fr-FR","potentialAction":[{"@type":"ReadAction","target":["https:\/\/nordiqcanada.ca\/fr\/centre-des-athletes\/developpement-a-long-terme-de-lathlete\/"]}]},{"@type":"BreadcrumbList","@id":"https:\/\/nordiqcanada.ca\/fr\/centre-des-athletes\/developpement-a-long-terme-de-lathlete\/#breadcrumb","itemListElement":[{"@type":"ListItem","position":1,"name":"Home","item":"https:\/\/nordiqcanada.ca\/fr\/"},{"@type":"ListItem","position":2,"name":"Centre des athl\u00e8tes","item":"https:\/\/nordiqcanada.ca\/fr\/centre-des-athletes\/"},{"@type":"ListItem","position":3,"name":"D\u00e9veloppement \u00e0 long terme de l\u2019athl\u00e8te"}]},{"@type":"WebSite","@id":"https:\/\/nordiqcanada.ca\/fr\/#website","url":"https:\/\/nordiqcanada.ca\/fr\/","name":"Nordiq Canada","description":"","publisher":{"@id":"https:\/\/nordiqcanada.ca\/fr\/#organization"},"potentialAction":[{"@type":"SearchAction","target":{"@type":"EntryPoint","urlTemplate":"https:\/\/nordiqcanada.ca\/fr\/?s={search_term_string}"},"query-input":{"@type":"PropertyValueSpecification","valueRequired":true,"valueName":"search_term_string"}}],"inLanguage":"fr-FR"},{"@type":"Organization","@id":"https:\/\/nordiqcanada.ca\/fr\/#organization","name":"Nordiq Canada","url":"https:\/\/nordiqcanada.ca\/fr\/","logo":{"@type":"ImageObject","inLanguage":"fr-FR","@id":"https:\/\/nordiqcanada.ca\/fr\/#\/schema\/logo\/image\/","url":"https:\/\/nordiqcanada.ca\/wp-content\/uploads\/Nordiq-Canada_stacked-logo.png","contentUrl":"https:\/\/nordiqcanada.ca\/wp-content\/uploads\/Nordiq-Canada_stacked-logo.png","width":600,"height":721,"caption":"Nordiq Canada"},"image":{"@id":"https:\/\/nordiqcanada.ca\/fr\/#\/schema\/logo\/image\/"}}]}},"_links":{"self":[{"href":"https:\/\/nordiqcanada.ca\/fr\/wp-json\/wp\/v2\/pages\/3855","targetHints":{"allow":["GET"]}}],"collection":[{"href":"https:\/\/nordiqcanada.ca\/fr\/wp-json\/wp\/v2\/pages"}],"about":[{"href":"https:\/\/nordiqcanada.ca\/fr\/wp-json\/wp\/v2\/types\/page"}],"author":[{"embeddable":true,"href":"https:\/\/nordiqcanada.ca\/fr\/wp-json\/wp\/v2\/users\/1"}],"replies":[{"embeddable":true,"href":"https:\/\/nordiqcanada.ca\/fr\/wp-json\/wp\/v2\/comments?post=3855"}],"version-history":[{"count":0,"href":"https:\/\/nordiqcanada.ca\/fr\/wp-json\/wp\/v2\/pages\/3855\/revisions"}],"up":[{"embeddable":true,"href":"https:\/\/nordiqcanada.ca\/fr\/wp-json\/wp\/v2\/pages\/4235"}],"wp:attachment":[{"href":"https:\/\/nordiqcanada.ca\/fr\/wp-json\/wp\/v2\/media?parent=3855"}],"curies":[{"name":"wp","href":"https:\/\/api.w.org\/{rel}","templated":true}]}}