{"id":3863,"date":"2019-08-19T12:57:04","date_gmt":"2019-08-19T18:57:04","guid":{"rendered":"https:\/\/nordiqcanada.ca\/para-nordique\/"},"modified":"2024-11-07T09:55:45","modified_gmt":"2024-11-07T16:55:45","slug":"paranordique","status":"publish","type":"page","link":"https:\/\/nordiqcanada.ca\/fr\/centre-des-athletes\/paranordique\/","title":{"rendered":"Paranordique"},"content":{"rendered":"<p>[et_pb_section fb_built=&#8221;1&#8243; admin_label=&#8221;Top of page banner&#8221; _builder_version=&#8221;3.26.5&#8243; custom_margin=&#8221;0px||0px||false|false&#8221; custom_padding=&#8221;0px||0px||false|false&#8221;][et_pb_row _builder_version=&#8221;3.26.3&#8243; width=&#8221;100%&#8221; max_width=&#8221;100%&#8221; custom_margin=&#8221;0px||0px||false|false&#8221; custom_padding=&#8221;0px||0px||false|false&#8221;][et_pb_column type=&#8221;4_4&#8243; _builder_version=&#8221;3.26.3&#8243;][et_pb_image src=&#8221;https:\/\/nordiqcanada.ca\/wp-content\/uploads\/para-nordic-copy.jpg&#8221; title_text=&#8221;para nordic copy&#8221; force_fullwidth=&#8221;on&#8221; _builder_version=&#8221;4.9.7&#8243;][\/et_pb_image][\/et_pb_column][\/et_pb_row][\/et_pb_section][et_pb_section fb_built=&#8221;1&#8243; specialty=&#8221;on&#8221; _builder_version=&#8221;3.26.6&#8243;][et_pb_column type=&#8221;1_4&#8243; _builder_version=&#8221;3.25&#8243; custom_padding=&#8221;|||&#8221; custom_padding__hover=&#8221;|||&#8221;][et_pb_text _builder_version=&#8221;3.27.4&#8243;][et_pb_section global_module=\"3904\"][\/et_pb_section][\/et_pb_text][\/et_pb_column][et_pb_column type=&#8221;3_4&#8243; specialty_columns=&#8221;3&#8243; _builder_version=&#8221;3.25&#8243; custom_padding=&#8221;|||&#8221; custom_padding__hover=&#8221;|||&#8221;][et_pb_row_inner _builder_version=&#8221;3.26.6&#8243; custom_margin=&#8221;0px||0px||false|false&#8221; custom_padding=&#8221;0px||0px||false|false&#8221;][et_pb_column_inner saved_specialty_column_type=&#8221;3_4&#8243; _builder_version=&#8221;3.26.6&#8243;][et_pb_text module_class=&#8221;introtext&#8221; _builder_version=&#8221;4.9.7&#8243; hover_enabled=&#8221;0&#8243; sticky_enabled=&#8221;0&#8243;]<\/p>\n<h1>Programmes de ski Paranordique<\/h1>\n<p aria-level=\"1\"><span data-contrast=\"none\">Le ski Paranordique comprend le ski de fond et le biathlon pour les athl\u00e8tes ayant un handicap physique.\u00a0<\/span><span data-ccp-props=\"{&quot;134245418&quot;:true,&quot;134245529&quot;:true,&quot;201341983&quot;:0,&quot;335559738&quot;:360,&quot;335559739&quot;:240,&quot;335559740&quot;:279}\">\u00a0<\/span><\/p>\n<p aria-level=\"1\"><span data-contrast=\"none\">Le terme \u00ab para\u202f\u00bb vient du grec et signifie \u00ab\u202f\u00e0 c\u00f4t\u00e9 de\u202f\u00bb. <\/span><span data-contrast=\"none\">L&#8217;utilisation actuelle du terme provient des Jeux Paralympiques, qui indiquent que les Jeux sont parall\u00e8les aux Jeux olympiques.<\/span><span data-ccp-props=\"{&quot;134245418&quot;:true,&quot;134245529&quot;:true,&quot;201341983&quot;:0,&quot;335559738&quot;:360,&quot;335559739&quot;:240,&quot;335559740&quot;:279}\">\u00a0<\/span><\/p>\n<p aria-level=\"1\"><span data-contrast=\"none\">Nordiq Canada travaille avec les divisions et les clubs pour d\u00e9velopper des programmes et des entra\u00eeneurs pour les skieurs Paranordiques. <\/span><span data-contrast=\"none\">Les meilleurs athl\u00e8tes sont pr\u00e9par\u00e9s \u00e0 participer aux Coupes du monde FIS et IBU de ski para et aux Jeux Paralympiques.<\/span><span data-ccp-props=\"{&quot;134245418&quot;:true,&quot;134245529&quot;:true,&quot;201341983&quot;:0,&quot;335559738&quot;:0,&quot;335559739&quot;:240,&quot;335559740&quot;:279}\">\u00a0<\/span><\/p>\n<p>[\/et_pb_text][\/et_pb_column_inner][\/et_pb_row_inner][et_pb_row_inner _builder_version=&#8221;3.27.4&#8243;][et_pb_column_inner saved_specialty_column_type=&#8221;3_4&#8243; _builder_version=&#8221;3.27.4&#8243;][et_pb_text _builder_version=&#8221;4.9.7&#8243; hover_enabled=&#8221;0&#8243; sticky_enabled=&#8221;0&#8243;]<\/p>\n<h3>D\u00e9veloppement<\/h3>\n<p><span data-contrast=\"none\">Les programmes para-nordiques sont offerts par des clubs de ski partout au pays selon le\u202f<\/span><a href=\"https:\/\/nordiqcanada.ca\/skiers-and-programs\/long-term-athlete-development\/\"><span data-contrast=\"none\">mod\u00e8le de d\u00e9veloppement \u00e0 long terme de<\/span><\/a><span data-contrast=\"none\">\u202fl&#8217;<\/span><a href=\"https:\/\/nordiqcanada.ca\/skiers-and-programs\/long-term-athlete-development\/\"><span data-contrast=\"none\">athl\u00e8te [DLTA]<\/span><\/a><span data-contrast=\"none\">\u202fde Nordiq Canada.\u202f<\/span><a href=\"https:\/\/nordiqcanada.ca\/find-a-club\/\"><span data-contrast=\"none\">Communiquez avec votre club local<\/span><\/a><span data-contrast=\"none\">\u202fpour en savoir plus.\u202f<\/span><span data-ccp-props=\"{&quot;134233117&quot;:true,&quot;134233118&quot;:true,&quot;201341983&quot;:0,&quot;335559739&quot;:0,&quot;335559740&quot;:240}\">\u00a0<\/span><\/p>\n<p><span data-contrast=\"none\">Vous avez besoin d&#8217;aide pour inclure les participants et les athl\u00e8tes para-nordiques dans le programme de votre club ? Consultez le Guide de d\u00e9part :\u202fProgrammes para-nordiques des clubs\u202fdans le\u202f<\/span><a href=\"https:\/\/nordiqcanada.ca\/fr\/centre-de-documentation\/\"><span data-contrast=\"none\">Centre de <\/span><\/a><a class=\"Hyperlink HyperlinkGateOff SCXW225020875 BCX0\" href=\"https:\/\/nordiqcanada.ca\/fr\/centre-de-documentation\/\" target=\"_blank\" rel=\"noreferrer noopener\"><span class=\"TextRun SCXW225020875 BCX0\" lang=\"FR-FR\" xml:lang=\"FR-FR\" data-contrast=\"none\"><span class=\"NormalTextRun SCXW225020875 BCX0\" data-ccp-parastyle=\"Normal (Web)\">documentation<\/span><\/span><\/a><span class=\"TextRun SCXW225020875 BCX0\" lang=\"FR-FR\" xml:lang=\"FR-FR\" data-contrast=\"none\"><span class=\"NormalTextRun SCXW225020875 BCX0\" data-ccp-parastyle=\"Normal (Web)\">\u202fet communiquez avec votre\u202f<\/span><\/span><a class=\"Hyperlink HyperlinkGateOff SCXW225020875 BCX0\" href=\"https:\/\/nordiqcanada.ca\/fr\/a-propos\/divisions\/\" target=\"_blank\" rel=\"noreferrer noopener\"><span class=\"TextRun SCXW225020875 BCX0\" lang=\"FR-FR\" xml:lang=\"FR-FR\" data-contrast=\"none\"><span class=\"NormalTextRun SCXW225020875 BCX0\" data-ccp-parastyle=\"Normal (Web)\">division<\/span><\/span><\/a><span class=\"TextRun SCXW225020875 BCX0\" lang=\"FR-FR\" xml:lang=\"FR-FR\" data-contrast=\"none\"><span class=\"NormalTextRun SCXW225020875 BCX0\" data-ccp-parastyle=\"Normal (Web)\">.<\/span><\/span><\/p>\n<h3>Comp\u00e9tition internationale<\/h3>\n<p><span data-contrast=\"none\">Le ski Paranordique est organis\u00e9 et r\u00e9gi par la F\u00e9d\u00e9ration Internationale de Ski et de Snowboard\u202f<\/span><a href=\"https:\/\/xn--iba\/\"><span data-contrast=\"none\">(FIS<\/span><\/a><span data-contrast=\"none\">) et l&#8217;Union Internationale de Biathlon (<\/span><a href=\"https:\/\/xn--iba\/\"><span data-contrast=\"none\">IBU<\/span><\/a><span data-contrast=\"none\">).\u202f<\/span><span data-ccp-props=\"{&quot;134233117&quot;:true,&quot;134233118&quot;:true,&quot;201341983&quot;:0,&quot;335559739&quot;:0,&quot;335559740&quot;:240}\">\u00a0<\/span><\/p>\n<p><span data-contrast=\"none\">Le Canada suit les r\u00e8gles et r\u00e8glements de la FIS et de l&#8217;IBU. La FIS est l&#8217;organisme directeur pour toutes les \u00e9preuves de ski de fond et l&#8217;IBU est l&#8217;organisme directeur pour toutes les \u00e9preuves de biathlon.\u202f<\/span><span data-ccp-props=\"{&quot;134233117&quot;:true,&quot;134233118&quot;:true,&quot;201341983&quot;:0,&quot;335559739&quot;:0,&quot;335559740&quot;:240}\">\u00a0<\/span><\/p>\n<p><span data-contrast=\"none\">La FIS et l&#8217;IBU d\u00e9finissent tous les sports para comme \u00e9tant destin\u00e9s aux personnes ayant une d\u00e9ficience principale appartenant \u00e0 l&#8217;un des\u202f<\/span><a href=\"https:\/\/www.paralympic.org\/Classification\/Introduction\"><span data-contrast=\"none\">dix types de d\u00e9ficience admissibles<\/span><\/a><span data-contrast=\"none\">.<\/span><span data-ccp-props=\"{&quot;134233117&quot;:true,&quot;134233118&quot;:true,&quot;201341983&quot;:0,&quot;335559739&quot;:0,&quot;335559740&quot;:240}\">\u00a0<\/span><\/p>\n<h3>Classification<\/h3>\n<p><span data-contrast=\"none\">Le syst\u00e8me de classification permet aux athl\u00e8tes en situation de handicap physique de concourir sur un pied d&#8217;\u00e9galit\u00e9. Il r\u00e9duit l&#8217;impact du handicap sur les r\u00e9sultats de la comp\u00e9tition, de mani\u00e8re \u00e0 ce que les performances des athl\u00e8tes soient \u00e9valu\u00e9es en fonction de leurs capacit\u00e9s athl\u00e9tiques. Les athl\u00e8tes sont \u00e9valu\u00e9s et regroup\u00e9s en cat\u00e9gories sportives d\u00e9finies par le degr\u00e9 de fonction associ\u00e9 \u00e0 leur handicap.<\/span><span data-ccp-props=\"{&quot;201341983&quot;:0,&quot;335559739&quot;:0,&quot;335559740&quot;:240}\">\u00a0<\/span><\/p>\n<p><span data-contrast=\"none\">Le Comit\u00e9 international paralympique (CIP) et la FIS r\u00e9glementent la classification pour le sport paralympique \u00e0 l&#8217;aide d&#8217;un ensemble de r\u00e8gles appel\u00e9 le Code de classification du CIP. Nordiq Canada a \u00e9galement sa propre politique de classification pour guider son syst\u00e8me de classification national.<\/span><span data-ccp-props=\"{&quot;134233117&quot;:false,&quot;134233118&quot;:false,&quot;201341983&quot;:0,&quot;335559738&quot;:0,&quot;335559739&quot;:0,&quot;335559740&quot;:240}\">\u00a0<\/span><\/p>\n<p><span data-contrast=\"none\">Le ski Paranordique (ski de fond et biathlon) est divis\u00e9 en trois cat\u00e9gories <\/span><span data-contrast=\"none\">principales, chacune comportant plusieurs cat\u00e9gories sportives. En comp\u00e9tition, chaque cat\u00e9gorie repr\u00e9sente une \u00e9preuve distincte pour l\u2019obtention d\u2019une m\u00e9daille.<\/span><span data-ccp-props=\"{&quot;134233117&quot;:false,&quot;134233118&quot;:false,&quot;201341983&quot;:0,&quot;335559738&quot;:0,&quot;335559739&quot;:0,&quot;335559740&quot;:240}\">\u00a0<\/span><\/p>\n<ul>\n<li><span data-contrast=\"none\">Debout LW 2-9<\/span><span data-ccp-props=\"{&quot;201341983&quot;:0,&quot;335557856&quot;:16777215,&quot;335559740&quot;:390}\">\u00a0<\/span><\/li>\n<li><span data-contrast=\"none\">Assis LW 10-12<\/span><span data-ccp-props=\"{&quot;201341983&quot;:0,&quot;335557856&quot;:16777215,&quot;335559740&quot;:390}\">\u00a0<\/span><\/li>\n<li><span data-contrast=\"none\">D\u00e9ficience visuelle NS 1-3<\/span><\/li>\n<\/ul>\n<p><span data-contrast=\"none\">Les codes identifient la cat\u00e9gorie de comp\u00e9tition sp\u00e9cifique de l\u2019athl\u00e8te. <\/span><\/p>\n<ul>\n<li><span data-contrast=\"none\">LW (locomotion winter ou locomotion hiver) d\u00e9signe les athl\u00e8tes d\u2019hiver ayant un handicap de locomotion<\/span><\/li>\n<li><span data-contrast=\"none\">B (blind ou aveugle) d\u00e9signe les athl\u00e8tes ayant une d\u00e9ficience visuelle.<\/span><span data-ccp-props=\"{&quot;134233117&quot;:false,&quot;134233118&quot;:false,&quot;201341983&quot;:0,&quot;335559738&quot;:0,&quot;335559739&quot;:0,&quot;335559740&quot;:240}\">\u00a0<\/span><\/li>\n<\/ul>\n<p><span data-contrast=\"none\">Les r\u00e9sultats d\u2019une comp\u00e9tition reposent sur une formule de temps pond\u00e9r\u00e9 (pourcentage) pour chaque classification, dans chacune des cat\u00e9gories, dans le but de cr\u00e9er une comp\u00e9tition \u00e9quitable.<\/span><\/p>\n<h3><span class=\"NormalTextRun SCXW232283736 BCX0\" data-ccp-parastyle=\"heading 1\">Recrutement de g<\/span><span class=\"NormalTextRun SCXW232283736 BCX0\" data-ccp-parastyle=\"heading 1\">uides <\/span><span class=\"LastReplacedFindHitThemed SCXW232283736 BCX0\" data-ccp-parastyle=\"heading 1\">Paranordique<\/span><span class=\"NormalTextRun SCXW232283736 BCX0\" data-ccp-parastyle=\"heading 1\">s<\/span><\/h3>\n<p aria-level=\"1\"><span data-contrast=\"none\">Nous sommes constamment \u00e0 la recherche de guides pour accompagner les athl\u00e8tes ayant une d\u00e9ficience visuelle lors des comp\u00e9titions nationales et internationales Paranordiques.<\/span><span data-ccp-props=\"{&quot;134245418&quot;:true,&quot;134245529&quot;:true,&quot;201341983&quot;:0,&quot;335559738&quot;:360,&quot;335559739&quot;:240,&quot;335559740&quot;:279}\">\u00a0<\/span><\/p>\n<p aria-level=\"1\"><span data-contrast=\"none\">Si cette opportunit\u00e9 vous int\u00e9resse, n\u2019h\u00e9sitez pas \u00e0 nous contacter \u00e0 Info@nordiqcanada.ca pour obtenir plus d\u2019informations.<\/span><\/p>\n<h3 aria-level=\"1\"><span class=\"TextRun SCXW109762825 BCX0\" lang=\"FR-FR\" xml:lang=\"FR-FR\" data-contrast=\"none\"><span class=\"NormalTextRun SCXW109762825 BCX0\" data-ccp-parastyle=\"Normal (Web)\">Les ressources <\/span><span class=\"LastReplacedFindHitThemed SCXW109762825 BCX0\" data-ccp-parastyle=\"Normal (Web)\">Paranordique<\/span><span class=\"NormalTextRun SCXW109762825 BCX0\" data-ccp-parastyle=\"Normal (Web)\">s<\/span><\/span><\/h3>\n<p aria-level=\"1\"><span class=\"TextRun SCXW109762825 BCX0\" lang=\"FR-FR\" xml:lang=\"FR-FR\" data-contrast=\"none\"><span class=\"NormalTextRun SCXW109762825 BCX0\" data-ccp-parastyle=\"Normal (Web)\">Consultez les ressources <\/span><span class=\"LastReplacedFindHitThemed SCXW109762825 BCX0\" data-ccp-parastyle=\"Normal (Web)\">Paranordique<\/span><span class=\"NormalTextRun SCXW109762825 BCX0\" data-ccp-parastyle=\"Normal (Web)\">s dans le<\/span><span class=\"NormalTextRun SCXW109762825 BCX0\" data-ccp-charstyle=\"apple-converted-space\" data-ccp-charstyle-defn=\"{&quot;ObjectId&quot;:&quot;12eaca3d-6e99-4b9e-9955-0363c858af19|77&quot;,&quot;ClassId&quot;:1073872969,&quot;Properties&quot;:[201342446,&quot;1&quot;,201342447,&quot;5&quot;,201342448,&quot;3&quot;,201342449,&quot;1&quot;,469777841,&quot;Aptos&quot;,469777842,&quot;&quot;,469777843,&quot;&quot;,469777844,&quot;Aptos&quot;,201341986,&quot;1&quot;,469769226,&quot;Aptos&quot;,268442635,&quot;24&quot;,469775450,&quot;apple-converted-space&quot;,201340122,&quot;1&quot;,134233614,&quot;true&quot;,469778129,&quot;apple-converted-space&quot;,335572020,&quot;1&quot;,469778324,&quot;Default Paragraph Font&quot;]}\">\u202f<\/span><\/span><a class=\"Hyperlink HyperlinkGateOff SCXW109762825 BCX0\" href=\"https:\/\/nordiqcanada.ca\/fr\/centre-de-documentation\/\" target=\"_blank\" rel=\"noreferrer noopener\"><span class=\"TextRun Underlined UnderlinedGateOff SCXW109762825 BCX0\" lang=\"FR-FR\" xml:lang=\"FR-FR\" data-contrast=\"none\"><span class=\"NormalTextRun SCXW109762825 BCX0\" data-ccp-charstyle=\"Hyperlink\">Centre de documentation<\/span><\/span><\/a><span class=\"TextRun SCXW109762825 BCX0\" lang=\"FR-FR\" xml:lang=\"FR-FR\" data-contrast=\"none\"><span class=\"NormalTextRun SCXW109762825 BCX0\" data-ccp-parastyle=\"Normal (Web)\">.<\/span><\/span><span class=\"EOP SCXW109762825 BCX0\" data-ccp-props=\"{&quot;134233117&quot;:false,&quot;134233118&quot;:false,&quot;201341983&quot;:0,&quot;335559738&quot;:0,&quot;335559739&quot;:0,&quot;335559740&quot;:240}\">\u00a0<\/span><\/p>\n<p>[\/et_pb_text][\/et_pb_column_inner][\/et_pb_row_inner][\/et_pb_column][\/et_pb_section][et_pb_section fb_built=&#8221;1&#8243; fullwidth=&#8221;on&#8221; admin_label=&#8221;Full Footer&#8221; _builder_version=&#8221;4.9.7&#8243; _module_preset=&#8221;default&#8221; global_module=&#8221;13254&#8243; locked=&#8221;on&#8221;][et_pb_fullwidth_code _builder_version=&#8221;4.9.7&#8243; _module_preset=&#8221;default&#8221; locked=&#8221;off&#8221;][et_pb_section global_module=\"13251\"][\/et_pb_section]<!-- [et_pb_line_break_holder] -->[et_pb_section global_module=\"13248\"][\/et_pb_section]<!-- [et_pb_line_break_holder] -->[et_pb_section global_module=\"13097\"][\/et_pb_section]<!-- [et_pb_line_break_holder] -->[et_pb_section global_module=\"13100\"][\/et_pb_section][\/et_pb_fullwidth_code][\/et_pb_section]<\/p>\n","protected":false},"excerpt":{"rendered":"<p>[et_pb_section fb_built=&#8221;1&#8243; admin_label=&#8221;Top of page banner&#8221; _builder_version=&#8221;3.26.5&#8243; custom_margin=&#8221;0px||0px||false|false&#8221; custom_padding=&#8221;0px||0px||false|false&#8221;][et_pb_row _builder_version=&#8221;3.26.3&#8243; width=&#8221;100%&#8221; max_width=&#8221;100%&#8221; custom_margin=&#8221;0px||0px||false|false&#8221; custom_padding=&#8221;0px||0px||false|false&#8221;][et_pb_column type=&#8221;4_4&#8243; _builder_version=&#8221;3.26.3&#8243;][et_pb_image src=&#8221;https:\/\/nordiqcanada.ca\/wp-content\/uploads\/para-nordic-copy.jpg&#8221; title_text=&#8221;para nordic copy&#8221; force_fullwidth=&#8221;on&#8221; _builder_version=&#8221;4.9.7&#8243;][\/et_pb_image][\/et_pb_column][\/et_pb_row][\/et_pb_section][et_pb_section fb_built=&#8221;1&#8243; specialty=&#8221;on&#8221; _builder_version=&#8221;3.26.6&#8243;][et_pb_column type=&#8221;1_4&#8243; _builder_version=&#8221;3.25&#8243; custom_padding=&#8221;|||&#8221; custom_padding__hover=&#8221;|||&#8221;][et_pb_text _builder_version=&#8221;3.27.4&#8243;][\/et_pb_text][\/et_pb_column][et_pb_column type=&#8221;3_4&#8243; specialty_columns=&#8221;3&#8243; _builder_version=&#8221;3.25&#8243; custom_padding=&#8221;|||&#8221; custom_padding__hover=&#8221;|||&#8221;][et_pb_row_inner _builder_version=&#8221;3.26.6&#8243; custom_margin=&#8221;0px||0px||false|false&#8221; custom_padding=&#8221;0px||0px||false|false&#8221;][et_pb_column_inner saved_specialty_column_type=&#8221;3_4&#8243; _builder_version=&#8221;3.26.6&#8243;][et_pb_text module_class=&#8221;introtext&#8221; _builder_version=&#8221;4.9.7&#8243; hover_enabled=&#8221;0&#8243; sticky_enabled=&#8221;0&#8243;] Programmes de ski Paranordique Le ski Paranordique comprend le ski de [&hellip;]<\/p>\n","protected":false},"author":1,"featured_media":0,"parent":4235,"menu_order":0,"comment_status":"closed","ping_status":"closed","template":"","meta":{"_et_pb_use_builder":"on","_et_pb_old_content":"","_et_gb_content_width":"","footnotes":""},"class_list":["post-3863","page","type-page","status-publish","hentry"],"yoast_head":"<!-- This site is optimized with the Yoast SEO plugin v27.3 - https:\/\/yoast.com\/product\/yoast-seo-wordpress\/ -->\n<title>Paranordique - Nordiq Canada<\/title>\n<meta name=\"description\" content=\"Le ski para-nordique comprend le ski de fond et le biathlon pour les athl\u00e8tes de tous \u00e2ges ayant une d\u00e9ficience physique. Nordiq Canada travaille avec les clubs pour d\u00e9velopper des programmes et des entra\u00eeneurs pour les skieurs para-nordiques, et nous pr\u00e9parons les meilleurs de ces athl\u00e8tes \u00e0 participer aux Jeux paralympiques.\" \/>\n<meta name=\"robots\" content=\"index, follow, max-snippet:-1, max-image-preview:large, max-video-preview:-1\" \/>\n<link rel=\"canonical\" href=\"https:\/\/nordiqcanada.ca\/fr\/centre-des-athletes\/paranordique\/\" \/>\n<meta property=\"og:locale\" content=\"fr_FR\" \/>\n<meta property=\"og:type\" content=\"article\" \/>\n<meta property=\"og:title\" content=\"Paranordique - Nordiq Canada\" \/>\n<meta property=\"og:description\" content=\"Le ski para-nordique comprend le ski de fond et le biathlon pour les athl\u00e8tes de tous \u00e2ges ayant une d\u00e9ficience physique. Nordiq Canada travaille avec les clubs pour d\u00e9velopper des programmes et des entra\u00eeneurs pour les skieurs para-nordiques, et nous pr\u00e9parons les meilleurs de ces athl\u00e8tes \u00e0 participer aux Jeux paralympiques.\" \/>\n<meta property=\"og:url\" content=\"https:\/\/nordiqcanada.ca\/fr\/centre-des-athletes\/paranordique\/\" \/>\n<meta property=\"og:site_name\" content=\"Nordiq Canada\" \/>\n<meta property=\"article:modified_time\" content=\"2024-11-07T16:55:45+00:00\" \/>\n<meta name=\"twitter:card\" content=\"summary_large_image\" \/>\n<meta name=\"twitter:label1\" content=\"Dur\u00e9e de lecture estim\u00e9e\" \/>\n\t<meta name=\"twitter:data1\" content=\"9 minutes\" \/>\n<script type=\"application\/ld+json\" class=\"yoast-schema-graph\">{\"@context\":\"https:\\\/\\\/schema.org\",\"@graph\":[{\"@type\":\"WebPage\",\"@id\":\"https:\\\/\\\/nordiqcanada.ca\\\/fr\\\/centre-des-athletes\\\/paranordique\\\/\",\"url\":\"https:\\\/\\\/nordiqcanada.ca\\\/fr\\\/centre-des-athletes\\\/paranordique\\\/\",\"name\":\"Paranordique - Nordiq Canada\",\"isPartOf\":{\"@id\":\"https:\\\/\\\/nordiqcanada.ca\\\/fr\\\/#website\"},\"datePublished\":\"2019-08-19T18:57:04+00:00\",\"dateModified\":\"2024-11-07T16:55:45+00:00\",\"description\":\"Le ski para-nordique comprend le ski de fond et le biathlon pour les athl\u00e8tes de tous \u00e2ges ayant une d\u00e9ficience physique. Nordiq Canada travaille avec les clubs pour d\u00e9velopper des programmes et des entra\u00eeneurs pour les skieurs para-nordiques, et nous pr\u00e9parons les meilleurs de ces athl\u00e8tes \u00e0 participer aux Jeux paralympiques.\",\"breadcrumb\":{\"@id\":\"https:\\\/\\\/nordiqcanada.ca\\\/fr\\\/centre-des-athletes\\\/paranordique\\\/#breadcrumb\"},\"inLanguage\":\"fr-FR\",\"potentialAction\":[{\"@type\":\"ReadAction\",\"target\":[\"https:\\\/\\\/nordiqcanada.ca\\\/fr\\\/centre-des-athletes\\\/paranordique\\\/\"]}]},{\"@type\":\"BreadcrumbList\",\"@id\":\"https:\\\/\\\/nordiqcanada.ca\\\/fr\\\/centre-des-athletes\\\/paranordique\\\/#breadcrumb\",\"itemListElement\":[{\"@type\":\"ListItem\",\"position\":1,\"name\":\"Home\",\"item\":\"https:\\\/\\\/nordiqcanada.ca\\\/fr\\\/\"},{\"@type\":\"ListItem\",\"position\":2,\"name\":\"Centre des athl\u00e8tes\",\"item\":\"https:\\\/\\\/nordiqcanada.ca\\\/fr\\\/centre-des-athletes\\\/\"},{\"@type\":\"ListItem\",\"position\":3,\"name\":\"Paranordique\"}]},{\"@type\":\"WebSite\",\"@id\":\"https:\\\/\\\/nordiqcanada.ca\\\/fr\\\/#website\",\"url\":\"https:\\\/\\\/nordiqcanada.ca\\\/fr\\\/\",\"name\":\"Nordiq Canada\",\"description\":\"\",\"publisher\":{\"@id\":\"https:\\\/\\\/nordiqcanada.ca\\\/fr\\\/#organization\"},\"potentialAction\":[{\"@type\":\"SearchAction\",\"target\":{\"@type\":\"EntryPoint\",\"urlTemplate\":\"https:\\\/\\\/nordiqcanada.ca\\\/fr\\\/?s={search_term_string}\"},\"query-input\":{\"@type\":\"PropertyValueSpecification\",\"valueRequired\":true,\"valueName\":\"search_term_string\"}}],\"inLanguage\":\"fr-FR\"},{\"@type\":\"Organization\",\"@id\":\"https:\\\/\\\/nordiqcanada.ca\\\/fr\\\/#organization\",\"name\":\"Nordiq Canada\",\"url\":\"https:\\\/\\\/nordiqcanada.ca\\\/fr\\\/\",\"logo\":{\"@type\":\"ImageObject\",\"inLanguage\":\"fr-FR\",\"@id\":\"https:\\\/\\\/nordiqcanada.ca\\\/fr\\\/#\\\/schema\\\/logo\\\/image\\\/\",\"url\":\"https:\\\/\\\/nordiqcanada.ca\\\/wp-content\\\/uploads\\\/Nordiq-Canada_stacked-logo.png\",\"contentUrl\":\"https:\\\/\\\/nordiqcanada.ca\\\/wp-content\\\/uploads\\\/Nordiq-Canada_stacked-logo.png\",\"width\":600,\"height\":721,\"caption\":\"Nordiq Canada\"},\"image\":{\"@id\":\"https:\\\/\\\/nordiqcanada.ca\\\/fr\\\/#\\\/schema\\\/logo\\\/image\\\/\"}}]}<\/script>\n<!-- \/ Yoast SEO plugin. -->","yoast_head_json":{"title":"Paranordique - Nordiq Canada","description":"Le ski para-nordique comprend le ski de fond et le biathlon pour les athl\u00e8tes de tous \u00e2ges ayant une d\u00e9ficience physique. Nordiq Canada travaille avec les clubs pour d\u00e9velopper des programmes et des entra\u00eeneurs pour les skieurs para-nordiques, et nous pr\u00e9parons les meilleurs de ces athl\u00e8tes \u00e0 participer aux Jeux paralympiques.","robots":{"index":"index","follow":"follow","max-snippet":"max-snippet:-1","max-image-preview":"max-image-preview:large","max-video-preview":"max-video-preview:-1"},"canonical":"https:\/\/nordiqcanada.ca\/fr\/centre-des-athletes\/paranordique\/","og_locale":"fr_FR","og_type":"article","og_title":"Paranordique - Nordiq Canada","og_description":"Le ski para-nordique comprend le ski de fond et le biathlon pour les athl\u00e8tes de tous \u00e2ges ayant une d\u00e9ficience physique. Nordiq Canada travaille avec les clubs pour d\u00e9velopper des programmes et des entra\u00eeneurs pour les skieurs para-nordiques, et nous pr\u00e9parons les meilleurs de ces athl\u00e8tes \u00e0 participer aux Jeux paralympiques.","og_url":"https:\/\/nordiqcanada.ca\/fr\/centre-des-athletes\/paranordique\/","og_site_name":"Nordiq Canada","article_modified_time":"2024-11-07T16:55:45+00:00","twitter_card":"summary_large_image","twitter_misc":{"Dur\u00e9e de lecture estim\u00e9e":"9 minutes"},"schema":{"@context":"https:\/\/schema.org","@graph":[{"@type":"WebPage","@id":"https:\/\/nordiqcanada.ca\/fr\/centre-des-athletes\/paranordique\/","url":"https:\/\/nordiqcanada.ca\/fr\/centre-des-athletes\/paranordique\/","name":"Paranordique - Nordiq Canada","isPartOf":{"@id":"https:\/\/nordiqcanada.ca\/fr\/#website"},"datePublished":"2019-08-19T18:57:04+00:00","dateModified":"2024-11-07T16:55:45+00:00","description":"Le ski para-nordique comprend le ski de fond et le biathlon pour les athl\u00e8tes de tous \u00e2ges ayant une d\u00e9ficience physique. Nordiq Canada travaille avec les clubs pour d\u00e9velopper des programmes et des entra\u00eeneurs pour les skieurs para-nordiques, et nous pr\u00e9parons les meilleurs de ces athl\u00e8tes \u00e0 participer aux Jeux paralympiques.","breadcrumb":{"@id":"https:\/\/nordiqcanada.ca\/fr\/centre-des-athletes\/paranordique\/#breadcrumb"},"inLanguage":"fr-FR","potentialAction":[{"@type":"ReadAction","target":["https:\/\/nordiqcanada.ca\/fr\/centre-des-athletes\/paranordique\/"]}]},{"@type":"BreadcrumbList","@id":"https:\/\/nordiqcanada.ca\/fr\/centre-des-athletes\/paranordique\/#breadcrumb","itemListElement":[{"@type":"ListItem","position":1,"name":"Home","item":"https:\/\/nordiqcanada.ca\/fr\/"},{"@type":"ListItem","position":2,"name":"Centre des athl\u00e8tes","item":"https:\/\/nordiqcanada.ca\/fr\/centre-des-athletes\/"},{"@type":"ListItem","position":3,"name":"Paranordique"}]},{"@type":"WebSite","@id":"https:\/\/nordiqcanada.ca\/fr\/#website","url":"https:\/\/nordiqcanada.ca\/fr\/","name":"Nordiq Canada","description":"","publisher":{"@id":"https:\/\/nordiqcanada.ca\/fr\/#organization"},"potentialAction":[{"@type":"SearchAction","target":{"@type":"EntryPoint","urlTemplate":"https:\/\/nordiqcanada.ca\/fr\/?s={search_term_string}"},"query-input":{"@type":"PropertyValueSpecification","valueRequired":true,"valueName":"search_term_string"}}],"inLanguage":"fr-FR"},{"@type":"Organization","@id":"https:\/\/nordiqcanada.ca\/fr\/#organization","name":"Nordiq Canada","url":"https:\/\/nordiqcanada.ca\/fr\/","logo":{"@type":"ImageObject","inLanguage":"fr-FR","@id":"https:\/\/nordiqcanada.ca\/fr\/#\/schema\/logo\/image\/","url":"https:\/\/nordiqcanada.ca\/wp-content\/uploads\/Nordiq-Canada_stacked-logo.png","contentUrl":"https:\/\/nordiqcanada.ca\/wp-content\/uploads\/Nordiq-Canada_stacked-logo.png","width":600,"height":721,"caption":"Nordiq Canada"},"image":{"@id":"https:\/\/nordiqcanada.ca\/fr\/#\/schema\/logo\/image\/"}}]}},"_links":{"self":[{"href":"https:\/\/nordiqcanada.ca\/fr\/wp-json\/wp\/v2\/pages\/3863","targetHints":{"allow":["GET"]}}],"collection":[{"href":"https:\/\/nordiqcanada.ca\/fr\/wp-json\/wp\/v2\/pages"}],"about":[{"href":"https:\/\/nordiqcanada.ca\/fr\/wp-json\/wp\/v2\/types\/page"}],"author":[{"embeddable":true,"href":"https:\/\/nordiqcanada.ca\/fr\/wp-json\/wp\/v2\/users\/1"}],"replies":[{"embeddable":true,"href":"https:\/\/nordiqcanada.ca\/fr\/wp-json\/wp\/v2\/comments?post=3863"}],"version-history":[{"count":0,"href":"https:\/\/nordiqcanada.ca\/fr\/wp-json\/wp\/v2\/pages\/3863\/revisions"}],"up":[{"embeddable":true,"href":"https:\/\/nordiqcanada.ca\/fr\/wp-json\/wp\/v2\/pages\/4235"}],"wp:attachment":[{"href":"https:\/\/nordiqcanada.ca\/fr\/wp-json\/wp\/v2\/media?parent=3863"}],"curies":[{"name":"wp","href":"https:\/\/api.w.org\/{rel}","templated":true}]}}