{"id":3931,"date":"2019-08-19T13:39:19","date_gmt":"2019-08-19T19:39:19","guid":{"rendered":"https:\/\/nordiqcanada.ca\/licence-dentraineur\/"},"modified":"2025-06-20T12:53:30","modified_gmt":"2025-06-20T18:53:30","slug":"licence-dentraineur","status":"publish","type":"page","link":"https:\/\/nordiqcanada.ca\/fr\/entraineurs-et-techniciens\/entraineur\/licence-dentraineur\/","title":{"rendered":"Licence d\u2019entra\u00eeneur"},"content":{"rendered":"<p>[et_pb_section fb_built=&#8221;1&#8243; admin_label=&#8221;Top of page banner&#8221; _builder_version=&#8221;3.26.5&#8243; custom_margin=&#8221;0px||0px||false|false&#8221; custom_padding=&#8221;0px||0px||false|false&#8221;][et_pb_row _builder_version=&#8221;3.26.3&#8243; width=&#8221;100%&#8221; max_width=&#8221;100%&#8221; custom_margin=&#8221;0px||0px||false|false&#8221; custom_padding=&#8221;0px||0px||false|false&#8221;][et_pb_column type=&#8221;4_4&#8243; _builder_version=&#8221;3.26.3&#8243;][et_pb_image src=&#8221;https:\/\/nordiqcanada.ca\/wp-content\/uploads\/Coaching-License-copy-2.jpg&#8221; title_text=&#8221;Coaching License copy&#8221; force_fullwidth=&#8221;on&#8221; _builder_version=&#8221;4.9.7&#8243;][\/et_pb_image][\/et_pb_column][\/et_pb_row][\/et_pb_section][et_pb_section fb_built=&#8221;1&#8243; specialty=&#8221;on&#8221; _builder_version=&#8221;3.26.6&#8243;][et_pb_column type=&#8221;1_4&#8243; _builder_version=&#8221;3.25&#8243; custom_padding=&#8221;|||&#8221; custom_padding__hover=&#8221;|||&#8221;][et_pb_text _builder_version=&#8221;3.27.4&#8243;][et_pb_section global_module=\"3941\"][\/et_pb_section][\/et_pb_text][\/et_pb_column][et_pb_column type=&#8221;3_4&#8243; specialty_columns=&#8221;3&#8243; _builder_version=&#8221;3.25&#8243; custom_padding=&#8221;|||&#8221; custom_padding__hover=&#8221;|||&#8221;][et_pb_row_inner _builder_version=&#8221;3.26.6&#8243; custom_margin=&#8221;0px||0px||false|false&#8221; custom_padding=&#8221;0px||0px||false|false&#8221;][et_pb_column_inner saved_specialty_column_type=&#8221;3_4&#8243; _builder_version=&#8221;3.26.6&#8243;][et_pb_text module_class=&#8221;introtext&#8221; _builder_version=&#8221;4.9.7&#8243;]<\/p>\n<h1>Licence d\u2019entra\u00eeneur et financement<\/h1>\n<p>Les entra\u00eeneurs ont une influence et une responsabilit\u00e9 incroyables sur le d\u00e9veloppement des athl\u00e8tes. Nordiq Canada et les divisions provinciales et territoriales ont besoin de conna\u00eetre les entra\u00eeneurs et leur statut d&#8217;entra\u00eeneur. La licence d&#8217;entra\u00eeneur nous aide \u00e9galement \u00e0 recueillir les donn\u00e9es dont nous avons besoin pour soutenir les entra\u00eeneurs, \u00e9valuer les tendances et \u00e9laborer des initiatives qui profitent aux skieurs.<\/p>\n<p>[\/et_pb_text][\/et_pb_column_inner][\/et_pb_row_inner][et_pb_row_inner _builder_version=&#8221;3.27.4&#8243;][et_pb_column_inner saved_specialty_column_type=&#8221;3_4&#8243; _builder_version=&#8221;3.27.4&#8243;][et_pb_text _builder_version=&#8221;4.9.7&#8243;]<\/p>\n<h2>Qui a besoin d\u2019une licence d\u2019entra\u00eeneur?<\/h2>\n<p>Vous avez besoin d&#8217;une licence d&#8217;entra\u00eeneur si vous effectuez des t\u00e2ches d&#8217;entra\u00eenement ou d&#8217;instruction typiques avec un club de Nordiq Canada, y compris diriger ou aider \u00e0 diriger des pratiques avec tout groupe d&#8217;\u00e2ge. Seuls les entra\u00eeneurs qui satisfont aux exigences minimales obligatoires en mati\u00e8re d&#8217;entra\u00eenement (voir le Centre de documentation) et qui d\u00e9tiennent une licence d&#8217;entra\u00eeneur valide b\u00e9n\u00e9ficieront de l&#8217;assurance responsabilit\u00e9 civile de Nordiq Canada lorsqu&#8217;ils agissent comme entra\u00eeneur aupr\u00e8s d&#8217;un club de ski de Nordiq Canada.<\/p>\n<p>Les renseignements personnels sont confidentiels et ne peuvent \u00eatre utilis\u00e9s que pour la gestion des risques, la planification et la communication entre l&#8217;entra\u00eeneur, Nordiq Canada et le club et la division de l&#8217;entra\u00eeneur.<\/p>\n<p>La licence est renouvelable annuellement et est valide du 1er juillet au 30 juin. L&#8217;inscription d\u00e9bute le 15 juin de chaque ann\u00e9e. Vous devez d\u00e9j\u00e0 \u00eatre membre d&#8217;un club pour vous inscrire pour une licence d&#8217;entra\u00eeneur.<\/p>\n<p>&nbsp;<\/p>\n<p>[\/et_pb_text][et_pb_button button_url=&#8221;https:\/\/zone4.ca\/register.asp?id=39036&#038;lan=2&#8243; button_text=&#8221;Pour s\u2019inscrire&#8221; _builder_version=&#8221;4.9.7&#8243; _module_preset=&#8221;default&#8221; custom_button=&#8221;on&#8221; button_text_color=&#8221;#FFFFFF&#8221; button_bg_color=&#8221;#E02B20&#8243; hover_enabled=&#8221;0&#8243; sticky_enabled=&#8221;0&#8243;][\/et_pb_button][et_pb_text _builder_version=&#8221;4.9.7&#8243; _module_preset=&#8221;default&#8221;]<\/p>\n<h2>\u00a0<\/h2>\n<h2>\u00a0<\/h2>\n<h2>Avantages pour les entra\u00eeneurs<\/h2>\n<ul>\n<li>La licence est gratuite<\/li>\n<li>Assurance responsabilit\u00e9 civile g\u00e9n\u00e9rale<\/li>\n<li>Plus d&#8217;entra\u00eeneurs licenci\u00e9s signifie plus de financement de Sport Canada pour vous soutenir<\/li>\n<li>Avis par courriel au sujet de nouvelles ressources pour les entra\u00eeneurs<\/li>\n<\/ul>\n<p>[\/et_pb_text][\/et_pb_column_inner][\/et_pb_row_inner][\/et_pb_column][\/et_pb_section][et_pb_section fb_built=&#8221;1&#8243; fullwidth=&#8221;on&#8221; admin_label=&#8221;Full Footer&#8221; _builder_version=&#8221;4.9.7&#8243; _module_preset=&#8221;default&#8221; global_module=&#8221;13254&#8243; locked=&#8221;on&#8221;][et_pb_fullwidth_code _builder_version=&#8221;4.9.7&#8243; _module_preset=&#8221;default&#8221; locked=&#8221;off&#8221;][et_pb_section global_module=\"13251\"][\/et_pb_section]<!-- [et_pb_line_break_holder] -->[et_pb_section global_module=\"13248\"][\/et_pb_section]<!-- [et_pb_line_break_holder] -->[et_pb_section global_module=\"13097\"][\/et_pb_section]<!-- [et_pb_line_break_holder] -->[et_pb_section global_module=\"13100\"][\/et_pb_section][\/et_pb_fullwidth_code][\/et_pb_section]<\/p>\n","protected":false},"excerpt":{"rendered":"<p>[et_pb_section fb_built=&#8221;1&#8243; admin_label=&#8221;Top of page banner&#8221; _builder_version=&#8221;3.26.5&#8243; custom_margin=&#8221;0px||0px||false|false&#8221; custom_padding=&#8221;0px||0px||false|false&#8221;][et_pb_row _builder_version=&#8221;3.26.3&#8243; width=&#8221;100%&#8221; max_width=&#8221;100%&#8221; custom_margin=&#8221;0px||0px||false|false&#8221; custom_padding=&#8221;0px||0px||false|false&#8221;][et_pb_column type=&#8221;4_4&#8243; _builder_version=&#8221;3.26.3&#8243;][et_pb_image src=&#8221;https:\/\/nordiqcanada.ca\/wp-content\/uploads\/Coaching-License-copy-2.jpg&#8221; title_text=&#8221;Coaching License copy&#8221; force_fullwidth=&#8221;on&#8221; _builder_version=&#8221;4.9.7&#8243;][\/et_pb_image][\/et_pb_column][\/et_pb_row][\/et_pb_section][et_pb_section fb_built=&#8221;1&#8243; specialty=&#8221;on&#8221; _builder_version=&#8221;3.26.6&#8243;][et_pb_column type=&#8221;1_4&#8243; _builder_version=&#8221;3.25&#8243; custom_padding=&#8221;|||&#8221; custom_padding__hover=&#8221;|||&#8221;][et_pb_text _builder_version=&#8221;3.27.4&#8243;][\/et_pb_text][\/et_pb_column][et_pb_column type=&#8221;3_4&#8243; specialty_columns=&#8221;3&#8243; _builder_version=&#8221;3.25&#8243; custom_padding=&#8221;|||&#8221; custom_padding__hover=&#8221;|||&#8221;][et_pb_row_inner _builder_version=&#8221;3.26.6&#8243; custom_margin=&#8221;0px||0px||false|false&#8221; custom_padding=&#8221;0px||0px||false|false&#8221;][et_pb_column_inner saved_specialty_column_type=&#8221;3_4&#8243; _builder_version=&#8221;3.26.6&#8243;][et_pb_text module_class=&#8221;introtext&#8221; _builder_version=&#8221;4.9.7&#8243;] Licence d\u2019entra\u00eeneur et financement Les entra\u00eeneurs ont une influence et une responsabilit\u00e9 incroyables [&hellip;]<\/p>\n","protected":false},"author":1,"featured_media":0,"parent":4240,"menu_order":0,"comment_status":"closed","ping_status":"closed","template":"","meta":{"_et_pb_use_builder":"on","_et_pb_old_content":"","_et_gb_content_width":"","footnotes":""},"class_list":["post-3931","page","type-page","status-publish","hentry"],"yoast_head":"<!-- This site is optimized with the Yoast SEO plugin v27.4 - https:\/\/yoast.com\/product\/yoast-seo-wordpress\/ -->\n<title>Licence d\u2019entra\u00eeneur - Nordiq Canada<\/title>\n<meta name=\"description\" content=\"Les entra\u00eeneurs ont une influence et une responsabilit\u00e9 incroyables sur le d\u00e9veloppement des athl\u00e8tes. Nordiq Canada et les divisions provinciales et territoriales ont besoin de conna\u00eetre les entra\u00eeneurs et leur statut d&#039;entra\u00eeneur. La licence d&#039;entra\u00eeneur nous aide \u00e9galement \u00e0 recueillir les donn\u00e9es dont nous avons besoin pour soutenir les entra\u00eeneurs, \u00e9valuer les tendances et \u00e9laborer des initiatives qui profitent aux skieurs.\" \/>\n<meta name=\"robots\" content=\"index, follow, max-snippet:-1, max-image-preview:large, max-video-preview:-1\" \/>\n<link rel=\"canonical\" href=\"https:\/\/nordiqcanada.ca\/fr\/entraineurs-et-techniciens\/entraineur\/licence-dentraineur\/\" \/>\n<meta property=\"og:locale\" content=\"fr_FR\" \/>\n<meta property=\"og:type\" content=\"article\" \/>\n<meta property=\"og:title\" content=\"Licence d\u2019entra\u00eeneur - Nordiq Canada\" \/>\n<meta property=\"og:description\" content=\"Les entra\u00eeneurs ont une influence et une responsabilit\u00e9 incroyables sur le d\u00e9veloppement des athl\u00e8tes. Nordiq Canada et les divisions provinciales et territoriales ont besoin de conna\u00eetre les entra\u00eeneurs et leur statut d&#039;entra\u00eeneur. La licence d&#039;entra\u00eeneur nous aide \u00e9galement \u00e0 recueillir les donn\u00e9es dont nous avons besoin pour soutenir les entra\u00eeneurs, \u00e9valuer les tendances et \u00e9laborer des initiatives qui profitent aux skieurs.\" \/>\n<meta property=\"og:url\" content=\"https:\/\/nordiqcanada.ca\/fr\/entraineurs-et-techniciens\/entraineur\/licence-dentraineur\/\" \/>\n<meta property=\"og:site_name\" content=\"Nordiq Canada\" \/>\n<meta property=\"article:modified_time\" content=\"2025-06-20T18:53:30+00:00\" \/>\n<meta name=\"twitter:card\" content=\"summary_large_image\" \/>\n<meta name=\"twitter:label1\" content=\"Dur\u00e9e de lecture estim\u00e9e\" \/>\n\t<meta name=\"twitter:data1\" content=\"8 minutes\" \/>\n<script type=\"application\/ld+json\" class=\"yoast-schema-graph\">{\"@context\":\"https:\\\/\\\/schema.org\",\"@graph\":[{\"@type\":\"WebPage\",\"@id\":\"https:\\\/\\\/nordiqcanada.ca\\\/fr\\\/entraineurs-et-techniciens\\\/entraineur\\\/licence-dentraineur\\\/\",\"url\":\"https:\\\/\\\/nordiqcanada.ca\\\/fr\\\/entraineurs-et-techniciens\\\/entraineur\\\/licence-dentraineur\\\/\",\"name\":\"Licence d\u2019entra\u00eeneur - Nordiq Canada\",\"isPartOf\":{\"@id\":\"https:\\\/\\\/nordiqcanada.ca\\\/fr\\\/#website\"},\"datePublished\":\"2019-08-19T19:39:19+00:00\",\"dateModified\":\"2025-06-20T18:53:30+00:00\",\"description\":\"Les entra\u00eeneurs ont une influence et une responsabilit\u00e9 incroyables sur le d\u00e9veloppement des athl\u00e8tes. Nordiq Canada et les divisions provinciales et territoriales ont besoin de conna\u00eetre les entra\u00eeneurs et leur statut d'entra\u00eeneur. La licence d'entra\u00eeneur nous aide \u00e9galement \u00e0 recueillir les donn\u00e9es dont nous avons besoin pour soutenir les entra\u00eeneurs, \u00e9valuer les tendances et \u00e9laborer des initiatives qui profitent aux skieurs.\",\"breadcrumb\":{\"@id\":\"https:\\\/\\\/nordiqcanada.ca\\\/fr\\\/entraineurs-et-techniciens\\\/entraineur\\\/licence-dentraineur\\\/#breadcrumb\"},\"inLanguage\":\"fr-FR\",\"potentialAction\":[{\"@type\":\"ReadAction\",\"target\":[\"https:\\\/\\\/nordiqcanada.ca\\\/fr\\\/entraineurs-et-techniciens\\\/entraineur\\\/licence-dentraineur\\\/\"]}]},{\"@type\":\"BreadcrumbList\",\"@id\":\"https:\\\/\\\/nordiqcanada.ca\\\/fr\\\/entraineurs-et-techniciens\\\/entraineur\\\/licence-dentraineur\\\/#breadcrumb\",\"itemListElement\":[{\"@type\":\"ListItem\",\"position\":1,\"name\":\"Home\",\"item\":\"https:\\\/\\\/nordiqcanada.ca\\\/fr\\\/\"},{\"@type\":\"ListItem\",\"position\":2,\"name\":\"Entra\u00eeneurs et techniciens\",\"item\":\"https:\\\/\\\/nordiqcanada.ca\\\/fr\\\/entraineurs-et-techniciens\\\/\"},{\"@type\":\"ListItem\",\"position\":3,\"name\":\"Entra\u00eeneur\",\"item\":\"https:\\\/\\\/nordiqcanada.ca\\\/fr\\\/entraineurs-et-techniciens\\\/entraineur\\\/\"},{\"@type\":\"ListItem\",\"position\":4,\"name\":\"Licence d\u2019entra\u00eeneur\"}]},{\"@type\":\"WebSite\",\"@id\":\"https:\\\/\\\/nordiqcanada.ca\\\/fr\\\/#website\",\"url\":\"https:\\\/\\\/nordiqcanada.ca\\\/fr\\\/\",\"name\":\"Nordiq Canada\",\"description\":\"\",\"publisher\":{\"@id\":\"https:\\\/\\\/nordiqcanada.ca\\\/fr\\\/#organization\"},\"potentialAction\":[{\"@type\":\"SearchAction\",\"target\":{\"@type\":\"EntryPoint\",\"urlTemplate\":\"https:\\\/\\\/nordiqcanada.ca\\\/fr\\\/?s={search_term_string}\"},\"query-input\":{\"@type\":\"PropertyValueSpecification\",\"valueRequired\":true,\"valueName\":\"search_term_string\"}}],\"inLanguage\":\"fr-FR\"},{\"@type\":\"Organization\",\"@id\":\"https:\\\/\\\/nordiqcanada.ca\\\/fr\\\/#organization\",\"name\":\"Nordiq Canada\",\"url\":\"https:\\\/\\\/nordiqcanada.ca\\\/fr\\\/\",\"logo\":{\"@type\":\"ImageObject\",\"inLanguage\":\"fr-FR\",\"@id\":\"https:\\\/\\\/nordiqcanada.ca\\\/fr\\\/#\\\/schema\\\/logo\\\/image\\\/\",\"url\":\"https:\\\/\\\/nordiqcanada.ca\\\/wp-content\\\/uploads\\\/Nordiq-Canada_stacked-logo.png\",\"contentUrl\":\"https:\\\/\\\/nordiqcanada.ca\\\/wp-content\\\/uploads\\\/Nordiq-Canada_stacked-logo.png\",\"width\":600,\"height\":721,\"caption\":\"Nordiq Canada\"},\"image\":{\"@id\":\"https:\\\/\\\/nordiqcanada.ca\\\/fr\\\/#\\\/schema\\\/logo\\\/image\\\/\"}}]}<\/script>\n<!-- \/ Yoast SEO plugin. -->","yoast_head_json":{"title":"Licence d\u2019entra\u00eeneur - Nordiq Canada","description":"Les entra\u00eeneurs ont une influence et une responsabilit\u00e9 incroyables sur le d\u00e9veloppement des athl\u00e8tes. Nordiq Canada et les divisions provinciales et territoriales ont besoin de conna\u00eetre les entra\u00eeneurs et leur statut d'entra\u00eeneur. La licence d'entra\u00eeneur nous aide \u00e9galement \u00e0 recueillir les donn\u00e9es dont nous avons besoin pour soutenir les entra\u00eeneurs, \u00e9valuer les tendances et \u00e9laborer des initiatives qui profitent aux skieurs.","robots":{"index":"index","follow":"follow","max-snippet":"max-snippet:-1","max-image-preview":"max-image-preview:large","max-video-preview":"max-video-preview:-1"},"canonical":"https:\/\/nordiqcanada.ca\/fr\/entraineurs-et-techniciens\/entraineur\/licence-dentraineur\/","og_locale":"fr_FR","og_type":"article","og_title":"Licence d\u2019entra\u00eeneur - Nordiq Canada","og_description":"Les entra\u00eeneurs ont une influence et une responsabilit\u00e9 incroyables sur le d\u00e9veloppement des athl\u00e8tes. Nordiq Canada et les divisions provinciales et territoriales ont besoin de conna\u00eetre les entra\u00eeneurs et leur statut d'entra\u00eeneur. La licence d'entra\u00eeneur nous aide \u00e9galement \u00e0 recueillir les donn\u00e9es dont nous avons besoin pour soutenir les entra\u00eeneurs, \u00e9valuer les tendances et \u00e9laborer des initiatives qui profitent aux skieurs.","og_url":"https:\/\/nordiqcanada.ca\/fr\/entraineurs-et-techniciens\/entraineur\/licence-dentraineur\/","og_site_name":"Nordiq Canada","article_modified_time":"2025-06-20T18:53:30+00:00","twitter_card":"summary_large_image","twitter_misc":{"Dur\u00e9e de lecture estim\u00e9e":"8 minutes"},"schema":{"@context":"https:\/\/schema.org","@graph":[{"@type":"WebPage","@id":"https:\/\/nordiqcanada.ca\/fr\/entraineurs-et-techniciens\/entraineur\/licence-dentraineur\/","url":"https:\/\/nordiqcanada.ca\/fr\/entraineurs-et-techniciens\/entraineur\/licence-dentraineur\/","name":"Licence d\u2019entra\u00eeneur - Nordiq Canada","isPartOf":{"@id":"https:\/\/nordiqcanada.ca\/fr\/#website"},"datePublished":"2019-08-19T19:39:19+00:00","dateModified":"2025-06-20T18:53:30+00:00","description":"Les entra\u00eeneurs ont une influence et une responsabilit\u00e9 incroyables sur le d\u00e9veloppement des athl\u00e8tes. Nordiq Canada et les divisions provinciales et territoriales ont besoin de conna\u00eetre les entra\u00eeneurs et leur statut d'entra\u00eeneur. La licence d'entra\u00eeneur nous aide \u00e9galement \u00e0 recueillir les donn\u00e9es dont nous avons besoin pour soutenir les entra\u00eeneurs, \u00e9valuer les tendances et \u00e9laborer des initiatives qui profitent aux skieurs.","breadcrumb":{"@id":"https:\/\/nordiqcanada.ca\/fr\/entraineurs-et-techniciens\/entraineur\/licence-dentraineur\/#breadcrumb"},"inLanguage":"fr-FR","potentialAction":[{"@type":"ReadAction","target":["https:\/\/nordiqcanada.ca\/fr\/entraineurs-et-techniciens\/entraineur\/licence-dentraineur\/"]}]},{"@type":"BreadcrumbList","@id":"https:\/\/nordiqcanada.ca\/fr\/entraineurs-et-techniciens\/entraineur\/licence-dentraineur\/#breadcrumb","itemListElement":[{"@type":"ListItem","position":1,"name":"Home","item":"https:\/\/nordiqcanada.ca\/fr\/"},{"@type":"ListItem","position":2,"name":"Entra\u00eeneurs et techniciens","item":"https:\/\/nordiqcanada.ca\/fr\/entraineurs-et-techniciens\/"},{"@type":"ListItem","position":3,"name":"Entra\u00eeneur","item":"https:\/\/nordiqcanada.ca\/fr\/entraineurs-et-techniciens\/entraineur\/"},{"@type":"ListItem","position":4,"name":"Licence d\u2019entra\u00eeneur"}]},{"@type":"WebSite","@id":"https:\/\/nordiqcanada.ca\/fr\/#website","url":"https:\/\/nordiqcanada.ca\/fr\/","name":"Nordiq Canada","description":"","publisher":{"@id":"https:\/\/nordiqcanada.ca\/fr\/#organization"},"potentialAction":[{"@type":"SearchAction","target":{"@type":"EntryPoint","urlTemplate":"https:\/\/nordiqcanada.ca\/fr\/?s={search_term_string}"},"query-input":{"@type":"PropertyValueSpecification","valueRequired":true,"valueName":"search_term_string"}}],"inLanguage":"fr-FR"},{"@type":"Organization","@id":"https:\/\/nordiqcanada.ca\/fr\/#organization","name":"Nordiq Canada","url":"https:\/\/nordiqcanada.ca\/fr\/","logo":{"@type":"ImageObject","inLanguage":"fr-FR","@id":"https:\/\/nordiqcanada.ca\/fr\/#\/schema\/logo\/image\/","url":"https:\/\/nordiqcanada.ca\/wp-content\/uploads\/Nordiq-Canada_stacked-logo.png","contentUrl":"https:\/\/nordiqcanada.ca\/wp-content\/uploads\/Nordiq-Canada_stacked-logo.png","width":600,"height":721,"caption":"Nordiq Canada"},"image":{"@id":"https:\/\/nordiqcanada.ca\/fr\/#\/schema\/logo\/image\/"}}]}},"_links":{"self":[{"href":"https:\/\/nordiqcanada.ca\/fr\/wp-json\/wp\/v2\/pages\/3931","targetHints":{"allow":["GET"]}}],"collection":[{"href":"https:\/\/nordiqcanada.ca\/fr\/wp-json\/wp\/v2\/pages"}],"about":[{"href":"https:\/\/nordiqcanada.ca\/fr\/wp-json\/wp\/v2\/types\/page"}],"author":[{"embeddable":true,"href":"https:\/\/nordiqcanada.ca\/fr\/wp-json\/wp\/v2\/users\/1"}],"replies":[{"embeddable":true,"href":"https:\/\/nordiqcanada.ca\/fr\/wp-json\/wp\/v2\/comments?post=3931"}],"version-history":[{"count":0,"href":"https:\/\/nordiqcanada.ca\/fr\/wp-json\/wp\/v2\/pages\/3931\/revisions"}],"up":[{"embeddable":true,"href":"https:\/\/nordiqcanada.ca\/fr\/wp-json\/wp\/v2\/pages\/4240"}],"wp:attachment":[{"href":"https:\/\/nordiqcanada.ca\/fr\/wp-json\/wp\/v2\/media?parent=3931"}],"curies":[{"name":"wp","href":"https:\/\/api.w.org\/{rel}","templated":true}]}}