{"id":3935,"date":"2019-08-19T14:11:21","date_gmt":"2019-08-19T20:11:21","guid":{"rendered":"https:\/\/nordiqcanada.ca\/labc-des-techniciens\/"},"modified":"2022-06-29T12:39:30","modified_gmt":"2022-06-29T18:39:30","slug":"labc-des-techniciens","status":"publish","type":"page","link":"https:\/\/nordiqcanada.ca\/fr\/entraineurs-et-techniciens\/techniciens\/labc-des-techniciens\/","title":{"rendered":"L\u2019ABC des techniciens"},"content":{"rendered":"<p>[et_pb_section fb_built=&#8221;1&#8243; admin_label=&#8221;Top of page banner&#8221; _builder_version=&#8221;3.26.5&#8243; custom_margin=&#8221;0px||0px||false|false&#8221; custom_padding=&#8221;0px||0px||false|false&#8221;][et_pb_row _builder_version=&#8221;3.26.3&#8243; width=&#8221;100%&#8221; max_width=&#8221;100%&#8221; custom_margin=&#8221;0px||0px||false|false&#8221; custom_padding=&#8221;0px||0px||false|false&#8221;][et_pb_column type=&#8221;4_4&#8243; _builder_version=&#8221;3.26.3&#8243;][et_pb_image src=&#8221;https:\/\/nordiqcanada.ca\/wp-content\/uploads\/Wax-Tech-101-Banner.jpg&#8221; force_fullwidth=&#8221;on&#8221; _builder_version=&#8221;3.27.3&#8243;][\/et_pb_image][\/et_pb_column][\/et_pb_row][\/et_pb_section][et_pb_section fb_built=&#8221;1&#8243; specialty=&#8221;on&#8221; _builder_version=&#8221;3.26.6&#8243;][et_pb_column type=&#8221;1_4&#8243; _builder_version=&#8221;3.25&#8243; custom_padding=&#8221;|||&#8221; custom_padding__hover=&#8221;|||&#8221;][et_pb_text _builder_version=&#8221;3.27.4&#8243;][et_pb_section global_module=\"3941\"][\/et_pb_section][\/et_pb_text][\/et_pb_column][et_pb_column type=&#8221;3_4&#8243; specialty_columns=&#8221;3&#8243; _builder_version=&#8221;3.25&#8243; custom_padding=&#8221;|||&#8221; custom_padding__hover=&#8221;|||&#8221;][et_pb_row_inner _builder_version=&#8221;3.26.6&#8243; custom_margin=&#8221;0px||0px||false|false&#8221; custom_padding=&#8221;0px||0px||false|false&#8221;][et_pb_column_inner saved_specialty_column_type=&#8221;3_4&#8243; _builder_version=&#8221;3.26.6&#8243;][et_pb_video src=&#8221;https:\/\/www.youtube.com\/watch?v=1UfURFn18-g&amp;t=7s&#8221; _builder_version=&#8221;4.9.7&#8243; _module_preset=&#8221;default&#8221;][\/et_pb_video][et_pb_text module_class=&#8221;introtext&#8221; _builder_version=&#8221;4.9.7&#8243;]<\/p>\n<h1>Formation en ligne au sujet de la salle de fartage<\/h1>\n<p>Nordiq Canada offre une formation en ligne pour les techniciens par l&#8217;entremise du Casier, la plateforme de formation de l&#8217;Association canadienne des entra\u00eeneurs. Le module est gratuit pour tous les entra\u00eeneurs ayant suivi la formation \u00ab Entra\u00eeneur communautaire \u2013 Introduction \u00bb et seulement 12 $ pour toute personne int\u00e9ress\u00e9e \u00e0 am\u00e9liorer ses comp\u00e9tences et ses connaissances en mati\u00e8re de fartage.<\/p>\n<p>[\/et_pb_text][et_pb_text _builder_version=&#8221;4.0.9&#8243;]Les comp\u00e9tences et les m\u00e9thodes partag\u00e9es dans cette formation en ligne sont utilis\u00e9es par les techniciens travaillant aux plus hauts niveaux de comp\u00e9tition. La formation est pr\u00e9sent\u00e9e par Joel Jaques, coordonnateur des services techniques de l&#8217;\u00e9quipe nationale de ski de Nordiq Canada. Les sujets de la formation portent sur:<\/p>\n<ul>\n<li>Outils et entretien des outils<\/li>\n<li>Fart de glisse \u00e0 la paraffine<\/li>\n<li>Poudres<\/li>\n<li>Blocs et rondelles<\/li>\n<li>Liquides et gels<\/li>\n<li>Fart d&#8217;adh\u00e9rence<\/li>\n<li>Klister<\/li>\n<li>Structure<\/li>\n<li>Fart de voyage et grattage \u00e0 chaud<\/li>\n<li>Skis sans fart<\/li>\n<li>Meulage \u00e0 la pierre et pr\u00e9paration de nouveaux skis<\/li>\n<\/ul>\n<p>Pour d\u00e9buter, allez au <a href=\"https:\/\/thelocker.coach.ca\/account\/login?ReturnUrl=%2f\" target=\"_blank\" rel=\"noopener noreferrer\">Casier<\/a> et ouvrez une session ou cr\u00e9ez un compte gratuit. Si vous cr\u00e9ez un compte, vous devrez cr\u00e9er un num\u00e9ro de PNCE et un compte pour votre Casier. Vous trouverez la clinique de fartage en ligne sous l&#8217;onglet Apprentissage en ligne. Bon apprentissage![\/et_pb_text][\/et_pb_column_inner][\/et_pb_row_inner][\/et_pb_column][\/et_pb_section][et_pb_section fb_built=&#8221;1&#8243; fullwidth=&#8221;on&#8221; admin_label=&#8221;Full Footer&#8221; _builder_version=&#8221;4.9.7&#8243; _module_preset=&#8221;default&#8221; global_module=&#8221;13254&#8243; locked=&#8221;on&#8221;][et_pb_fullwidth_code _builder_version=&#8221;4.9.7&#8243; _module_preset=&#8221;default&#8221; locked=&#8221;off&#8221;][et_pb_section global_module=\"13251\"][\/et_pb_section]<!-- [et_pb_line_break_holder] -->[et_pb_section global_module=\"13248\"][\/et_pb_section]<!-- [et_pb_line_break_holder] -->[et_pb_section global_module=\"13097\"][\/et_pb_section]<!-- [et_pb_line_break_holder] -->[et_pb_section global_module=\"13100\"][\/et_pb_section][\/et_pb_fullwidth_code][\/et_pb_section]<\/p>\n","protected":false},"excerpt":{"rendered":"<p>[et_pb_section fb_built=&#8221;1&#8243; admin_label=&#8221;Top of page banner&#8221; _builder_version=&#8221;3.26.5&#8243; custom_margin=&#8221;0px||0px||false|false&#8221; custom_padding=&#8221;0px||0px||false|false&#8221;][et_pb_row _builder_version=&#8221;3.26.3&#8243; width=&#8221;100%&#8221; max_width=&#8221;100%&#8221; custom_margin=&#8221;0px||0px||false|false&#8221; custom_padding=&#8221;0px||0px||false|false&#8221;][et_pb_column type=&#8221;4_4&#8243; _builder_version=&#8221;3.26.3&#8243;][et_pb_image src=&#8221;https:\/\/nordiqcanada.ca\/wp-content\/uploads\/Wax-Tech-101-Banner.jpg&#8221; force_fullwidth=&#8221;on&#8221; _builder_version=&#8221;3.27.3&#8243;][\/et_pb_image][\/et_pb_column][\/et_pb_row][\/et_pb_section][et_pb_section fb_built=&#8221;1&#8243; specialty=&#8221;on&#8221; _builder_version=&#8221;3.26.6&#8243;][et_pb_column type=&#8221;1_4&#8243; _builder_version=&#8221;3.25&#8243; custom_padding=&#8221;|||&#8221; custom_padding__hover=&#8221;|||&#8221;][et_pb_text _builder_version=&#8221;3.27.4&#8243;][\/et_pb_text][\/et_pb_column][et_pb_column type=&#8221;3_4&#8243; specialty_columns=&#8221;3&#8243; _builder_version=&#8221;3.25&#8243; custom_padding=&#8221;|||&#8221; custom_padding__hover=&#8221;|||&#8221;][et_pb_row_inner _builder_version=&#8221;3.26.6&#8243; custom_margin=&#8221;0px||0px||false|false&#8221; custom_padding=&#8221;0px||0px||false|false&#8221;][et_pb_column_inner saved_specialty_column_type=&#8221;3_4&#8243; _builder_version=&#8221;3.26.6&#8243;][et_pb_video src=&#8221;https:\/\/www.youtube.com\/watch?v=1UfURFn18-g&amp;t=7s&#8221; _builder_version=&#8221;4.9.7&#8243; _module_preset=&#8221;default&#8221;][\/et_pb_video][et_pb_text module_class=&#8221;introtext&#8221; _builder_version=&#8221;4.9.7&#8243;] Formation en ligne au sujet de la salle de fartage Nordiq Canada offre [&hellip;]<\/p>\n","protected":false},"author":1,"featured_media":0,"parent":4241,"menu_order":0,"comment_status":"closed","ping_status":"closed","template":"","meta":{"_et_pb_use_builder":"on","_et_pb_old_content":"","_et_gb_content_width":"","footnotes":""},"class_list":["post-3935","page","type-page","status-publish","hentry"],"yoast_head":"<!-- This site is optimized with the Yoast SEO plugin v27.3 - https:\/\/yoast.com\/product\/yoast-seo-wordpress\/ -->\n<title>L\u2019ABC des techniciens - Nordiq Canada<\/title>\n<meta name=\"description\" content=\"Nordiq Canada offre une formation en ligne pour les techniciens par l&#039;entremise du Casier, la plateforme de formation de l&#039;Association canadienne des entra\u00eeneurs. Le module est gratuit pour tous les entra\u00eeneurs ayant suivi la formation \u00ab Entra\u00eeneur communautaire \u2013 Introduction \u00bb et seulement 12 $ pour toute personne int\u00e9ress\u00e9e \u00e0 am\u00e9liorer ses comp\u00e9tences et ses connaissances en mati\u00e8re de fartage.\" \/>\n<meta name=\"robots\" content=\"index, follow, max-snippet:-1, max-image-preview:large, max-video-preview:-1\" \/>\n<link rel=\"canonical\" href=\"https:\/\/nordiqcanada.ca\/fr\/entraineurs-et-techniciens\/techniciens\/labc-des-techniciens\/\" \/>\n<meta property=\"og:locale\" content=\"fr_FR\" \/>\n<meta property=\"og:type\" content=\"article\" \/>\n<meta property=\"og:title\" content=\"L\u2019ABC des techniciens - Nordiq Canada\" \/>\n<meta property=\"og:description\" content=\"Nordiq Canada offre une formation en ligne pour les techniciens par l&#039;entremise du Casier, la plateforme de formation de l&#039;Association canadienne des entra\u00eeneurs. Le module est gratuit pour tous les entra\u00eeneurs ayant suivi la formation \u00ab Entra\u00eeneur communautaire \u2013 Introduction \u00bb et seulement 12 $ pour toute personne int\u00e9ress\u00e9e \u00e0 am\u00e9liorer ses comp\u00e9tences et ses connaissances en mati\u00e8re de fartage.\" \/>\n<meta property=\"og:url\" content=\"https:\/\/nordiqcanada.ca\/fr\/entraineurs-et-techniciens\/techniciens\/labc-des-techniciens\/\" \/>\n<meta property=\"og:site_name\" content=\"Nordiq Canada\" \/>\n<meta property=\"article:modified_time\" content=\"2022-06-29T18:39:30+00:00\" \/>\n<meta name=\"twitter:card\" content=\"summary_large_image\" \/>\n<meta name=\"twitter:label1\" content=\"Dur\u00e9e de lecture estim\u00e9e\" \/>\n\t<meta name=\"twitter:data1\" content=\"2 minutes\" \/>\n<script type=\"application\/ld+json\" class=\"yoast-schema-graph\">{\"@context\":\"https:\\\/\\\/schema.org\",\"@graph\":[{\"@type\":\"WebPage\",\"@id\":\"https:\\\/\\\/nordiqcanada.ca\\\/fr\\\/entraineurs-et-techniciens\\\/techniciens\\\/labc-des-techniciens\\\/\",\"url\":\"https:\\\/\\\/nordiqcanada.ca\\\/fr\\\/entraineurs-et-techniciens\\\/techniciens\\\/labc-des-techniciens\\\/\",\"name\":\"L\u2019ABC des techniciens - Nordiq Canada\",\"isPartOf\":{\"@id\":\"https:\\\/\\\/nordiqcanada.ca\\\/fr\\\/#website\"},\"datePublished\":\"2019-08-19T20:11:21+00:00\",\"dateModified\":\"2022-06-29T18:39:30+00:00\",\"description\":\"Nordiq Canada offre une formation en ligne pour les techniciens par l'entremise du Casier, la plateforme de formation de l'Association canadienne des entra\u00eeneurs. Le module est gratuit pour tous les entra\u00eeneurs ayant suivi la formation \u00ab Entra\u00eeneur communautaire \u2013 Introduction \u00bb et seulement 12 $ pour toute personne int\u00e9ress\u00e9e \u00e0 am\u00e9liorer ses comp\u00e9tences et ses connaissances en mati\u00e8re de fartage.\",\"breadcrumb\":{\"@id\":\"https:\\\/\\\/nordiqcanada.ca\\\/fr\\\/entraineurs-et-techniciens\\\/techniciens\\\/labc-des-techniciens\\\/#breadcrumb\"},\"inLanguage\":\"fr-FR\",\"potentialAction\":[{\"@type\":\"ReadAction\",\"target\":[\"https:\\\/\\\/nordiqcanada.ca\\\/fr\\\/entraineurs-et-techniciens\\\/techniciens\\\/labc-des-techniciens\\\/\"]}]},{\"@type\":\"BreadcrumbList\",\"@id\":\"https:\\\/\\\/nordiqcanada.ca\\\/fr\\\/entraineurs-et-techniciens\\\/techniciens\\\/labc-des-techniciens\\\/#breadcrumb\",\"itemListElement\":[{\"@type\":\"ListItem\",\"position\":1,\"name\":\"Home\",\"item\":\"https:\\\/\\\/nordiqcanada.ca\\\/fr\\\/\"},{\"@type\":\"ListItem\",\"position\":2,\"name\":\"Entra\u00eeneurs et techniciens\",\"item\":\"https:\\\/\\\/nordiqcanada.ca\\\/fr\\\/entraineurs-et-techniciens\\\/\"},{\"@type\":\"ListItem\",\"position\":3,\"name\":\"Techniciens\",\"item\":\"https:\\\/\\\/nordiqcanada.ca\\\/fr\\\/entraineurs-et-techniciens\\\/techniciens\\\/\"},{\"@type\":\"ListItem\",\"position\":4,\"name\":\"L\u2019ABC des techniciens\"}]},{\"@type\":\"WebSite\",\"@id\":\"https:\\\/\\\/nordiqcanada.ca\\\/fr\\\/#website\",\"url\":\"https:\\\/\\\/nordiqcanada.ca\\\/fr\\\/\",\"name\":\"Nordiq Canada\",\"description\":\"\",\"publisher\":{\"@id\":\"https:\\\/\\\/nordiqcanada.ca\\\/fr\\\/#organization\"},\"potentialAction\":[{\"@type\":\"SearchAction\",\"target\":{\"@type\":\"EntryPoint\",\"urlTemplate\":\"https:\\\/\\\/nordiqcanada.ca\\\/fr\\\/?s={search_term_string}\"},\"query-input\":{\"@type\":\"PropertyValueSpecification\",\"valueRequired\":true,\"valueName\":\"search_term_string\"}}],\"inLanguage\":\"fr-FR\"},{\"@type\":\"Organization\",\"@id\":\"https:\\\/\\\/nordiqcanada.ca\\\/fr\\\/#organization\",\"name\":\"Nordiq Canada\",\"url\":\"https:\\\/\\\/nordiqcanada.ca\\\/fr\\\/\",\"logo\":{\"@type\":\"ImageObject\",\"inLanguage\":\"fr-FR\",\"@id\":\"https:\\\/\\\/nordiqcanada.ca\\\/fr\\\/#\\\/schema\\\/logo\\\/image\\\/\",\"url\":\"https:\\\/\\\/nordiqcanada.ca\\\/wp-content\\\/uploads\\\/Nordiq-Canada_stacked-logo.png\",\"contentUrl\":\"https:\\\/\\\/nordiqcanada.ca\\\/wp-content\\\/uploads\\\/Nordiq-Canada_stacked-logo.png\",\"width\":600,\"height\":721,\"caption\":\"Nordiq Canada\"},\"image\":{\"@id\":\"https:\\\/\\\/nordiqcanada.ca\\\/fr\\\/#\\\/schema\\\/logo\\\/image\\\/\"}}]}<\/script>\n<!-- \/ Yoast SEO plugin. -->","yoast_head_json":{"title":"L\u2019ABC des techniciens - Nordiq Canada","description":"Nordiq Canada offre une formation en ligne pour les techniciens par l'entremise du Casier, la plateforme de formation de l'Association canadienne des entra\u00eeneurs. Le module est gratuit pour tous les entra\u00eeneurs ayant suivi la formation \u00ab Entra\u00eeneur communautaire \u2013 Introduction \u00bb et seulement 12 $ pour toute personne int\u00e9ress\u00e9e \u00e0 am\u00e9liorer ses comp\u00e9tences et ses connaissances en mati\u00e8re de fartage.","robots":{"index":"index","follow":"follow","max-snippet":"max-snippet:-1","max-image-preview":"max-image-preview:large","max-video-preview":"max-video-preview:-1"},"canonical":"https:\/\/nordiqcanada.ca\/fr\/entraineurs-et-techniciens\/techniciens\/labc-des-techniciens\/","og_locale":"fr_FR","og_type":"article","og_title":"L\u2019ABC des techniciens - Nordiq Canada","og_description":"Nordiq Canada offre une formation en ligne pour les techniciens par l'entremise du Casier, la plateforme de formation de l'Association canadienne des entra\u00eeneurs. Le module est gratuit pour tous les entra\u00eeneurs ayant suivi la formation \u00ab Entra\u00eeneur communautaire \u2013 Introduction \u00bb et seulement 12 $ pour toute personne int\u00e9ress\u00e9e \u00e0 am\u00e9liorer ses comp\u00e9tences et ses connaissances en mati\u00e8re de fartage.","og_url":"https:\/\/nordiqcanada.ca\/fr\/entraineurs-et-techniciens\/techniciens\/labc-des-techniciens\/","og_site_name":"Nordiq Canada","article_modified_time":"2022-06-29T18:39:30+00:00","twitter_card":"summary_large_image","twitter_misc":{"Dur\u00e9e de lecture estim\u00e9e":"2 minutes"},"schema":{"@context":"https:\/\/schema.org","@graph":[{"@type":"WebPage","@id":"https:\/\/nordiqcanada.ca\/fr\/entraineurs-et-techniciens\/techniciens\/labc-des-techniciens\/","url":"https:\/\/nordiqcanada.ca\/fr\/entraineurs-et-techniciens\/techniciens\/labc-des-techniciens\/","name":"L\u2019ABC des techniciens - Nordiq Canada","isPartOf":{"@id":"https:\/\/nordiqcanada.ca\/fr\/#website"},"datePublished":"2019-08-19T20:11:21+00:00","dateModified":"2022-06-29T18:39:30+00:00","description":"Nordiq Canada offre une formation en ligne pour les techniciens par l'entremise du Casier, la plateforme de formation de l'Association canadienne des entra\u00eeneurs. Le module est gratuit pour tous les entra\u00eeneurs ayant suivi la formation \u00ab Entra\u00eeneur communautaire \u2013 Introduction \u00bb et seulement 12 $ pour toute personne int\u00e9ress\u00e9e \u00e0 am\u00e9liorer ses comp\u00e9tences et ses connaissances en mati\u00e8re de fartage.","breadcrumb":{"@id":"https:\/\/nordiqcanada.ca\/fr\/entraineurs-et-techniciens\/techniciens\/labc-des-techniciens\/#breadcrumb"},"inLanguage":"fr-FR","potentialAction":[{"@type":"ReadAction","target":["https:\/\/nordiqcanada.ca\/fr\/entraineurs-et-techniciens\/techniciens\/labc-des-techniciens\/"]}]},{"@type":"BreadcrumbList","@id":"https:\/\/nordiqcanada.ca\/fr\/entraineurs-et-techniciens\/techniciens\/labc-des-techniciens\/#breadcrumb","itemListElement":[{"@type":"ListItem","position":1,"name":"Home","item":"https:\/\/nordiqcanada.ca\/fr\/"},{"@type":"ListItem","position":2,"name":"Entra\u00eeneurs et techniciens","item":"https:\/\/nordiqcanada.ca\/fr\/entraineurs-et-techniciens\/"},{"@type":"ListItem","position":3,"name":"Techniciens","item":"https:\/\/nordiqcanada.ca\/fr\/entraineurs-et-techniciens\/techniciens\/"},{"@type":"ListItem","position":4,"name":"L\u2019ABC des techniciens"}]},{"@type":"WebSite","@id":"https:\/\/nordiqcanada.ca\/fr\/#website","url":"https:\/\/nordiqcanada.ca\/fr\/","name":"Nordiq Canada","description":"","publisher":{"@id":"https:\/\/nordiqcanada.ca\/fr\/#organization"},"potentialAction":[{"@type":"SearchAction","target":{"@type":"EntryPoint","urlTemplate":"https:\/\/nordiqcanada.ca\/fr\/?s={search_term_string}"},"query-input":{"@type":"PropertyValueSpecification","valueRequired":true,"valueName":"search_term_string"}}],"inLanguage":"fr-FR"},{"@type":"Organization","@id":"https:\/\/nordiqcanada.ca\/fr\/#organization","name":"Nordiq Canada","url":"https:\/\/nordiqcanada.ca\/fr\/","logo":{"@type":"ImageObject","inLanguage":"fr-FR","@id":"https:\/\/nordiqcanada.ca\/fr\/#\/schema\/logo\/image\/","url":"https:\/\/nordiqcanada.ca\/wp-content\/uploads\/Nordiq-Canada_stacked-logo.png","contentUrl":"https:\/\/nordiqcanada.ca\/wp-content\/uploads\/Nordiq-Canada_stacked-logo.png","width":600,"height":721,"caption":"Nordiq Canada"},"image":{"@id":"https:\/\/nordiqcanada.ca\/fr\/#\/schema\/logo\/image\/"}}]}},"_links":{"self":[{"href":"https:\/\/nordiqcanada.ca\/fr\/wp-json\/wp\/v2\/pages\/3935","targetHints":{"allow":["GET"]}}],"collection":[{"href":"https:\/\/nordiqcanada.ca\/fr\/wp-json\/wp\/v2\/pages"}],"about":[{"href":"https:\/\/nordiqcanada.ca\/fr\/wp-json\/wp\/v2\/types\/page"}],"author":[{"embeddable":true,"href":"https:\/\/nordiqcanada.ca\/fr\/wp-json\/wp\/v2\/users\/1"}],"replies":[{"embeddable":true,"href":"https:\/\/nordiqcanada.ca\/fr\/wp-json\/wp\/v2\/comments?post=3935"}],"version-history":[{"count":0,"href":"https:\/\/nordiqcanada.ca\/fr\/wp-json\/wp\/v2\/pages\/3935\/revisions"}],"up":[{"embeddable":true,"href":"https:\/\/nordiqcanada.ca\/fr\/wp-json\/wp\/v2\/pages\/4241"}],"wp:attachment":[{"href":"https:\/\/nordiqcanada.ca\/fr\/wp-json\/wp\/v2\/media?parent=3935"}],"curies":[{"name":"wp","href":"https:\/\/api.w.org\/{rel}","templated":true}]}}