{"id":4004,"date":"2019-08-19T14:42:08","date_gmt":"2019-08-19T20:42:08","guid":{"rendered":"https:\/\/nordiqcanada.ca\/results\/"},"modified":"2026-04-03T12:37:27","modified_gmt":"2026-04-03T18:37:27","slug":"results","status":"publish","type":"page","link":"https:\/\/nordiqcanada.ca\/fr\/races\/results\/","title":{"rendered":"Liste de classement de la COC"},"content":{"rendered":"<p>[et_pb_section fb_built=&#8221;1&#8243; admin_label=&#8221;Top of page banner&#8221; _builder_version=&#8221;3.26.5&#8243; custom_margin=&#8221;0px||0px||false|false&#8221; custom_padding=&#8221;0px||0px||false|false&#8221;][et_pb_row _builder_version=&#8221;3.26.3&#8243; width=&#8221;100%&#8221; max_width=&#8221;100%&#8221; custom_margin=&#8221;0px||0px||false|false&#8221; custom_padding=&#8221;0px||0px||false|false&#8221;][et_pb_column type=&#8221;4_4&#8243; _builder_version=&#8221;3.26.3&#8243;][et_pb_image src=&#8221;https:\/\/nordiqcanada.ca\/wp-content\/uploads\/COC-leader-copy.jpg&#8221; title_text=&#8221;COC leader copy&#8221; force_fullwidth=&#8221;on&#8221; _builder_version=&#8221;4.9.7&#8243;]<br \/>\n[\/et_pb_image][\/et_pb_column][\/et_pb_row][\/et_pb_section][et_pb_section fb_built=&#8221;1&#8243; specialty=&#8221;on&#8221; _builder_version=&#8221;3.26.6&#8243; locked=&#8221;off&#8221;][et_pb_column type=&#8221;1_4&#8243; _builder_version=&#8221;3.25&#8243; custom_padding=&#8221;|||&#8221; custom_padding__hover=&#8221;|||&#8221;][et_pb_text module_id=&#8221;sidebarmenu&#8221; _builder_version=&#8221;4.4.0&#8243;]<\/p>\n[et_pb_section global_module=\"4009\"][\/et_pb_section]\n<p>[\/et_pb_text][\/et_pb_column][et_pb_column type=&#8221;3_4&#8243; specialty_columns=&#8221;3&#8243; _builder_version=&#8221;3.25&#8243; custom_padding=&#8221;|||&#8221; custom_padding__hover=&#8221;|||&#8221;][et_pb_row_inner admin_label=&#8221;COC leaderboard&#8221; module_class=&#8221;races-anchor&#8221; _builder_version=&#8221;4.9.7&#8243; custom_margin=&#8221;0px||0px||false|false&#8221; custom_padding=&#8221;0px||0px||false|false&#8221;][et_pb_column_inner saved_specialty_column_type=&#8221;3_4&#8243; _builder_version=&#8221;4.4.0&#8243;][et_pb_text _builder_version=&#8221;4.9.7&#8243;]<\/p>\n<h1><span class=\"TextRun SCXW215768217 BCX0\" lang=\"FR-FR\" xml:lang=\"FR-FR\" data-contrast=\"auto\"><span class=\"NormalTextRun SCXW215768217 BCX0\">Liste de classement de la COC<\/span><\/span><span class=\"EOP SCXW215768217 BCX0\" data-ccp-props=\"{}\">\u00a0<\/span><\/h1>\n<p><span class=\"TextRun SCXW15788192 BCX0\" lang=\"FR-FR\" xml:lang=\"FR-FR\" data-contrast=\"auto\"><span class=\"NormalTextRun SCXW15788192 BCX0\">Chaque ann\u00e9e, <\/span><span class=\"NormalTextRun SpellingErrorV2Themed SCXW15788192 BCX0\">Nordiq<\/span><span class=\"NormalTextRun SCXW15788192 BCX0\"> Canada classe les \u00e9v\u00e9nements dans la s\u00e9rie Coupe <\/span><span class=\"NormalTextRun SpellingErrorV2Themed SCXW15788192 BCX0\">Nordiq<\/span><span class=\"NormalTextRun SCXW15788192 BCX0\">\/Coupe Continentale (COC). Les points sont utilis\u00e9s pour \u00e9tablir une liste de classement g\u00e9n\u00e9ral apr\u00e8s chaque p\u00e9riode. La FIS attribue deux places en Coupe du monde (1 homme\/1 femme) aux meneurs de la COC pour la p\u00e9riode 1 de la saison suivante. Le directeur de la haute performance (DHP) de <\/span><span class=\"NormalTextRun SpellingErrorV2Themed SCXW15788192 BCX0\">Nordiq<\/span><span class=\"NormalTextRun SCXW15788192 BCX0\"> Canada se r\u00e9serve le droit de d\u00e9cider si le Canada utilisera ces places suppl\u00e9mentaires en Coupe du monde.<\/span><\/span><span class=\"EOP SCXW15788192 BCX0\" data-ccp-props=\"{}\">\u00a0<\/span><\/p>\n<p>&nbsp;<\/p>\n<p>[\/et_pb_text][\/et_pb_column_inner][\/et_pb_row_inner][et_pb_row_inner column_structure=&#8221;1_2,1_2&#8243; _builder_version=&#8221;4.4.0&#8243; saved_tabs=&#8221;all&#8221; collapsed=&#8221;off&#8221;][et_pb_column_inner type=&#8221;1_2&#8243; saved_specialty_column_type=&#8221;3_4&#8243; _builder_version=&#8221;4.4.0&#8243;][et_pb_text admin_label=&#8221;Men heading&#8221; _builder_version=&#8221;4.9.7&#8243; custom_margin=&#8221;0px||0px||false|false&#8221; custom_padding=&#8221;0px||0px||false|false&#8221;]<\/p>\n<h4>Hommes<\/h4>\n<p>[\/et_pb_text][et_pb_text admin_label=&#8221;Men results table&#8221; _builder_version=&#8221;4.9.7&#8243; locked=&#8221;off&#8221;]<\/p>\n<table class=\"leaderboard\">\n<thead>\n<tr>\n<td>Rank<\/td>\n<td>Athlete<\/td>\n<td class=\"align-right\">Points<\/td>\n<\/tr>\n<\/thead>\n<tbody>\n<tr>\n<td>1<\/td>\n<td>Olivier L\u00e9veill\u00e9<\/td>\n<td class=\"align-right\">639<\/td>\n<\/tr>\n<tr>\n<td>2<\/td>\n<td>Noah Weir Chaba<\/td>\n<td class=\"align-right\">502<\/td>\n<\/tr>\n<tr>\n<td>3<\/td>\n<td>Sasha Masson<\/td>\n<td class=\"align-right\">490<\/td>\n<\/tr>\n<tr>\n<td>4<\/td>\n<td>Alexandre Cormier<\/td>\n<td class=\"align-right\">434<\/td>\n<\/tr>\n<tr>\n<td>5<\/td>\n<td>Luke Allan<\/td>\n<td class=\"align-right\">432<\/td>\n<\/tr>\n<\/tbody>\n<\/table>\n<p>[\/et_pb_text][et_pb_text admin_label=&#8221;Ranking List&#8221; _builder_version=&#8221;4.9.7&#8243; hover_enabled=&#8221;0&#8243; sticky_enabled=&#8221;0&#8243;]<\/p>\n<p><a href=\"https:\/\/nordiqcanada.ca\/wp-content\/uploads\/COC-Points-Men-2025-2026-1.pdf\">classement cumulatif final<\/a><\/p>\n<p>[\/et_pb_text][\/et_pb_column_inner][et_pb_column_inner type=&#8221;1_2&#8243; saved_specialty_column_type=&#8221;3_4&#8243; _builder_version=&#8221;4.4.0&#8243;][et_pb_text admin_label=&#8221;Women heading&#8221; _builder_version=&#8221;4.9.7&#8243; custom_margin=&#8221;0px||0px||false|false&#8221; custom_padding=&#8221;0px||0px||false|false&#8221;]<\/p>\n<h4>Femmes<\/h4>\n<p>[\/et_pb_text][et_pb_text admin_label=&#8221;Women results table&#8221; _builder_version=&#8221;4.9.7&#8243; locked=&#8221;off&#8221;]<\/p>\n<table class=\"leaderboard\">\n<thead>\n<tr>\n<td>Rank<\/td>\n<td>Athlete<\/td>\n<td class=\"align-right\">Points<\/td>\n<\/tr>\n<\/thead>\n<tbody>\n<tr>\n<td>1<\/td>\n<td>Sonjaa Schmidt<\/td>\n<td class=\"align-right\">590<\/td>\n<\/tr>\n<tr>\n<td>2<\/td>\n<td>Amelia Wells<\/td>\n<td class=\"align-right\">540<\/td>\n<\/tr>\n<tr>\n<td>3<\/td>\n<td>Katya Semeniuk<\/td>\n<td class=\"align-right\">486<\/td>\n<\/tr>\n<tr>\n<td>4<\/td>\n<td>Helen McCulligh<\/td>\n<td class=\"align-right\">442<\/td>\n<\/tr>\n<tr>\n<td>5<\/td>\n<td>Nina Seeman (USA)<\/td>\n<td class=\"align-right\">439<\/td>\n<\/tr>\n<\/tbody>\n<\/table>\n<p>[\/et_pb_text][et_pb_text admin_label=&#8221;Ranking List&#8221; _builder_version=&#8221;4.9.7&#8243;]<\/p>\n<p><a href=\"https:\/\/nordiqcanada.ca\/wp-content\/uploads\/COC-Points-Women-2025-2026-1.pdf\">classement cumulatif final<\/a><\/p>\n<p>[\/et_pb_text][\/et_pb_column_inner][\/et_pb_row_inner][et_pb_row_inner disabled_on=&#8221;on|on|on&#8221; admin_label=&#8221;Sprint leaderboard&#8221; module_class=&#8221;races-anchor&#8221; _builder_version=&#8221;4.9.7&#8243; custom_margin=&#8221;0px||0px||false|false&#8221; custom_padding=&#8221;0px||0px||false|false&#8221; disabled=&#8221;on&#8221;][et_pb_column_inner saved_specialty_column_type=&#8221;3_4&#8243; _builder_version=&#8221;4.4.0&#8243;][et_pb_text _builder_version=&#8221;4.9.7&#8243;]<\/p>\n<h1>S\u00e9rie de sprint Nordiq Canada<\/h1>\n<p>Nordiq Canada pr\u00e9sente la s\u00e9rie de sprint pour atteindre les objectifs suivants :<\/p>\n<ul>\n<li>Donner de la valeur au d\u00e9veloppement de la vitesse en tant qu\u2019habilet\u00e9 athl\u00e9tique dans notre syst\u00e8me.<\/li>\n<li>Combler la lacune actuelle d\u2019athl\u00e8tes de sprint dans notre syst\u00e8me.<\/li>\n<li>Mettre l\u2019accent sur les courses domestiques.<\/li>\n<li>Cr\u00e9er des opportunit\u00e9s et des cheminements additionnels pour la s\u00e9lection au PAA.<\/li>\n<\/ul>\n<p>&nbsp;<\/p>\n<p>[\/et_pb_text][\/et_pb_column_inner][\/et_pb_row_inner][et_pb_row_inner column_structure=&#8221;1_2,1_2&#8243; disabled_on=&#8221;on|on|on&#8221; _builder_version=&#8221;4.4.0&#8243; disabled=&#8221;on&#8221; saved_tabs=&#8221;all&#8221; collapsed=&#8221;off&#8221;][et_pb_column_inner type=&#8221;1_2&#8243; _builder_version=&#8221;4.4.0&#8243;][et_pb_text admin_label=&#8221;Men heading&#8221; _builder_version=&#8221;4.9.7&#8243; custom_margin=&#8221;0px||0px||false|false&#8221; custom_padding=&#8221;0px||0px||false|false&#8221;]<\/p>\n<h4>Hommes<\/h4>\n<p>[\/et_pb_text][et_pb_text admin_label=&#8221;Men results table&#8221; _builder_version=&#8221;4.9.7&#8243; locked=&#8221;off&#8221;]<\/p>\n<table class=\"leaderboard\">\n<thead>\n<tr>\n<td>Rank<\/td>\n<td>Athlete<\/td>\n<td class=\"align-right\">Points<\/td>\n<\/tr>\n<\/thead>\n<tbody>\n<tr>\n<td>1<\/td>\n<td>Julian Smith<\/td>\n<td class=\"align-right\">646<\/td>\n<\/tr>\n<tr>\n<td>2<\/td>\n<td>Luke Allan<\/td>\n<td class=\"align-right\">639<\/td>\n<\/tr>\n<tr>\n<td>3<\/td>\n<td>Julien Locke<\/td>\n<td class=\"align-right\">609<\/td>\n<\/tr>\n<tr>\n<td>4<\/td>\n<td>Ry Prior<\/td>\n<td class=\"align-right\">608<\/td>\n<\/tr>\n<tr>\n<td>5<\/td>\n<td>Alexandre Cormier<\/td>\n<td class=\"align-right\">498<\/td>\n<\/tr>\n<\/tbody>\n<\/table>\n<p>[\/et_pb_text][et_pb_text admin_label=&#8221;Ranking List&#8221; _builder_version=&#8221;4.9.7&#8243;]<\/p>\n<p><a href=\"https:\/\/app.powerbi.com\/view?r=eyJrIjoiZDgzMjU5MjktNTNmMC00MmYzLWIwNTgtNGUxNjg5OTg4OTk5IiwidCI6ImQ2MTBiYWFhLWI1Y2MtNDgyMS04ODIzLTVjY2RmMWRjYjgzOSIsImMiOjN9\">classement cumulatif final<\/a><\/p>\n<p>[\/et_pb_text][\/et_pb_column_inner][et_pb_column_inner type=&#8221;1_2&#8243; _builder_version=&#8221;4.4.0&#8243;][et_pb_text admin_label=&#8221;Women heading&#8221; _builder_version=&#8221;4.9.7&#8243; custom_margin=&#8221;0px||0px||false|false&#8221; custom_padding=&#8221;0px||0px||false|false&#8221;]<\/p>\n<h4>Femmes<\/h4>\n<p>[\/et_pb_text][et_pb_text admin_label=&#8221;Women results table&#8221; _builder_version=&#8221;4.9.7&#8243; locked=&#8221;off&#8221;]<\/p>\n<table class=\"leaderboard\">\n<thead>\n<tr>\n<td>Rank<\/td>\n<td>Athlete<\/td>\n<td class=\"align-right\">Points<\/td>\n<\/tr>\n<\/thead>\n<tbody>\n<tr>\n<td>1<\/td>\n<td>Katie Weaver<\/td>\n<td class=\"align-right\">770<\/td>\n<\/tr>\n<tr>\n<td>2<\/td>\n<td>Amelia Wells<\/td>\n<td class=\"align-right\">638<\/td>\n<\/tr>\n<tr>\n<td>3<\/td>\n<td>Olivia Bouffard-Nesbitt<\/td>\n<td class=\"align-right\">555<\/td>\n<\/tr>\n<tr>\n<td>4<\/td>\n<td>Alison Mackie<\/td>\n<td class=\"align-right\">550<\/td>\n<\/tr>\n<tr>\n<td>5<\/td>\n<td>Clara Barrington Craggs<\/td>\n<td class=\"align-right\">485<\/td>\n<\/tr>\n<\/tbody>\n<\/table>\n<p>[\/et_pb_text][et_pb_text admin_label=&#8221;Ranking List&#8221; _builder_version=&#8221;4.9.7&#8243;]<\/p>\n<p><a href=\"https:\/\/app.powerbi.com\/view?r=eyJrIjoiZDgzMjU5MjktNTNmMC00MmYzLWIwNTgtNGUxNjg5OTg4OTk5IiwidCI6ImQ2MTBiYWFhLWI1Y2MtNDgyMS04ODIzLTVjY2RmMWRjYjgzOSIsImMiOjN9\">classement cumulatif final<\/a><\/p>\n<p>[\/et_pb_text][\/et_pb_column_inner][\/et_pb_row_inner][\/et_pb_column][\/et_pb_section][et_pb_section fb_built=&#8221;1&#8243; fullwidth=&#8221;on&#8221; admin_label=&#8221;Full Footer&#8221; _builder_version=&#8221;4.9.7&#8243; _module_preset=&#8221;default&#8221; global_module=&#8221;13254&#8243; locked=&#8221;on&#8221;][et_pb_fullwidth_code _builder_version=&#8221;4.9.7&#8243; _module_preset=&#8221;default&#8221; locked=&#8221;off&#8221;][et_pb_section global_module=\"13251\"][\/et_pb_section]<!-- [et_pb_line_break_holder] -->[et_pb_section global_module=\"13248\"][\/et_pb_section]<!-- [et_pb_line_break_holder] -->[et_pb_section global_module=\"13097\"][\/et_pb_section]<!-- [et_pb_line_break_holder] -->[et_pb_section global_module=\"13100\"][\/et_pb_section][\/et_pb_fullwidth_code][\/et_pb_section]<\/p>\n","protected":false},"excerpt":{"rendered":"<p>[et_pb_section fb_built=&#8221;1&#8243; admin_label=&#8221;Top of page banner&#8221; _builder_version=&#8221;3.26.5&#8243; custom_margin=&#8221;0px||0px||false|false&#8221; custom_padding=&#8221;0px||0px||false|false&#8221;][et_pb_row _builder_version=&#8221;3.26.3&#8243; width=&#8221;100%&#8221; max_width=&#8221;100%&#8221; custom_margin=&#8221;0px||0px||false|false&#8221; custom_padding=&#8221;0px||0px||false|false&#8221;][et_pb_column type=&#8221;4_4&#8243; _builder_version=&#8221;3.26.3&#8243;][et_pb_image src=&#8221;https:\/\/nordiqcanada.ca\/wp-content\/uploads\/COC-leader-copy.jpg&#8221; title_text=&#8221;COC leader copy&#8221; force_fullwidth=&#8221;on&#8221; _builder_version=&#8221;4.9.7&#8243;] [\/et_pb_image][\/et_pb_column][\/et_pb_row][\/et_pb_section][et_pb_section fb_built=&#8221;1&#8243; specialty=&#8221;on&#8221; _builder_version=&#8221;3.26.6&#8243; locked=&#8221;off&#8221;][et_pb_column type=&#8221;1_4&#8243; _builder_version=&#8221;3.25&#8243; custom_padding=&#8221;|||&#8221; custom_padding__hover=&#8221;|||&#8221;][et_pb_text module_id=&#8221;sidebarmenu&#8221; _builder_version=&#8221;4.4.0&#8243;] [\/et_pb_text][\/et_pb_column][et_pb_column type=&#8221;3_4&#8243; specialty_columns=&#8221;3&#8243; _builder_version=&#8221;3.25&#8243; custom_padding=&#8221;|||&#8221; custom_padding__hover=&#8221;|||&#8221;][et_pb_row_inner admin_label=&#8221;COC leaderboard&#8221; module_class=&#8221;races-anchor&#8221; _builder_version=&#8221;4.9.7&#8243; custom_margin=&#8221;0px||0px||false|false&#8221; custom_padding=&#8221;0px||0px||false|false&#8221;][et_pb_column_inner saved_specialty_column_type=&#8221;3_4&#8243; _builder_version=&#8221;4.4.0&#8243;][et_pb_text _builder_version=&#8221;4.9.7&#8243;] Liste de classement de la COC\u00a0 Chaque [&hellip;]<\/p>\n","protected":false},"author":1,"featured_media":0,"parent":4209,"menu_order":0,"comment_status":"closed","ping_status":"closed","template":"","meta":{"_et_pb_use_builder":"on","_et_pb_old_content":"","_et_gb_content_width":"","footnotes":""},"class_list":["post-4004","page","type-page","status-publish","hentry"],"yoast_head":"<!-- This site is optimized with the Yoast SEO plugin v27.5 - https:\/\/yoast.com\/product\/yoast-seo-wordpress\/ -->\n<title>Liste de classement de la COC - Nordiq Canada<\/title>\n<meta name=\"robots\" content=\"index, follow, max-snippet:-1, max-image-preview:large, max-video-preview:-1\" \/>\n<link rel=\"canonical\" href=\"https:\/\/nordiqcanada.ca\/fr\/races\/results\/\" \/>\n<meta property=\"og:locale\" content=\"fr_FR\" \/>\n<meta property=\"og:type\" content=\"article\" \/>\n<meta property=\"og:title\" content=\"Liste de classement de la COC - Nordiq Canada\" \/>\n<meta property=\"og:description\" content=\"[et_pb_section fb_built=&#8221;1&#8243; admin_label=&#8221;Top of page banner&#8221; _builder_version=&#8221;3.26.5&#8243; custom_margin=&#8221;0px||0px||false|false&#8221; custom_padding=&#8221;0px||0px||false|false&#8221;][et_pb_row _builder_version=&#8221;3.26.3&#8243; width=&#8221;100%&#8221; max_width=&#8221;100%&#8221; custom_margin=&#8221;0px||0px||false|false&#8221; custom_padding=&#8221;0px||0px||false|false&#8221;][et_pb_column type=&#8221;4_4&#8243; _builder_version=&#8221;3.26.3&#8243;][et_pb_image src=&#8221;https:\/\/nordiqcanada.ca\/wp-content\/uploads\/COC-leader-copy.jpg&#8221; title_text=&#8221;COC leader copy&#8221; force_fullwidth=&#8221;on&#8221; _builder_version=&#8221;4.9.7&#8243;] [\/et_pb_image][\/et_pb_column][\/et_pb_row][\/et_pb_section][et_pb_section fb_built=&#8221;1&#8243; specialty=&#8221;on&#8221; _builder_version=&#8221;3.26.6&#8243; locked=&#8221;off&#8221;][et_pb_column type=&#8221;1_4&#8243; _builder_version=&#8221;3.25&#8243; custom_padding=&#8221;|||&#8221; custom_padding__hover=&#8221;|||&#8221;][et_pb_text module_id=&#8221;sidebarmenu&#8221; _builder_version=&#8221;4.4.0&#8243;] [\/et_pb_text][\/et_pb_column][et_pb_column type=&#8221;3_4&#8243; specialty_columns=&#8221;3&#8243; _builder_version=&#8221;3.25&#8243; custom_padding=&#8221;|||&#8221; custom_padding__hover=&#8221;|||&#8221;][et_pb_row_inner admin_label=&#8221;COC leaderboard&#8221; module_class=&#8221;races-anchor&#8221; _builder_version=&#8221;4.9.7&#8243; custom_margin=&#8221;0px||0px||false|false&#8221; custom_padding=&#8221;0px||0px||false|false&#8221;][et_pb_column_inner saved_specialty_column_type=&#8221;3_4&#8243; _builder_version=&#8221;4.4.0&#8243;][et_pb_text _builder_version=&#8221;4.9.7&#8243;] Liste de classement de la COC\u00a0 Chaque [&hellip;]\" \/>\n<meta property=\"og:url\" content=\"https:\/\/nordiqcanada.ca\/fr\/races\/results\/\" \/>\n<meta property=\"og:site_name\" content=\"Nordiq Canada\" \/>\n<meta property=\"article:modified_time\" content=\"2026-04-03T18:37:27+00:00\" \/>\n<meta name=\"twitter:card\" content=\"summary_large_image\" \/>\n<meta name=\"twitter:label1\" content=\"Dur\u00e9e de lecture estim\u00e9e\" \/>\n\t<meta name=\"twitter:data1\" content=\"9 minutes\" \/>\n<script type=\"application\/ld+json\" class=\"yoast-schema-graph\">{\"@context\":\"https:\\\/\\\/schema.org\",\"@graph\":[{\"@type\":\"WebPage\",\"@id\":\"https:\\\/\\\/nordiqcanada.ca\\\/fr\\\/races\\\/results\\\/\",\"url\":\"https:\\\/\\\/nordiqcanada.ca\\\/fr\\\/races\\\/results\\\/\",\"name\":\"Liste de classement de la COC - Nordiq Canada\",\"isPartOf\":{\"@id\":\"https:\\\/\\\/nordiqcanada.ca\\\/fr\\\/#website\"},\"datePublished\":\"2019-08-19T20:42:08+00:00\",\"dateModified\":\"2026-04-03T18:37:27+00:00\",\"breadcrumb\":{\"@id\":\"https:\\\/\\\/nordiqcanada.ca\\\/fr\\\/races\\\/results\\\/#breadcrumb\"},\"inLanguage\":\"fr-FR\",\"potentialAction\":[{\"@type\":\"ReadAction\",\"target\":[\"https:\\\/\\\/nordiqcanada.ca\\\/fr\\\/races\\\/results\\\/\"]}]},{\"@type\":\"BreadcrumbList\",\"@id\":\"https:\\\/\\\/nordiqcanada.ca\\\/fr\\\/races\\\/results\\\/#breadcrumb\",\"itemListElement\":[{\"@type\":\"ListItem\",\"position\":1,\"name\":\"Home\",\"item\":\"https:\\\/\\\/nordiqcanada.ca\\\/fr\\\/\"},{\"@type\":\"ListItem\",\"position\":2,\"name\":\"Races\",\"item\":\"https:\\\/\\\/nordiqcanada.ca\\\/fr\\\/races\\\/\"},{\"@type\":\"ListItem\",\"position\":3,\"name\":\"Liste de classement de la COC\"}]},{\"@type\":\"WebSite\",\"@id\":\"https:\\\/\\\/nordiqcanada.ca\\\/fr\\\/#website\",\"url\":\"https:\\\/\\\/nordiqcanada.ca\\\/fr\\\/\",\"name\":\"Nordiq Canada\",\"description\":\"\",\"publisher\":{\"@id\":\"https:\\\/\\\/nordiqcanada.ca\\\/fr\\\/#organization\"},\"potentialAction\":[{\"@type\":\"SearchAction\",\"target\":{\"@type\":\"EntryPoint\",\"urlTemplate\":\"https:\\\/\\\/nordiqcanada.ca\\\/fr\\\/?s={search_term_string}\"},\"query-input\":{\"@type\":\"PropertyValueSpecification\",\"valueRequired\":true,\"valueName\":\"search_term_string\"}}],\"inLanguage\":\"fr-FR\"},{\"@type\":\"Organization\",\"@id\":\"https:\\\/\\\/nordiqcanada.ca\\\/fr\\\/#organization\",\"name\":\"Nordiq Canada\",\"url\":\"https:\\\/\\\/nordiqcanada.ca\\\/fr\\\/\",\"logo\":{\"@type\":\"ImageObject\",\"inLanguage\":\"fr-FR\",\"@id\":\"https:\\\/\\\/nordiqcanada.ca\\\/fr\\\/#\\\/schema\\\/logo\\\/image\\\/\",\"url\":\"https:\\\/\\\/nordiqcanada.ca\\\/wp-content\\\/uploads\\\/Nordiq-Canada_stacked-logo.png\",\"contentUrl\":\"https:\\\/\\\/nordiqcanada.ca\\\/wp-content\\\/uploads\\\/Nordiq-Canada_stacked-logo.png\",\"width\":600,\"height\":721,\"caption\":\"Nordiq Canada\"},\"image\":{\"@id\":\"https:\\\/\\\/nordiqcanada.ca\\\/fr\\\/#\\\/schema\\\/logo\\\/image\\\/\"}}]}<\/script>\n<!-- \/ Yoast SEO plugin. -->","yoast_head_json":{"title":"Liste de classement de la COC - Nordiq Canada","robots":{"index":"index","follow":"follow","max-snippet":"max-snippet:-1","max-image-preview":"max-image-preview:large","max-video-preview":"max-video-preview:-1"},"canonical":"https:\/\/nordiqcanada.ca\/fr\/races\/results\/","og_locale":"fr_FR","og_type":"article","og_title":"Liste de classement de la COC - Nordiq Canada","og_description":"[et_pb_section fb_built=&#8221;1&#8243; admin_label=&#8221;Top of page banner&#8221; _builder_version=&#8221;3.26.5&#8243; custom_margin=&#8221;0px||0px||false|false&#8221; custom_padding=&#8221;0px||0px||false|false&#8221;][et_pb_row _builder_version=&#8221;3.26.3&#8243; width=&#8221;100%&#8221; max_width=&#8221;100%&#8221; custom_margin=&#8221;0px||0px||false|false&#8221; custom_padding=&#8221;0px||0px||false|false&#8221;][et_pb_column type=&#8221;4_4&#8243; _builder_version=&#8221;3.26.3&#8243;][et_pb_image src=&#8221;https:\/\/nordiqcanada.ca\/wp-content\/uploads\/COC-leader-copy.jpg&#8221; title_text=&#8221;COC leader copy&#8221; force_fullwidth=&#8221;on&#8221; _builder_version=&#8221;4.9.7&#8243;] [\/et_pb_image][\/et_pb_column][\/et_pb_row][\/et_pb_section][et_pb_section fb_built=&#8221;1&#8243; specialty=&#8221;on&#8221; _builder_version=&#8221;3.26.6&#8243; locked=&#8221;off&#8221;][et_pb_column type=&#8221;1_4&#8243; _builder_version=&#8221;3.25&#8243; custom_padding=&#8221;|||&#8221; custom_padding__hover=&#8221;|||&#8221;][et_pb_text module_id=&#8221;sidebarmenu&#8221; _builder_version=&#8221;4.4.0&#8243;] [\/et_pb_text][\/et_pb_column][et_pb_column type=&#8221;3_4&#8243; specialty_columns=&#8221;3&#8243; _builder_version=&#8221;3.25&#8243; custom_padding=&#8221;|||&#8221; custom_padding__hover=&#8221;|||&#8221;][et_pb_row_inner admin_label=&#8221;COC leaderboard&#8221; module_class=&#8221;races-anchor&#8221; _builder_version=&#8221;4.9.7&#8243; custom_margin=&#8221;0px||0px||false|false&#8221; custom_padding=&#8221;0px||0px||false|false&#8221;][et_pb_column_inner saved_specialty_column_type=&#8221;3_4&#8243; _builder_version=&#8221;4.4.0&#8243;][et_pb_text _builder_version=&#8221;4.9.7&#8243;] Liste de classement de la COC\u00a0 Chaque [&hellip;]","og_url":"https:\/\/nordiqcanada.ca\/fr\/races\/results\/","og_site_name":"Nordiq Canada","article_modified_time":"2026-04-03T18:37:27+00:00","twitter_card":"summary_large_image","twitter_misc":{"Dur\u00e9e de lecture estim\u00e9e":"9 minutes"},"schema":{"@context":"https:\/\/schema.org","@graph":[{"@type":"WebPage","@id":"https:\/\/nordiqcanada.ca\/fr\/races\/results\/","url":"https:\/\/nordiqcanada.ca\/fr\/races\/results\/","name":"Liste de classement de la COC - Nordiq Canada","isPartOf":{"@id":"https:\/\/nordiqcanada.ca\/fr\/#website"},"datePublished":"2019-08-19T20:42:08+00:00","dateModified":"2026-04-03T18:37:27+00:00","breadcrumb":{"@id":"https:\/\/nordiqcanada.ca\/fr\/races\/results\/#breadcrumb"},"inLanguage":"fr-FR","potentialAction":[{"@type":"ReadAction","target":["https:\/\/nordiqcanada.ca\/fr\/races\/results\/"]}]},{"@type":"BreadcrumbList","@id":"https:\/\/nordiqcanada.ca\/fr\/races\/results\/#breadcrumb","itemListElement":[{"@type":"ListItem","position":1,"name":"Home","item":"https:\/\/nordiqcanada.ca\/fr\/"},{"@type":"ListItem","position":2,"name":"Races","item":"https:\/\/nordiqcanada.ca\/fr\/races\/"},{"@type":"ListItem","position":3,"name":"Liste de classement de la COC"}]},{"@type":"WebSite","@id":"https:\/\/nordiqcanada.ca\/fr\/#website","url":"https:\/\/nordiqcanada.ca\/fr\/","name":"Nordiq Canada","description":"","publisher":{"@id":"https:\/\/nordiqcanada.ca\/fr\/#organization"},"potentialAction":[{"@type":"SearchAction","target":{"@type":"EntryPoint","urlTemplate":"https:\/\/nordiqcanada.ca\/fr\/?s={search_term_string}"},"query-input":{"@type":"PropertyValueSpecification","valueRequired":true,"valueName":"search_term_string"}}],"inLanguage":"fr-FR"},{"@type":"Organization","@id":"https:\/\/nordiqcanada.ca\/fr\/#organization","name":"Nordiq Canada","url":"https:\/\/nordiqcanada.ca\/fr\/","logo":{"@type":"ImageObject","inLanguage":"fr-FR","@id":"https:\/\/nordiqcanada.ca\/fr\/#\/schema\/logo\/image\/","url":"https:\/\/nordiqcanada.ca\/wp-content\/uploads\/Nordiq-Canada_stacked-logo.png","contentUrl":"https:\/\/nordiqcanada.ca\/wp-content\/uploads\/Nordiq-Canada_stacked-logo.png","width":600,"height":721,"caption":"Nordiq Canada"},"image":{"@id":"https:\/\/nordiqcanada.ca\/fr\/#\/schema\/logo\/image\/"}}]}},"_links":{"self":[{"href":"https:\/\/nordiqcanada.ca\/fr\/wp-json\/wp\/v2\/pages\/4004","targetHints":{"allow":["GET"]}}],"collection":[{"href":"https:\/\/nordiqcanada.ca\/fr\/wp-json\/wp\/v2\/pages"}],"about":[{"href":"https:\/\/nordiqcanada.ca\/fr\/wp-json\/wp\/v2\/types\/page"}],"author":[{"embeddable":true,"href":"https:\/\/nordiqcanada.ca\/fr\/wp-json\/wp\/v2\/users\/1"}],"replies":[{"embeddable":true,"href":"https:\/\/nordiqcanada.ca\/fr\/wp-json\/wp\/v2\/comments?post=4004"}],"version-history":[{"count":0,"href":"https:\/\/nordiqcanada.ca\/fr\/wp-json\/wp\/v2\/pages\/4004\/revisions"}],"up":[{"embeddable":true,"href":"https:\/\/nordiqcanada.ca\/fr\/wp-json\/wp\/v2\/pages\/4209"}],"wp:attachment":[{"href":"https:\/\/nordiqcanada.ca\/fr\/wp-json\/wp\/v2\/media?parent=4004"}],"curies":[{"name":"wp","href":"https:\/\/api.w.org\/{rel}","templated":true}]}}