{"id":4054,"date":"2019-08-19T14:51:53","date_gmt":"2019-08-19T20:51:53","guid":{"rendered":"https:\/\/nordiqcanada.ca\/carrieres\/"},"modified":"2025-05-08T16:18:24","modified_gmt":"2025-05-08T22:18:24","slug":"carrieres","status":"publish","type":"page","link":"https:\/\/nordiqcanada.ca\/fr\/a-propos\/carrieres\/","title":{"rendered":"Carri\u00e8res"},"content":{"rendered":"<p>[et_pb_section fb_built=&#8221;1&#8243; admin_label=&#8221;Top of page banner&#8221; _builder_version=&#8221;3.26.5&#8243; custom_margin=&#8221;0px||0px||false|false&#8221; custom_padding=&#8221;0px||0px||false|false&#8221;][et_pb_row _builder_version=&#8221;3.26.3&#8243; width=&#8221;100%&#8221; max_width=&#8221;100%&#8221; custom_margin=&#8221;0px||0px||false|false&#8221; custom_padding=&#8221;0px||0px||false|false&#8221;][et_pb_column type=&#8221;4_4&#8243; _builder_version=&#8221;3.26.3&#8243;][et_pb_image src=&#8221;https:\/\/nordiqcanada.ca\/wp-content\/uploads\/Carears-copy-1.jpg&#8221; title_text=&#8221;Carears copy&#8221; force_fullwidth=&#8221;on&#8221; _builder_version=&#8221;4.9.7&#8243;][\/et_pb_image][\/et_pb_column][\/et_pb_row][\/et_pb_section][et_pb_section fb_built=&#8221;1&#8243; specialty=&#8221;on&#8221; _builder_version=&#8221;3.26.6&#8243;][et_pb_column type=&#8221;1_4&#8243; _builder_version=&#8221;3.25&#8243; custom_padding=&#8221;|||&#8221; custom_padding__hover=&#8221;|||&#8221;][et_pb_text _builder_version=&#8221;3.27.4&#8243;]<\/p>\n[et_pb_section global_module=\"4074\"][\/et_pb_section]\n<p>[\/et_pb_text][\/et_pb_column][et_pb_column type=&#8221;3_4&#8243; specialty_columns=&#8221;3&#8243; _builder_version=&#8221;3.25&#8243; custom_padding=&#8221;|||&#8221; custom_padding__hover=&#8221;|||&#8221;][et_pb_row_inner _builder_version=&#8221;3.26.6&#8243; custom_margin=&#8221;0px||0px||false|false&#8221; custom_padding=&#8221;0px||0px||false|false&#8221;][et_pb_column_inner saved_specialty_column_type=&#8221;3_4&#8243; _builder_version=&#8221;3.26.6&#8243;][et_pb_text module_class=&#8221;introtext&#8221; _builder_version=&#8221;4.9.7&#8243;]<\/p>\n<h1>Venez travailler avec nous!<\/h1>\n<p>Nous avons \u00e9tabli un cheminement ambitieux pour l&#8217;avenir afin de faire du ski de fond \u00e0 la fois le sport canadien pour la vie et la superpuissance olympique et paralympique. Si cela vous inspire \u00e9galement, venez travailler avec nous. Vous participerez \u00e0 la r\u00e9alisation des r\u00eaves des athl\u00e8tes olympiques et paralympiques actuels et futurs, ainsi qu&#8217;\u00e0 la cr\u00e9ation d&#8217;une nation de fondeurs. Nous sommes toujours \u00e0 la recherche de personnes \u00e9nergiques, d\u00e9vou\u00e9es \u00e0 leur travail et engag\u00e9es envers l&#8217;excellence.<\/p>\n<p>[\/et_pb_text][\/et_pb_column_inner][\/et_pb_row_inner][et_pb_row_inner _builder_version=&#8221;3.27.4&#8243;][et_pb_column_inner saved_specialty_column_type=&#8221;3_4&#8243; _builder_version=&#8221;3.27.4&#8243;][et_pb_text _builder_version=&#8221;4.9.7&#8243; hover_enabled=&#8221;0&#8243; sticky_enabled=&#8221;0&#8243;]<\/p>\n<h3>Offre d\u2019emploi<\/h3>\n<h4 class=\"cpt_title page_title entry-title\"><a href=\"https:\/\/nordiqcanada.ca\/fr\/news-item\/opportunite-demploi-directeur-ou-directrice-finances-et-administration\/\">Directeur ou directrice, finances et administration<\/a><\/h4>\n<p>[\/et_pb_text][\/et_pb_column_inner][\/et_pb_row_inner][\/et_pb_column][\/et_pb_section][et_pb_section fb_built=&#8221;1&#8243; fullwidth=&#8221;on&#8221; admin_label=&#8221;Full Footer&#8221; _builder_version=&#8221;4.9.7&#8243; _module_preset=&#8221;default&#8221; global_module=&#8221;13254&#8243; locked=&#8221;on&#8221;][et_pb_fullwidth_code _builder_version=&#8221;4.9.7&#8243; _module_preset=&#8221;default&#8221; locked=&#8221;off&#8221;][et_pb_section global_module=\"13251\"][\/et_pb_section]<!-- [et_pb_line_break_holder] -->[et_pb_section global_module=\"13248\"][\/et_pb_section]<!-- [et_pb_line_break_holder] -->[et_pb_section global_module=\"13097\"][\/et_pb_section]<!-- [et_pb_line_break_holder] -->[et_pb_section global_module=\"13100\"][\/et_pb_section][\/et_pb_fullwidth_code][\/et_pb_section]<\/p>\n","protected":false},"excerpt":{"rendered":"<p>[et_pb_section fb_built=&#8221;1&#8243; admin_label=&#8221;Top of page banner&#8221; _builder_version=&#8221;3.26.5&#8243; custom_margin=&#8221;0px||0px||false|false&#8221; custom_padding=&#8221;0px||0px||false|false&#8221;][et_pb_row _builder_version=&#8221;3.26.3&#8243; width=&#8221;100%&#8221; max_width=&#8221;100%&#8221; custom_margin=&#8221;0px||0px||false|false&#8221; custom_padding=&#8221;0px||0px||false|false&#8221;][et_pb_column type=&#8221;4_4&#8243; _builder_version=&#8221;3.26.3&#8243;][et_pb_image src=&#8221;https:\/\/nordiqcanada.ca\/wp-content\/uploads\/Carears-copy-1.jpg&#8221; title_text=&#8221;Carears copy&#8221; force_fullwidth=&#8221;on&#8221; _builder_version=&#8221;4.9.7&#8243;][\/et_pb_image][\/et_pb_column][\/et_pb_row][\/et_pb_section][et_pb_section fb_built=&#8221;1&#8243; specialty=&#8221;on&#8221; _builder_version=&#8221;3.26.6&#8243;][et_pb_column type=&#8221;1_4&#8243; _builder_version=&#8221;3.25&#8243; custom_padding=&#8221;|||&#8221; custom_padding__hover=&#8221;|||&#8221;][et_pb_text _builder_version=&#8221;3.27.4&#8243;] [\/et_pb_text][\/et_pb_column][et_pb_column type=&#8221;3_4&#8243; specialty_columns=&#8221;3&#8243; _builder_version=&#8221;3.25&#8243; custom_padding=&#8221;|||&#8221; custom_padding__hover=&#8221;|||&#8221;][et_pb_row_inner _builder_version=&#8221;3.26.6&#8243; custom_margin=&#8221;0px||0px||false|false&#8221; custom_padding=&#8221;0px||0px||false|false&#8221;][et_pb_column_inner saved_specialty_column_type=&#8221;3_4&#8243; _builder_version=&#8221;3.26.6&#8243;][et_pb_text module_class=&#8221;introtext&#8221; _builder_version=&#8221;4.9.7&#8243;] Venez travailler avec nous! Nous avons \u00e9tabli un cheminement ambitieux pour l&#8217;avenir afin [&hellip;]<\/p>\n","protected":false},"author":1,"featured_media":0,"parent":4236,"menu_order":0,"comment_status":"closed","ping_status":"closed","template":"","meta":{"_et_pb_use_builder":"on","_et_pb_old_content":"","_et_gb_content_width":"","footnotes":""},"class_list":["post-4054","page","type-page","status-publish","hentry"],"yoast_head":"<!-- This site is optimized with the Yoast SEO plugin v27.4 - https:\/\/yoast.com\/product\/yoast-seo-wordpress\/ -->\n<title>Carri\u00e8res - Nordiq Canada<\/title>\n<meta name=\"description\" content=\"Nous avons \u00e9tabli un cheminement ambitieux pour l&#039;avenir afin de faire du ski de fond \u00e0 la fois le sport canadien pour la vie et la superpuissance olympique et paralympique. Si cela vous inspire \u00e9galement, venez travailler avec nous. Vous participerez \u00e0 la r\u00e9alisation des r\u00eaves des athl\u00e8tes olympiques et paralympiques actuels et futurs, ainsi qu&#039;\u00e0 la cr\u00e9ation d&#039;une nation de fondeurs. Nous sommes toujours \u00e0 la recherche de personnes \u00e9nergiques, d\u00e9vou\u00e9es \u00e0 leur travail et engag\u00e9es envers l&#039;excellence.\" \/>\n<meta name=\"robots\" content=\"index, follow, max-snippet:-1, max-image-preview:large, max-video-preview:-1\" \/>\n<link rel=\"canonical\" href=\"https:\/\/nordiqcanada.ca\/fr\/a-propos\/carrieres\/\" \/>\n<meta property=\"og:locale\" content=\"fr_FR\" \/>\n<meta property=\"og:type\" content=\"article\" \/>\n<meta property=\"og:title\" content=\"Carri\u00e8res - Nordiq Canada\" \/>\n<meta property=\"og:description\" content=\"Nous avons \u00e9tabli un cheminement ambitieux pour l&#039;avenir afin de faire du ski de fond \u00e0 la fois le sport canadien pour la vie et la superpuissance olympique et paralympique. Si cela vous inspire \u00e9galement, venez travailler avec nous. Vous participerez \u00e0 la r\u00e9alisation des r\u00eaves des athl\u00e8tes olympiques et paralympiques actuels et futurs, ainsi qu&#039;\u00e0 la cr\u00e9ation d&#039;une nation de fondeurs. Nous sommes toujours \u00e0 la recherche de personnes \u00e9nergiques, d\u00e9vou\u00e9es \u00e0 leur travail et engag\u00e9es envers l&#039;excellence.\" \/>\n<meta property=\"og:url\" content=\"https:\/\/nordiqcanada.ca\/fr\/a-propos\/carrieres\/\" \/>\n<meta property=\"og:site_name\" content=\"Nordiq Canada\" \/>\n<meta property=\"article:modified_time\" content=\"2025-05-08T22:18:24+00:00\" \/>\n<meta name=\"twitter:card\" content=\"summary_large_image\" \/>\n<meta name=\"twitter:label1\" content=\"Dur\u00e9e de lecture estim\u00e9e\" \/>\n\t<meta name=\"twitter:data1\" content=\"7 minutes\" \/>\n<script type=\"application\/ld+json\" class=\"yoast-schema-graph\">{\"@context\":\"https:\\\/\\\/schema.org\",\"@graph\":[{\"@type\":\"WebPage\",\"@id\":\"https:\\\/\\\/nordiqcanada.ca\\\/fr\\\/a-propos\\\/carrieres\\\/\",\"url\":\"https:\\\/\\\/nordiqcanada.ca\\\/fr\\\/a-propos\\\/carrieres\\\/\",\"name\":\"Carri\u00e8res - Nordiq Canada\",\"isPartOf\":{\"@id\":\"https:\\\/\\\/nordiqcanada.ca\\\/fr\\\/#website\"},\"datePublished\":\"2019-08-19T20:51:53+00:00\",\"dateModified\":\"2025-05-08T22:18:24+00:00\",\"description\":\"Nous avons \u00e9tabli un cheminement ambitieux pour l'avenir afin de faire du ski de fond \u00e0 la fois le sport canadien pour la vie et la superpuissance olympique et paralympique. Si cela vous inspire \u00e9galement, venez travailler avec nous. Vous participerez \u00e0 la r\u00e9alisation des r\u00eaves des athl\u00e8tes olympiques et paralympiques actuels et futurs, ainsi qu'\u00e0 la cr\u00e9ation d'une nation de fondeurs. Nous sommes toujours \u00e0 la recherche de personnes \u00e9nergiques, d\u00e9vou\u00e9es \u00e0 leur travail et engag\u00e9es envers l'excellence.\",\"breadcrumb\":{\"@id\":\"https:\\\/\\\/nordiqcanada.ca\\\/fr\\\/a-propos\\\/carrieres\\\/#breadcrumb\"},\"inLanguage\":\"fr-FR\",\"potentialAction\":[{\"@type\":\"ReadAction\",\"target\":[\"https:\\\/\\\/nordiqcanada.ca\\\/fr\\\/a-propos\\\/carrieres\\\/\"]}]},{\"@type\":\"BreadcrumbList\",\"@id\":\"https:\\\/\\\/nordiqcanada.ca\\\/fr\\\/a-propos\\\/carrieres\\\/#breadcrumb\",\"itemListElement\":[{\"@type\":\"ListItem\",\"position\":1,\"name\":\"Home\",\"item\":\"https:\\\/\\\/nordiqcanada.ca\\\/fr\\\/\"},{\"@type\":\"ListItem\",\"position\":2,\"name\":\"\u00c0 propos\",\"item\":\"https:\\\/\\\/nordiqcanada.ca\\\/fr\\\/a-propos\\\/\"},{\"@type\":\"ListItem\",\"position\":3,\"name\":\"Carri\u00e8res\"}]},{\"@type\":\"WebSite\",\"@id\":\"https:\\\/\\\/nordiqcanada.ca\\\/fr\\\/#website\",\"url\":\"https:\\\/\\\/nordiqcanada.ca\\\/fr\\\/\",\"name\":\"Nordiq Canada\",\"description\":\"\",\"publisher\":{\"@id\":\"https:\\\/\\\/nordiqcanada.ca\\\/fr\\\/#organization\"},\"potentialAction\":[{\"@type\":\"SearchAction\",\"target\":{\"@type\":\"EntryPoint\",\"urlTemplate\":\"https:\\\/\\\/nordiqcanada.ca\\\/fr\\\/?s={search_term_string}\"},\"query-input\":{\"@type\":\"PropertyValueSpecification\",\"valueRequired\":true,\"valueName\":\"search_term_string\"}}],\"inLanguage\":\"fr-FR\"},{\"@type\":\"Organization\",\"@id\":\"https:\\\/\\\/nordiqcanada.ca\\\/fr\\\/#organization\",\"name\":\"Nordiq Canada\",\"url\":\"https:\\\/\\\/nordiqcanada.ca\\\/fr\\\/\",\"logo\":{\"@type\":\"ImageObject\",\"inLanguage\":\"fr-FR\",\"@id\":\"https:\\\/\\\/nordiqcanada.ca\\\/fr\\\/#\\\/schema\\\/logo\\\/image\\\/\",\"url\":\"https:\\\/\\\/nordiqcanada.ca\\\/wp-content\\\/uploads\\\/Nordiq-Canada_stacked-logo.png\",\"contentUrl\":\"https:\\\/\\\/nordiqcanada.ca\\\/wp-content\\\/uploads\\\/Nordiq-Canada_stacked-logo.png\",\"width\":600,\"height\":721,\"caption\":\"Nordiq Canada\"},\"image\":{\"@id\":\"https:\\\/\\\/nordiqcanada.ca\\\/fr\\\/#\\\/schema\\\/logo\\\/image\\\/\"}}]}<\/script>\n<!-- \/ Yoast SEO plugin. -->","yoast_head_json":{"title":"Carri\u00e8res - Nordiq Canada","description":"Nous avons \u00e9tabli un cheminement ambitieux pour l'avenir afin de faire du ski de fond \u00e0 la fois le sport canadien pour la vie et la superpuissance olympique et paralympique. Si cela vous inspire \u00e9galement, venez travailler avec nous. Vous participerez \u00e0 la r\u00e9alisation des r\u00eaves des athl\u00e8tes olympiques et paralympiques actuels et futurs, ainsi qu'\u00e0 la cr\u00e9ation d'une nation de fondeurs. Nous sommes toujours \u00e0 la recherche de personnes \u00e9nergiques, d\u00e9vou\u00e9es \u00e0 leur travail et engag\u00e9es envers l'excellence.","robots":{"index":"index","follow":"follow","max-snippet":"max-snippet:-1","max-image-preview":"max-image-preview:large","max-video-preview":"max-video-preview:-1"},"canonical":"https:\/\/nordiqcanada.ca\/fr\/a-propos\/carrieres\/","og_locale":"fr_FR","og_type":"article","og_title":"Carri\u00e8res - Nordiq Canada","og_description":"Nous avons \u00e9tabli un cheminement ambitieux pour l'avenir afin de faire du ski de fond \u00e0 la fois le sport canadien pour la vie et la superpuissance olympique et paralympique. Si cela vous inspire \u00e9galement, venez travailler avec nous. Vous participerez \u00e0 la r\u00e9alisation des r\u00eaves des athl\u00e8tes olympiques et paralympiques actuels et futurs, ainsi qu'\u00e0 la cr\u00e9ation d'une nation de fondeurs. Nous sommes toujours \u00e0 la recherche de personnes \u00e9nergiques, d\u00e9vou\u00e9es \u00e0 leur travail et engag\u00e9es envers l'excellence.","og_url":"https:\/\/nordiqcanada.ca\/fr\/a-propos\/carrieres\/","og_site_name":"Nordiq Canada","article_modified_time":"2025-05-08T22:18:24+00:00","twitter_card":"summary_large_image","twitter_misc":{"Dur\u00e9e de lecture estim\u00e9e":"7 minutes"},"schema":{"@context":"https:\/\/schema.org","@graph":[{"@type":"WebPage","@id":"https:\/\/nordiqcanada.ca\/fr\/a-propos\/carrieres\/","url":"https:\/\/nordiqcanada.ca\/fr\/a-propos\/carrieres\/","name":"Carri\u00e8res - Nordiq Canada","isPartOf":{"@id":"https:\/\/nordiqcanada.ca\/fr\/#website"},"datePublished":"2019-08-19T20:51:53+00:00","dateModified":"2025-05-08T22:18:24+00:00","description":"Nous avons \u00e9tabli un cheminement ambitieux pour l'avenir afin de faire du ski de fond \u00e0 la fois le sport canadien pour la vie et la superpuissance olympique et paralympique. Si cela vous inspire \u00e9galement, venez travailler avec nous. Vous participerez \u00e0 la r\u00e9alisation des r\u00eaves des athl\u00e8tes olympiques et paralympiques actuels et futurs, ainsi qu'\u00e0 la cr\u00e9ation d'une nation de fondeurs. Nous sommes toujours \u00e0 la recherche de personnes \u00e9nergiques, d\u00e9vou\u00e9es \u00e0 leur travail et engag\u00e9es envers l'excellence.","breadcrumb":{"@id":"https:\/\/nordiqcanada.ca\/fr\/a-propos\/carrieres\/#breadcrumb"},"inLanguage":"fr-FR","potentialAction":[{"@type":"ReadAction","target":["https:\/\/nordiqcanada.ca\/fr\/a-propos\/carrieres\/"]}]},{"@type":"BreadcrumbList","@id":"https:\/\/nordiqcanada.ca\/fr\/a-propos\/carrieres\/#breadcrumb","itemListElement":[{"@type":"ListItem","position":1,"name":"Home","item":"https:\/\/nordiqcanada.ca\/fr\/"},{"@type":"ListItem","position":2,"name":"\u00c0 propos","item":"https:\/\/nordiqcanada.ca\/fr\/a-propos\/"},{"@type":"ListItem","position":3,"name":"Carri\u00e8res"}]},{"@type":"WebSite","@id":"https:\/\/nordiqcanada.ca\/fr\/#website","url":"https:\/\/nordiqcanada.ca\/fr\/","name":"Nordiq Canada","description":"","publisher":{"@id":"https:\/\/nordiqcanada.ca\/fr\/#organization"},"potentialAction":[{"@type":"SearchAction","target":{"@type":"EntryPoint","urlTemplate":"https:\/\/nordiqcanada.ca\/fr\/?s={search_term_string}"},"query-input":{"@type":"PropertyValueSpecification","valueRequired":true,"valueName":"search_term_string"}}],"inLanguage":"fr-FR"},{"@type":"Organization","@id":"https:\/\/nordiqcanada.ca\/fr\/#organization","name":"Nordiq Canada","url":"https:\/\/nordiqcanada.ca\/fr\/","logo":{"@type":"ImageObject","inLanguage":"fr-FR","@id":"https:\/\/nordiqcanada.ca\/fr\/#\/schema\/logo\/image\/","url":"https:\/\/nordiqcanada.ca\/wp-content\/uploads\/Nordiq-Canada_stacked-logo.png","contentUrl":"https:\/\/nordiqcanada.ca\/wp-content\/uploads\/Nordiq-Canada_stacked-logo.png","width":600,"height":721,"caption":"Nordiq Canada"},"image":{"@id":"https:\/\/nordiqcanada.ca\/fr\/#\/schema\/logo\/image\/"}}]}},"_links":{"self":[{"href":"https:\/\/nordiqcanada.ca\/fr\/wp-json\/wp\/v2\/pages\/4054","targetHints":{"allow":["GET"]}}],"collection":[{"href":"https:\/\/nordiqcanada.ca\/fr\/wp-json\/wp\/v2\/pages"}],"about":[{"href":"https:\/\/nordiqcanada.ca\/fr\/wp-json\/wp\/v2\/types\/page"}],"author":[{"embeddable":true,"href":"https:\/\/nordiqcanada.ca\/fr\/wp-json\/wp\/v2\/users\/1"}],"replies":[{"embeddable":true,"href":"https:\/\/nordiqcanada.ca\/fr\/wp-json\/wp\/v2\/comments?post=4054"}],"version-history":[{"count":0,"href":"https:\/\/nordiqcanada.ca\/fr\/wp-json\/wp\/v2\/pages\/4054\/revisions"}],"up":[{"embeddable":true,"href":"https:\/\/nordiqcanada.ca\/fr\/wp-json\/wp\/v2\/pages\/4236"}],"wp:attachment":[{"href":"https:\/\/nordiqcanada.ca\/fr\/wp-json\/wp\/v2\/media?parent=4054"}],"curies":[{"name":"wp","href":"https:\/\/api.w.org\/{rel}","templated":true}]}}