{"id":4064,"date":"2019-09-09T13:47:08","date_gmt":"2019-09-09T19:47:08","guid":{"rendered":"https:\/\/nordiqcanada.ca\/bourses-et-subventions\/"},"modified":"2025-05-22T10:16:25","modified_gmt":"2025-05-22T16:16:25","slug":"bourses-et-subventions","status":"publish","type":"page","link":"https:\/\/nordiqcanada.ca\/fr\/a-propos\/bourses-et-subventions\/","title":{"rendered":"Bourses et subventions"},"content":{"rendered":"<p>[et_pb_section fb_built=&#8221;1&#8243; admin_label=&#8221;Top of page banner&#8221; _builder_version=&#8221;3.26.5&#8243; custom_margin=&#8221;0px||0px||false|false&#8221; custom_padding=&#8221;0px||0px||false|false&#8221;][et_pb_row _builder_version=&#8221;3.26.3&#8243; width=&#8221;100%&#8221; max_width=&#8221;100%&#8221; custom_margin=&#8221;0px||0px||false|false&#8221; custom_padding=&#8221;0px||0px||false|false&#8221;][et_pb_column type=&#8221;4_4&#8243; _builder_version=&#8221;3.26.3&#8243;][et_pb_image src=&#8221;https:\/\/nordiqcanada.ca\/wp-content\/uploads\/Nordiq_CookieRace.jpg&#8221; force_fullwidth=&#8221;on&#8221; _builder_version=&#8221;4.1&#8243;][\/et_pb_image][\/et_pb_column][\/et_pb_row][\/et_pb_section][et_pb_section fb_built=&#8221;1&#8243; specialty=&#8221;on&#8221; _builder_version=&#8221;3.26.6&#8243;][et_pb_column type=&#8221;1_4&#8243; _builder_version=&#8221;3.25&#8243; custom_padding=&#8221;|||&#8221; custom_padding__hover=&#8221;|||&#8221;][et_pb_text _builder_version=&#8221;3.27.4&#8243;][et_pb_section global_module=\"4074\"][\/et_pb_section][\/et_pb_text][\/et_pb_column][et_pb_column type=&#8221;3_4&#8243; specialty_columns=&#8221;3&#8243; _builder_version=&#8221;3.25&#8243; custom_padding=&#8221;|||&#8221; custom_padding__hover=&#8221;|||&#8221;][et_pb_row_inner _builder_version=&#8221;3.26.6&#8243; custom_margin=&#8221;0px||0px||false|false&#8221; custom_padding=&#8221;0px||0px||false|false&#8221;][et_pb_column_inner saved_specialty_column_type=&#8221;3_4&#8243; _builder_version=&#8221;3.26.6&#8243;][et_pb_text module_class=&#8221;introtext&#8221; _builder_version=&#8221;4.9.7&#8243; hover_enabled=&#8221;0&#8243; sticky_enabled=&#8221;0&#8243;]<\/p>\n<h1>POSSIBILIT\u00c9S D\u2019OBTENTION DE BOURSES<\/h1>\n<p>Gr\u00e2ce \u00e0 nos g\u00e9n\u00e9reux partenaires et donateurs, plusieurs programmes de bourses et subventions sont offerts \u00e0 nos entra\u00eeneurs, nos athl\u00e8tes, nos officiels et nos clubs. Les bourses et subventions actuelles se trouvent dans le Centre de documentation et sont partag\u00e9es sur les m\u00e9dias sociaux lorsqu\u2019elles sont disponibles. Surveillez ces bourses et d\u2019autres en cours d\u2019ann\u00e9e :<\/p>\n<ul>\n<li><a href=\"https:\/\/nordiqcanada.ca\/wp-content\/uploads\/NCDF-Application-2024-French.pdf\">Fonds de d\u00e9veloppement Nordiq Canada &#8211; demande de subvention pour un projet pour les divisions et les centres d\u2019entra\u00eenement<\/a><\/li>\n<li><a href=\"https:\/\/nordiqcanada.ca\/wp-content\/uploads\/Team-Coatsworth-NCDF-Grant_application-2024-25_FR.docx\">Fonds de d\u00e9veloppement Nordiq Canada &#8211; bourse \u00c9quipe Coatsworth pour les athl\u00e8tes<\/a><\/li>\n<li><a href=\"https:\/\/nordiqcanada.ca\/wp-content\/uploads\/NWSDA-2021-22-Request-for-Club-Proposals-FR.pdf\">Bourses pour les entra\u00eeneurs et athl\u00e8tes de club de la National Winter Sports Development Association<\/a><\/li>\n<li><a href=\"https:\/\/nordiqcanada.ca\/wp-content\/uploads\/ski-to-school-scholarship-FR-2022-23-application-Copy.pdf\">Bourses ski-\u00e9tudes pour les \u00e9tudiants-athl\u00e8tes de niveau postsecondaire<\/a><\/li>\n<li><a href=\"https:\/\/nordiqcanada.ca\/wp-content\/uploads\/2025-26-NWSDA-Club-Application-Form-FR-Copy-1.docx\">National Winter Sports Development Association (NWSDA) Demande de propositions de club<\/a><\/li>\n<li><a href=\"https:\/\/nordiqcanada.ca\/wp-content\/uploads\/ski-to-school-scholarship-FR-2023-application.pdf\">Bourses d\u2019\u00e9tude\u00a0\u00abje skie et j\u2019\u00e9tudie\u00bb<\/a><\/li>\n<li>Bourse du comit\u00e9 des femmes pour les athl\u00e8tes et les entra\u00eeneures<\/li>\n<\/ul>\n<p>[\/et_pb_text][\/et_pb_column_inner][\/et_pb_row_inner][et_pb_row_inner _builder_version=&#8221;3.27.4&#8243;][et_pb_column_inner saved_specialty_column_type=&#8221;3_4&#8243; _builder_version=&#8221;3.27.4&#8243;][et_pb_text module_class=&#8221;introtext&#8221; _builder_version=&#8221;4.9.7&#8243; hover_enabled=&#8221;0&#8243; sticky_enabled=&#8221;0&#8243;]<\/p>\n<h1>T\u00e9moignages des r\u00e9cipiendaires de bourses et subventions<\/h1>\n<p>Chaque ann\u00e9e, les programmes de bourses et de subventions nous permettent de remettre des centaines de milliers de dollars \u00e0 la communaut\u00e9 de ski de fond. Voyez les t\u00e9moignages des r\u00e9cipiendaires de bourses et subventions ici :<\/p>\n<p>[\/et_pb_text][\/et_pb_column_inner][\/et_pb_row_inner][et_pb_row_inner column_structure=&#8221;1_3,1_3,1_3&#8243; _builder_version=&#8221;4.9.7&#8243; _module_preset=&#8221;default&#8221;][et_pb_column_inner type=&#8221;1_3&#8243; saved_specialty_column_type=&#8221;3_4&#8243; _builder_version=&#8221;4.9.7&#8243; _module_preset=&#8221;default&#8221;][et_pb_image src=&#8221;https:\/\/nordiqcanada.ca\/wp-content\/uploads\/Roy-Sturm-Social-copy-french.png&#8221; title_text=&#8221;Roy Sturm Social copy french&#8221; url=&#8221;https:\/\/nordiqcanada.ca\/news-item\/the-essence-of-cross-country-skiing-a-welcoming-community-for-all-to-enjoy-fun-fitness-and-health\/&#8221; _builder_version=&#8221;4.9.7&#8243; _module_preset=&#8221;default&#8221;][\/et_pb_image][et_pb_text _builder_version=&#8221;4.9.7&#8243; _module_preset=&#8221;default&#8221; link_option_url=&#8221;https:\/\/nordiqcanada.ca\/fr\/news-item\/lessence-du-ski-de-fond-une-communaute-accueillante-pour-le-plaisir-la-mise-en-forme-et-la-sante-pour-tous\/&#8221;]<\/p>\n<h1 class=\"cpt_title page_title entry-title\">L\u2019essence du ski de fond\u202f: une communaut\u00e9 accueillante pour le plaisir, la mise en forme et la sant\u00e9 pour tous<\/h1>\n<p>[\/et_pb_text][\/et_pb_column_inner][et_pb_column_inner type=&#8221;1_3&#8243; saved_specialty_column_type=&#8221;3_4&#8243; _builder_version=&#8221;4.9.7&#8243; _module_preset=&#8221;default&#8221;][et_pb_image src=&#8221;https:\/\/nordiqcanada.ca\/wp-content\/uploads\/CSAI-Grant-Website-news-cover-copy.jpg&#8221; title_text=&#8221;CSAI Grant Website news cover copy&#8221; url=&#8221;https:\/\/nordiqcanada.ca\/fr\/news-item\/douze-clubs-de-ski-de-fond-au-canada-recevront-des-bourses-de-linitiative-le-sport-communautaire-pour-tous\/&#8221; _builder_version=&#8221;4.9.7&#8243; _module_preset=&#8221;default&#8221;][\/et_pb_image][et_pb_text _builder_version=&#8221;4.9.7&#8243; _module_preset=&#8221;default&#8221; link_option_url=&#8221;https:\/\/nordiqcanada.ca\/fr\/news-item\/douze-clubs-de-ski-de-fond-au-canada-recevront-des-bourses-de-linitiative-le-sport-communautaire-pour-tous\/&#8221;]<\/p>\n<h1 class=\"cpt_title page_title entry-title\">Douze clubs de ski de fond au Canada recevront des bourses de l\u2019initiative Le sport communautaire pour tous<\/h1>\n<p>[\/et_pb_text][\/et_pb_column_inner][et_pb_column_inner type=&#8221;1_3&#8243; saved_specialty_column_type=&#8221;3_4&#8243; _builder_version=&#8221;4.9.7&#8243; _module_preset=&#8221;default&#8221;][\/et_pb_column_inner][\/et_pb_row_inner][\/et_pb_column][\/et_pb_section][et_pb_section fb_built=&#8221;1&#8243; fullwidth=&#8221;on&#8221; admin_label=&#8221;Full Footer&#8221; _builder_version=&#8221;4.9.7&#8243; _module_preset=&#8221;default&#8221; global_module=&#8221;13254&#8243; locked=&#8221;on&#8221;][et_pb_fullwidth_code _builder_version=&#8221;4.9.7&#8243; _module_preset=&#8221;default&#8221; locked=&#8221;off&#8221;][et_pb_section global_module=\"13251\"][\/et_pb_section]<!-- [et_pb_line_break_holder] -->[et_pb_section global_module=\"13248\"][\/et_pb_section]<!-- [et_pb_line_break_holder] -->[et_pb_section global_module=\"13097\"][\/et_pb_section]<!-- [et_pb_line_break_holder] -->[et_pb_section global_module=\"13100\"][\/et_pb_section][\/et_pb_fullwidth_code][\/et_pb_section]<\/p>\n","protected":false},"excerpt":{"rendered":"<p>[et_pb_section fb_built=&#8221;1&#8243; admin_label=&#8221;Top of page banner&#8221; _builder_version=&#8221;3.26.5&#8243; custom_margin=&#8221;0px||0px||false|false&#8221; custom_padding=&#8221;0px||0px||false|false&#8221;][et_pb_row _builder_version=&#8221;3.26.3&#8243; width=&#8221;100%&#8221; max_width=&#8221;100%&#8221; custom_margin=&#8221;0px||0px||false|false&#8221; custom_padding=&#8221;0px||0px||false|false&#8221;][et_pb_column type=&#8221;4_4&#8243; _builder_version=&#8221;3.26.3&#8243;][et_pb_image src=&#8221;https:\/\/nordiqcanada.ca\/wp-content\/uploads\/Nordiq_CookieRace.jpg&#8221; force_fullwidth=&#8221;on&#8221; _builder_version=&#8221;4.1&#8243;][\/et_pb_image][\/et_pb_column][\/et_pb_row][\/et_pb_section][et_pb_section fb_built=&#8221;1&#8243; specialty=&#8221;on&#8221; _builder_version=&#8221;3.26.6&#8243;][et_pb_column type=&#8221;1_4&#8243; _builder_version=&#8221;3.25&#8243; custom_padding=&#8221;|||&#8221; custom_padding__hover=&#8221;|||&#8221;][et_pb_text _builder_version=&#8221;3.27.4&#8243;][\/et_pb_text][\/et_pb_column][et_pb_column type=&#8221;3_4&#8243; specialty_columns=&#8221;3&#8243; _builder_version=&#8221;3.25&#8243; custom_padding=&#8221;|||&#8221; custom_padding__hover=&#8221;|||&#8221;][et_pb_row_inner _builder_version=&#8221;3.26.6&#8243; custom_margin=&#8221;0px||0px||false|false&#8221; custom_padding=&#8221;0px||0px||false|false&#8221;][et_pb_column_inner saved_specialty_column_type=&#8221;3_4&#8243; _builder_version=&#8221;3.26.6&#8243;][et_pb_text module_class=&#8221;introtext&#8221; _builder_version=&#8221;4.9.7&#8243; hover_enabled=&#8221;0&#8243; sticky_enabled=&#8221;0&#8243;] POSSIBILIT\u00c9S D\u2019OBTENTION DE BOURSES Gr\u00e2ce \u00e0 nos g\u00e9n\u00e9reux partenaires et donateurs, plusieurs programmes de [&hellip;]<\/p>\n","protected":false},"author":1,"featured_media":0,"parent":4236,"menu_order":0,"comment_status":"closed","ping_status":"closed","template":"","meta":{"_et_pb_use_builder":"on","_et_pb_old_content":"","_et_gb_content_width":"","footnotes":""},"class_list":["post-4064","page","type-page","status-publish","hentry"],"yoast_head":"<!-- This site is optimized with the Yoast SEO plugin v27.4 - https:\/\/yoast.com\/product\/yoast-seo-wordpress\/ -->\n<title>Bourses et subventions - Nordiq Canada<\/title>\n<meta name=\"robots\" content=\"index, follow, max-snippet:-1, max-image-preview:large, max-video-preview:-1\" \/>\n<link rel=\"canonical\" href=\"https:\/\/nordiqcanada.ca\/fr\/a-propos\/bourses-et-subventions\/\" \/>\n<meta property=\"og:locale\" content=\"fr_FR\" \/>\n<meta property=\"og:type\" content=\"article\" \/>\n<meta property=\"og:title\" content=\"Bourses et subventions - Nordiq Canada\" \/>\n<meta property=\"og:description\" content=\"[et_pb_section fb_built=&#8221;1&#8243; admin_label=&#8221;Top of page banner&#8221; _builder_version=&#8221;3.26.5&#8243; custom_margin=&#8221;0px||0px||false|false&#8221; custom_padding=&#8221;0px||0px||false|false&#8221;][et_pb_row _builder_version=&#8221;3.26.3&#8243; width=&#8221;100%&#8221; max_width=&#8221;100%&#8221; custom_margin=&#8221;0px||0px||false|false&#8221; custom_padding=&#8221;0px||0px||false|false&#8221;][et_pb_column type=&#8221;4_4&#8243; _builder_version=&#8221;3.26.3&#8243;][et_pb_image src=&#8221;https:\/\/nordiqcanada.ca\/wp-content\/uploads\/Nordiq_CookieRace.jpg&#8221; force_fullwidth=&#8221;on&#8221; _builder_version=&#8221;4.1&#8243;][\/et_pb_image][\/et_pb_column][\/et_pb_row][\/et_pb_section][et_pb_section fb_built=&#8221;1&#8243; specialty=&#8221;on&#8221; _builder_version=&#8221;3.26.6&#8243;][et_pb_column type=&#8221;1_4&#8243; _builder_version=&#8221;3.25&#8243; custom_padding=&#8221;|||&#8221; custom_padding__hover=&#8221;|||&#8221;][et_pb_text _builder_version=&#8221;3.27.4&#8243;][\/et_pb_text][\/et_pb_column][et_pb_column type=&#8221;3_4&#8243; specialty_columns=&#8221;3&#8243; _builder_version=&#8221;3.25&#8243; custom_padding=&#8221;|||&#8221; custom_padding__hover=&#8221;|||&#8221;][et_pb_row_inner _builder_version=&#8221;3.26.6&#8243; custom_margin=&#8221;0px||0px||false|false&#8221; custom_padding=&#8221;0px||0px||false|false&#8221;][et_pb_column_inner saved_specialty_column_type=&#8221;3_4&#8243; _builder_version=&#8221;3.26.6&#8243;][et_pb_text module_class=&#8221;introtext&#8221; _builder_version=&#8221;4.9.7&#8243; hover_enabled=&#8221;0&#8243; sticky_enabled=&#8221;0&#8243;] POSSIBILIT\u00c9S D\u2019OBTENTION DE BOURSES Gr\u00e2ce \u00e0 nos g\u00e9n\u00e9reux partenaires et donateurs, plusieurs programmes de [&hellip;]\" \/>\n<meta property=\"og:url\" content=\"https:\/\/nordiqcanada.ca\/fr\/a-propos\/bourses-et-subventions\/\" \/>\n<meta property=\"og:site_name\" content=\"Nordiq Canada\" \/>\n<meta property=\"article:modified_time\" content=\"2025-05-22T16:16:25+00:00\" \/>\n<meta name=\"twitter:card\" content=\"summary_large_image\" \/>\n<meta name=\"twitter:label1\" content=\"Dur\u00e9e de lecture estim\u00e9e\" \/>\n\t<meta name=\"twitter:data1\" content=\"8 minutes\" \/>\n<script type=\"application\/ld+json\" class=\"yoast-schema-graph\">{\"@context\":\"https:\\\/\\\/schema.org\",\"@graph\":[{\"@type\":\"WebPage\",\"@id\":\"https:\\\/\\\/nordiqcanada.ca\\\/fr\\\/a-propos\\\/bourses-et-subventions\\\/\",\"url\":\"https:\\\/\\\/nordiqcanada.ca\\\/fr\\\/a-propos\\\/bourses-et-subventions\\\/\",\"name\":\"Bourses et subventions - Nordiq Canada\",\"isPartOf\":{\"@id\":\"https:\\\/\\\/nordiqcanada.ca\\\/fr\\\/#website\"},\"datePublished\":\"2019-09-09T19:47:08+00:00\",\"dateModified\":\"2025-05-22T16:16:25+00:00\",\"breadcrumb\":{\"@id\":\"https:\\\/\\\/nordiqcanada.ca\\\/fr\\\/a-propos\\\/bourses-et-subventions\\\/#breadcrumb\"},\"inLanguage\":\"fr-FR\",\"potentialAction\":[{\"@type\":\"ReadAction\",\"target\":[\"https:\\\/\\\/nordiqcanada.ca\\\/fr\\\/a-propos\\\/bourses-et-subventions\\\/\"]}]},{\"@type\":\"BreadcrumbList\",\"@id\":\"https:\\\/\\\/nordiqcanada.ca\\\/fr\\\/a-propos\\\/bourses-et-subventions\\\/#breadcrumb\",\"itemListElement\":[{\"@type\":\"ListItem\",\"position\":1,\"name\":\"Home\",\"item\":\"https:\\\/\\\/nordiqcanada.ca\\\/fr\\\/\"},{\"@type\":\"ListItem\",\"position\":2,\"name\":\"\u00c0 propos\",\"item\":\"https:\\\/\\\/nordiqcanada.ca\\\/fr\\\/a-propos\\\/\"},{\"@type\":\"ListItem\",\"position\":3,\"name\":\"Bourses et subventions\"}]},{\"@type\":\"WebSite\",\"@id\":\"https:\\\/\\\/nordiqcanada.ca\\\/fr\\\/#website\",\"url\":\"https:\\\/\\\/nordiqcanada.ca\\\/fr\\\/\",\"name\":\"Nordiq Canada\",\"description\":\"\",\"publisher\":{\"@id\":\"https:\\\/\\\/nordiqcanada.ca\\\/fr\\\/#organization\"},\"potentialAction\":[{\"@type\":\"SearchAction\",\"target\":{\"@type\":\"EntryPoint\",\"urlTemplate\":\"https:\\\/\\\/nordiqcanada.ca\\\/fr\\\/?s={search_term_string}\"},\"query-input\":{\"@type\":\"PropertyValueSpecification\",\"valueRequired\":true,\"valueName\":\"search_term_string\"}}],\"inLanguage\":\"fr-FR\"},{\"@type\":\"Organization\",\"@id\":\"https:\\\/\\\/nordiqcanada.ca\\\/fr\\\/#organization\",\"name\":\"Nordiq Canada\",\"url\":\"https:\\\/\\\/nordiqcanada.ca\\\/fr\\\/\",\"logo\":{\"@type\":\"ImageObject\",\"inLanguage\":\"fr-FR\",\"@id\":\"https:\\\/\\\/nordiqcanada.ca\\\/fr\\\/#\\\/schema\\\/logo\\\/image\\\/\",\"url\":\"https:\\\/\\\/nordiqcanada.ca\\\/wp-content\\\/uploads\\\/Nordiq-Canada_stacked-logo.png\",\"contentUrl\":\"https:\\\/\\\/nordiqcanada.ca\\\/wp-content\\\/uploads\\\/Nordiq-Canada_stacked-logo.png\",\"width\":600,\"height\":721,\"caption\":\"Nordiq Canada\"},\"image\":{\"@id\":\"https:\\\/\\\/nordiqcanada.ca\\\/fr\\\/#\\\/schema\\\/logo\\\/image\\\/\"}}]}<\/script>\n<!-- \/ Yoast SEO plugin. -->","yoast_head_json":{"title":"Bourses et subventions - Nordiq Canada","robots":{"index":"index","follow":"follow","max-snippet":"max-snippet:-1","max-image-preview":"max-image-preview:large","max-video-preview":"max-video-preview:-1"},"canonical":"https:\/\/nordiqcanada.ca\/fr\/a-propos\/bourses-et-subventions\/","og_locale":"fr_FR","og_type":"article","og_title":"Bourses et subventions - Nordiq Canada","og_description":"[et_pb_section fb_built=&#8221;1&#8243; admin_label=&#8221;Top of page banner&#8221; _builder_version=&#8221;3.26.5&#8243; custom_margin=&#8221;0px||0px||false|false&#8221; custom_padding=&#8221;0px||0px||false|false&#8221;][et_pb_row _builder_version=&#8221;3.26.3&#8243; width=&#8221;100%&#8221; max_width=&#8221;100%&#8221; custom_margin=&#8221;0px||0px||false|false&#8221; custom_padding=&#8221;0px||0px||false|false&#8221;][et_pb_column type=&#8221;4_4&#8243; _builder_version=&#8221;3.26.3&#8243;][et_pb_image src=&#8221;https:\/\/nordiqcanada.ca\/wp-content\/uploads\/Nordiq_CookieRace.jpg&#8221; force_fullwidth=&#8221;on&#8221; _builder_version=&#8221;4.1&#8243;][\/et_pb_image][\/et_pb_column][\/et_pb_row][\/et_pb_section][et_pb_section fb_built=&#8221;1&#8243; specialty=&#8221;on&#8221; _builder_version=&#8221;3.26.6&#8243;][et_pb_column type=&#8221;1_4&#8243; _builder_version=&#8221;3.25&#8243; custom_padding=&#8221;|||&#8221; custom_padding__hover=&#8221;|||&#8221;][et_pb_text _builder_version=&#8221;3.27.4&#8243;][\/et_pb_text][\/et_pb_column][et_pb_column type=&#8221;3_4&#8243; specialty_columns=&#8221;3&#8243; _builder_version=&#8221;3.25&#8243; custom_padding=&#8221;|||&#8221; custom_padding__hover=&#8221;|||&#8221;][et_pb_row_inner _builder_version=&#8221;3.26.6&#8243; custom_margin=&#8221;0px||0px||false|false&#8221; custom_padding=&#8221;0px||0px||false|false&#8221;][et_pb_column_inner saved_specialty_column_type=&#8221;3_4&#8243; _builder_version=&#8221;3.26.6&#8243;][et_pb_text module_class=&#8221;introtext&#8221; _builder_version=&#8221;4.9.7&#8243; hover_enabled=&#8221;0&#8243; sticky_enabled=&#8221;0&#8243;] POSSIBILIT\u00c9S D\u2019OBTENTION DE BOURSES Gr\u00e2ce \u00e0 nos g\u00e9n\u00e9reux partenaires et donateurs, plusieurs programmes de [&hellip;]","og_url":"https:\/\/nordiqcanada.ca\/fr\/a-propos\/bourses-et-subventions\/","og_site_name":"Nordiq Canada","article_modified_time":"2025-05-22T16:16:25+00:00","twitter_card":"summary_large_image","twitter_misc":{"Dur\u00e9e de lecture estim\u00e9e":"8 minutes"},"schema":{"@context":"https:\/\/schema.org","@graph":[{"@type":"WebPage","@id":"https:\/\/nordiqcanada.ca\/fr\/a-propos\/bourses-et-subventions\/","url":"https:\/\/nordiqcanada.ca\/fr\/a-propos\/bourses-et-subventions\/","name":"Bourses et subventions - Nordiq Canada","isPartOf":{"@id":"https:\/\/nordiqcanada.ca\/fr\/#website"},"datePublished":"2019-09-09T19:47:08+00:00","dateModified":"2025-05-22T16:16:25+00:00","breadcrumb":{"@id":"https:\/\/nordiqcanada.ca\/fr\/a-propos\/bourses-et-subventions\/#breadcrumb"},"inLanguage":"fr-FR","potentialAction":[{"@type":"ReadAction","target":["https:\/\/nordiqcanada.ca\/fr\/a-propos\/bourses-et-subventions\/"]}]},{"@type":"BreadcrumbList","@id":"https:\/\/nordiqcanada.ca\/fr\/a-propos\/bourses-et-subventions\/#breadcrumb","itemListElement":[{"@type":"ListItem","position":1,"name":"Home","item":"https:\/\/nordiqcanada.ca\/fr\/"},{"@type":"ListItem","position":2,"name":"\u00c0 propos","item":"https:\/\/nordiqcanada.ca\/fr\/a-propos\/"},{"@type":"ListItem","position":3,"name":"Bourses et subventions"}]},{"@type":"WebSite","@id":"https:\/\/nordiqcanada.ca\/fr\/#website","url":"https:\/\/nordiqcanada.ca\/fr\/","name":"Nordiq Canada","description":"","publisher":{"@id":"https:\/\/nordiqcanada.ca\/fr\/#organization"},"potentialAction":[{"@type":"SearchAction","target":{"@type":"EntryPoint","urlTemplate":"https:\/\/nordiqcanada.ca\/fr\/?s={search_term_string}"},"query-input":{"@type":"PropertyValueSpecification","valueRequired":true,"valueName":"search_term_string"}}],"inLanguage":"fr-FR"},{"@type":"Organization","@id":"https:\/\/nordiqcanada.ca\/fr\/#organization","name":"Nordiq Canada","url":"https:\/\/nordiqcanada.ca\/fr\/","logo":{"@type":"ImageObject","inLanguage":"fr-FR","@id":"https:\/\/nordiqcanada.ca\/fr\/#\/schema\/logo\/image\/","url":"https:\/\/nordiqcanada.ca\/wp-content\/uploads\/Nordiq-Canada_stacked-logo.png","contentUrl":"https:\/\/nordiqcanada.ca\/wp-content\/uploads\/Nordiq-Canada_stacked-logo.png","width":600,"height":721,"caption":"Nordiq Canada"},"image":{"@id":"https:\/\/nordiqcanada.ca\/fr\/#\/schema\/logo\/image\/"}}]}},"_links":{"self":[{"href":"https:\/\/nordiqcanada.ca\/fr\/wp-json\/wp\/v2\/pages\/4064","targetHints":{"allow":["GET"]}}],"collection":[{"href":"https:\/\/nordiqcanada.ca\/fr\/wp-json\/wp\/v2\/pages"}],"about":[{"href":"https:\/\/nordiqcanada.ca\/fr\/wp-json\/wp\/v2\/types\/page"}],"author":[{"embeddable":true,"href":"https:\/\/nordiqcanada.ca\/fr\/wp-json\/wp\/v2\/users\/1"}],"replies":[{"embeddable":true,"href":"https:\/\/nordiqcanada.ca\/fr\/wp-json\/wp\/v2\/comments?post=4064"}],"version-history":[{"count":0,"href":"https:\/\/nordiqcanada.ca\/fr\/wp-json\/wp\/v2\/pages\/4064\/revisions"}],"up":[{"embeddable":true,"href":"https:\/\/nordiqcanada.ca\/fr\/wp-json\/wp\/v2\/pages\/4236"}],"wp:attachment":[{"href":"https:\/\/nordiqcanada.ca\/fr\/wp-json\/wp\/v2\/media?parent=4064"}],"curies":[{"name":"wp","href":"https:\/\/api.w.org\/{rel}","templated":true}]}}