{"id":4091,"date":"2019-08-23T12:33:38","date_gmt":"2019-08-23T18:33:38","guid":{"rendered":"https:\/\/nordiqcanada.ca\/sport-securitaire\/"},"modified":"2025-06-09T15:24:29","modified_gmt":"2025-06-09T21:24:29","slug":"sport-securitaire","status":"publish","type":"page","link":"https:\/\/nordiqcanada.ca\/fr\/sport-securitaire\/","title":{"rendered":"Sport s\u00e9curitaire"},"content":{"rendered":"<p>[et_pb_section fb_built=&#8221;1&#8243; admin_label=&#8221;Top of page banner&#8221; _builder_version=&#8221;4.9.7&#8243; custom_margin=&#8221;0px||0px||false|false&#8221; custom_padding=&#8221;0px||0px||false|false&#8221;][et_pb_row _builder_version=&#8221;3.26.3&#8243; width=&#8221;100%&#8221; max_width=&#8221;100%&#8221; custom_margin=&#8221;0px||0px||false|false&#8221; custom_padding=&#8221;0px||0px||false|false&#8221;][et_pb_column type=&#8221;4_4&#8243; _builder_version=&#8221;3.26.3&#8243;][et_pb_image src=&#8221;https:\/\/nordiqcanada.ca\/wp-content\/uploads\/safesport-copy.jpg&#8221; title_text=&#8221;safesport copy&#8221; force_fullwidth=&#8221;on&#8221; _builder_version=&#8221;4.9.7&#8243;][\/et_pb_image][\/et_pb_column][\/et_pb_row][\/et_pb_section][et_pb_section fb_built=&#8221;1&#8243; _builder_version=&#8221;3.27.3&#8243;][et_pb_row _builder_version=&#8221;3.27.3&#8243;][et_pb_column type=&#8221;4_4&#8243; _builder_version=&#8221;3.27.3&#8243;][et_pb_text module_class=&#8221;introtext&#8221; _builder_version=&#8221;4.9.7&#8243;]<\/p>\n<h1>Sport s\u00e9curitaire<\/h1>\n<p>La cr\u00e9ation de milieux s\u00e9curitaires est notre priorit\u00e9 absolue et c\u2019est une responsabilit\u00e9 que nous partageons avec tous les participants au sport. Les athl\u00e8tes, les entra\u00eeneurs, les officiels, le personnel et les b\u00e9n\u00e9voles doivent pouvoir participer au sport dans un environnement de comp\u00e9tition et d\u2019entra\u00eenement s\u00e9curitaire et inclusif exempt de mauvais traitements, de harc\u00e8lement et de discrimination \u2013 collectivement appel\u00e9s mauvais traitements.<\/p>\n<p>[\/et_pb_text][et_pb_divider show_divider=&#8221;off&#8221; _builder_version=&#8221;4.9.7&#8243; _module_preset=&#8221;default&#8221;][\/et_pb_divider][et_pb_text module_class=&#8221;introtext&#8221; _builder_version=&#8221;4.9.7&#8243;]<\/p>\n<h1>\u00cates-vous en situation de crise?<\/h1>\n<p>Pour toute situation urgente qui n\u00e9cessite une intervention imm\u00e9diate, composez le 911.\u202f<\/p>\n<p>Si vous \u00eates en crise et avez besoin d\u2019aide, vous pouvez communiquer avec un service de crise :<\/p>\n<ul>\n<li><a href=\"https:\/\/jeunessejecoute.ca\/\">Jeunesse, J\u2019\u00e9coute<\/a>\u202foffre un service de sant\u00e9 mentale 24\/7 pour les enfants, les jeunes et les jeunes adultes en appelant au 1-800-668-6868, en textant le 686868 ou en envoyant un message directement sur leur<a href=\"https:\/\/jeunessejecoute.ca\/aide-urgente\/\">\u202fsite web<\/a>.<\/li>\n<li>La<a href=\"https:\/\/988.ca\/fr\"> Ligne d\u2019aide en cas de crise de suicide<\/a>\u202fest un service disponible partout au Canada qui offre un endroit s\u00fbr pour parler 24\/7 en appelant ou en textant le 988.<\/li>\n<\/ul>\n<p>Vous avez besoin d\u2019aide pendant que vous voyagez \u00e0 l\u2019\u00e9tranger en tant que membre de l\u2019\u00e9quipe canadienne? <a href=\"https:\/\/voyage.gc.ca\/assistance\/assistance-d-urgence\">Affaires mondiales Canada<\/a>\u202fpeut vous aider \u00e0 trouver des ressources locales de confiance :\u202f<\/p>\n<ul>\n<li><a href=\"mailto:sos@international.gc.ca\">sos@international.gc.ca\u202f<\/a><\/li>\n<li>Appelez directement ou \u00e0 frais vir\u00e9s : 1-613-996-8885\u202f<\/li>\n<li>WhatsApp : +1-613-909-8881<\/li>\n<li>SMS : 1-163-686-3658\u202f<\/li>\n<\/ul>\n<p>[\/et_pb_text][\/et_pb_column][\/et_pb_row][et_pb_row _builder_version=&#8221;3.27.4&#8243;][et_pb_column type=&#8221;4_4&#8243; _builder_version=&#8221;3.27.4&#8243;][et_pb_text _builder_version=&#8221;4.9.7&#8243;]<\/p>\n<h1>Notre engagement<\/h1>\n<p>Le programme de sport s\u00e9curitaire de Nordiq Canada se concentre sur l\u2019\u00e9ducation, la pr\u00e9vention et la r\u00e9action, qui s\u2019appuient sur des gouvernances, des politiques et des proc\u00e9dures fortes. Assurez-vous de bien comprendre les attentes par rapport au comportement en lisant les <a href=\"https:\/\/nordiqcanada.ca\/fr\/centre-de-documentation\/?wpv_view_count=2599&#038;wpv-document-category=safesport&#038;wpv_filter_submit=SEARCH&#038;wpv_aux_current_post_id=376\">politiques<\/a>.<\/p>\n<p>&nbsp;<\/p>\n<h1>Signaler une situation de maltraitance<\/h1>\n<p>Le sport s\u00e9curitaire est une responsabilit\u00e9 collective. En signalant vos pr\u00e9occupations par rapport \u00e0 la maltraitance en sport, vous contribuez \u00e0 un environnement sportif plus s\u00e9curitaire. Nordiq Canada a engag\u00e9 un tiers ind\u00e9pendant pour recevoir et g\u00e9rer les plaintes ind\u00e9pendamment de Nordiq Canada. Le tiers ind\u00e9pendant de Nordiq Canada est Laurie Ehrman. Vous pouvez communiquer avec Laurie en toute confiance en remplissant le formulaire suivant. Laurie utilisera votre nom et vos coordonn\u00e9es pour vous contacter. Votre nom ne sera pas partag\u00e9 avec Nordiq Canada.<\/p>\n<p><iframe loading=\"lazy\" style=\"border: 0; box-shadow: 5px 5px 56px 0px rgba(0,0,0,0.25);\" src=\"https:\/\/forms.monday.com\/forms\/embed\/a29fddd4de5ad08ddd835d36067a8e4a?r=use1\" width=\"650\" height=\"500\"><\/iframe><\/p>\n<p>[\/et_pb_text][et_pb_text _builder_version=&#8221;4.9.7&#8243; hover_enabled=&#8221;0&#8243; sticky_enabled=&#8221;0&#8243;]<\/p>\n<h1>Nordiq Canada et le Programme canadien de sport s\u00e9curitaire<\/h1>\n<p>En plus des politiques que les membres de Nordiq Canada doivent respecter et le m\u00e9canisme de rapport d\u00e9crit ci-dessus, Nordiq Canada a adopt\u00e9 le Programme canadien de sport s\u00e9curitaire. Le programme s\u2019applique \u00e0 150 membres de Nordiq Canada, incluant les membres du conseil d\u2019administration et du personnel, les contractants, les fournisseurs de services, les mentor\u00e9s, les athl\u00e8tes de l\u2019\u00e9quipe nationale et d\u2019\u00c9quipe Canada, les membres du comit\u00e9 de haute performance, les entra\u00eeneurs du centre national et certains officiels.<\/p>\n<p>Pour toute plainte concernant ces 150 personnes, vous pouvez communiquer avec le tiers ind\u00e9pendant de Nordiq Canada en utilisant le formulaire ci-dessus ou directement avec le Programme canadien de sport s\u00e9curitaire. Vous pouvez rester anonyme si vous le d\u00e9sirez. Si vous choisissez de partager votre nom lorsque vous faites un signalement, votre nom ne sera pas partag\u00e9 avec votre organisme sportif \u00e0 moins qu\u2019il ne soit n\u00e9cessaire de le faire pour vous prot\u00e9ger ou prot\u00e9ger une autre personne. Signalement en ligne :<\/p>\n<ul>\n<li>https:\/\/cces.ca\/fr\/signalement-sport-securitaire<\/li>\n<li>Signalement par t\u00e9l\u00e9phone : 1-866-971-CSSP (2777)<\/li>\n<\/ul>\n<p>&nbsp;<\/p>\n<h1>Autres ressources<\/h1>\n<p><strong>Services de Plan de match pour les athl\u00e8tes brevet\u00e9s<\/strong><\/p>\n<p>Plan de match\u202faide les athl\u00e8tes canadiens brevet\u00e9s en sant\u00e9, d\u00e9veloppement des comp\u00e9tences, \u00e9ducation, communaut\u00e9 et carri\u00e8re. Ils offrent plusieurs ressources pour la sant\u00e9 mentale.<\/p>\n<p><strong>Un autre changement pour le sport s\u00e9curitaire!<\/strong><\/p>\n<p>Comme pour de nombreuses nouvelles initiatives, le lancement du programme national de sport s\u00e9curitaire n\u2019a pas \u00e9t\u00e9 en douceur. Bienvenue au nouveau <a href=\"https:\/\/cces.ca\/fr\/signalement-sport-securitaire\">Programme canadien de sport s\u00e9curitaire (PCSS)<\/a> et adieu \u00e0 sport-sans-abus.ca.<\/p>\n<p>Historique : Le 1er avril, le gouvernement f\u00e9d\u00e9ral a transf\u00e9r\u00e9 la responsabilit\u00e9 du programme f\u00e9d\u00e9ral de sport s\u00e9curitaire et le CCUMS d\u2019un organisme \u00e0 un autre. Ce changement signifie que Nordiq Canada et plusieurs d\u2019entre vous doivent se r\u00e9inscrire, suivre un nouveau cours et signer un nouveau formulaire de consentement. Nous vous enverrons des consignes \u00e0 ce sujet pour l\u2019inscription des athl\u00e8tes pour la saison 2025-2026.<\/p>\n<p>Cela signifie \u00e9galement qu\u2019il y a un nouvel endroit pour signaler les enfreintes au sport s\u00e9curitaire. Vous pouvez continuer \u00e0 signaler les violations au <a href=\"https:\/\/nordiqcanada.ca\/fr\/sport-securitaire\/\">tiers ind\u00e9pendant de Nordiq Canada<\/a> ou les envoyer directement au <a href=\"https:\/\/cces.ca\/fr\/signalement-sport-securitaire\">Programme canadien de sport s\u00e9curitaire.<\/a> Rappelez-vous que votre nom n\u2019est pas partag\u00e9 avec Nordiq Canada lorsque vous d\u00e9posez une plainte.<\/p>\n<p>[\/et_pb_text][\/et_pb_column][\/et_pb_row][et_pb_row _builder_version=&#8221;4.9.7&#8243; _module_preset=&#8221;default&#8221; custom_padding=&#8221;6px|||||&#8221;][et_pb_column type=&#8221;4_4&#8243; _builder_version=&#8221;4.9.7&#8243; _module_preset=&#8221;default&#8221;][\/et_pb_column][\/et_pb_row][\/et_pb_section][et_pb_section fb_built=&#8221;1&#8243; fullwidth=&#8221;on&#8221; admin_label=&#8221;Full Footer&#8221; _builder_version=&#8221;4.9.7&#8243; _module_preset=&#8221;default&#8221; global_module=&#8221;13254&#8243; locked=&#8221;on&#8221;][et_pb_fullwidth_code _builder_version=&#8221;4.9.7&#8243; _module_preset=&#8221;default&#8221; locked=&#8221;off&#8221;][et_pb_section global_module=\"13251\"][\/et_pb_section]<!-- [et_pb_line_break_holder] -->[et_pb_section global_module=\"13248\"][\/et_pb_section]<!-- [et_pb_line_break_holder] -->[et_pb_section global_module=\"13097\"][\/et_pb_section]<!-- [et_pb_line_break_holder] -->[et_pb_section global_module=\"13100\"][\/et_pb_section][\/et_pb_fullwidth_code][\/et_pb_section]<\/p>\n","protected":false},"excerpt":{"rendered":"<p>[et_pb_section fb_built=&#8221;1&#8243; admin_label=&#8221;Top of page banner&#8221; _builder_version=&#8221;4.9.7&#8243; custom_margin=&#8221;0px||0px||false|false&#8221; custom_padding=&#8221;0px||0px||false|false&#8221;][et_pb_row _builder_version=&#8221;3.26.3&#8243; width=&#8221;100%&#8221; max_width=&#8221;100%&#8221; custom_margin=&#8221;0px||0px||false|false&#8221; custom_padding=&#8221;0px||0px||false|false&#8221;][et_pb_column type=&#8221;4_4&#8243; _builder_version=&#8221;3.26.3&#8243;][et_pb_image src=&#8221;https:\/\/nordiqcanada.ca\/wp-content\/uploads\/safesport-copy.jpg&#8221; title_text=&#8221;safesport copy&#8221; force_fullwidth=&#8221;on&#8221; _builder_version=&#8221;4.9.7&#8243;][\/et_pb_image][\/et_pb_column][\/et_pb_row][\/et_pb_section][et_pb_section fb_built=&#8221;1&#8243; _builder_version=&#8221;3.27.3&#8243;][et_pb_row _builder_version=&#8221;3.27.3&#8243;][et_pb_column type=&#8221;4_4&#8243; _builder_version=&#8221;3.27.3&#8243;][et_pb_text module_class=&#8221;introtext&#8221; _builder_version=&#8221;4.9.7&#8243;] Sport s\u00e9curitaire La cr\u00e9ation de milieux s\u00e9curitaires est notre priorit\u00e9 absolue et c\u2019est une responsabilit\u00e9 que nous partageons avec tous les participants au sport. Les athl\u00e8tes, les [&hellip;]<\/p>\n","protected":false},"author":1,"featured_media":0,"parent":0,"menu_order":0,"comment_status":"closed","ping_status":"closed","template":"","meta":{"_et_pb_use_builder":"on","_et_pb_old_content":"","_et_gb_content_width":"","footnotes":""},"class_list":["post-4091","page","type-page","status-publish","hentry"],"yoast_head":"<!-- This site is optimized with the Yoast SEO plugin v27.3 - https:\/\/yoast.com\/product\/yoast-seo-wordpress\/ -->\n<title>Sport s\u00e9curitaire - Nordiq Canada<\/title>\n<meta name=\"robots\" content=\"index, follow, max-snippet:-1, max-image-preview:large, max-video-preview:-1\" \/>\n<link rel=\"canonical\" href=\"https:\/\/nordiqcanada.ca\/fr\/sport-securitaire\/\" \/>\n<meta property=\"og:locale\" content=\"fr_FR\" \/>\n<meta property=\"og:type\" content=\"article\" \/>\n<meta property=\"og:title\" content=\"Sport s\u00e9curitaire - Nordiq Canada\" \/>\n<meta property=\"og:description\" content=\"[et_pb_section fb_built=&#8221;1&#8243; admin_label=&#8221;Top of page banner&#8221; _builder_version=&#8221;4.9.7&#8243; custom_margin=&#8221;0px||0px||false|false&#8221; custom_padding=&#8221;0px||0px||false|false&#8221;][et_pb_row _builder_version=&#8221;3.26.3&#8243; width=&#8221;100%&#8221; max_width=&#8221;100%&#8221; custom_margin=&#8221;0px||0px||false|false&#8221; custom_padding=&#8221;0px||0px||false|false&#8221;][et_pb_column type=&#8221;4_4&#8243; _builder_version=&#8221;3.26.3&#8243;][et_pb_image src=&#8221;https:\/\/nordiqcanada.ca\/wp-content\/uploads\/safesport-copy.jpg&#8221; title_text=&#8221;safesport copy&#8221; force_fullwidth=&#8221;on&#8221; _builder_version=&#8221;4.9.7&#8243;][\/et_pb_image][\/et_pb_column][\/et_pb_row][\/et_pb_section][et_pb_section fb_built=&#8221;1&#8243; _builder_version=&#8221;3.27.3&#8243;][et_pb_row _builder_version=&#8221;3.27.3&#8243;][et_pb_column type=&#8221;4_4&#8243; _builder_version=&#8221;3.27.3&#8243;][et_pb_text module_class=&#8221;introtext&#8221; _builder_version=&#8221;4.9.7&#8243;] Sport s\u00e9curitaire La cr\u00e9ation de milieux s\u00e9curitaires est notre priorit\u00e9 absolue et c\u2019est une responsabilit\u00e9 que nous partageons avec tous les participants au sport. Les athl\u00e8tes, les [&hellip;]\" \/>\n<meta property=\"og:url\" content=\"https:\/\/nordiqcanada.ca\/fr\/sport-securitaire\/\" \/>\n<meta property=\"og:site_name\" content=\"Nordiq Canada\" \/>\n<meta property=\"article:modified_time\" content=\"2025-06-09T21:24:29+00:00\" \/>\n<meta name=\"twitter:card\" content=\"summary_large_image\" \/>\n<meta name=\"twitter:label1\" content=\"Dur\u00e9e de lecture estim\u00e9e\" \/>\n\t<meta name=\"twitter:data1\" content=\"10 minutes\" \/>\n<script type=\"application\/ld+json\" class=\"yoast-schema-graph\">{\"@context\":\"https:\\\/\\\/schema.org\",\"@graph\":[{\"@type\":\"WebPage\",\"@id\":\"https:\\\/\\\/nordiqcanada.ca\\\/fr\\\/sport-securitaire\\\/\",\"url\":\"https:\\\/\\\/nordiqcanada.ca\\\/fr\\\/sport-securitaire\\\/\",\"name\":\"Sport s\u00e9curitaire - Nordiq Canada\",\"isPartOf\":{\"@id\":\"https:\\\/\\\/nordiqcanada.ca\\\/fr\\\/#website\"},\"datePublished\":\"2019-08-23T18:33:38+00:00\",\"dateModified\":\"2025-06-09T21:24:29+00:00\",\"breadcrumb\":{\"@id\":\"https:\\\/\\\/nordiqcanada.ca\\\/fr\\\/sport-securitaire\\\/#breadcrumb\"},\"inLanguage\":\"fr-FR\",\"potentialAction\":[{\"@type\":\"ReadAction\",\"target\":[\"https:\\\/\\\/nordiqcanada.ca\\\/fr\\\/sport-securitaire\\\/\"]}]},{\"@type\":\"BreadcrumbList\",\"@id\":\"https:\\\/\\\/nordiqcanada.ca\\\/fr\\\/sport-securitaire\\\/#breadcrumb\",\"itemListElement\":[{\"@type\":\"ListItem\",\"position\":1,\"name\":\"Home\",\"item\":\"https:\\\/\\\/nordiqcanada.ca\\\/fr\\\/\"},{\"@type\":\"ListItem\",\"position\":2,\"name\":\"Sport s\u00e9curitaire\"}]},{\"@type\":\"WebSite\",\"@id\":\"https:\\\/\\\/nordiqcanada.ca\\\/fr\\\/#website\",\"url\":\"https:\\\/\\\/nordiqcanada.ca\\\/fr\\\/\",\"name\":\"Nordiq Canada\",\"description\":\"\",\"publisher\":{\"@id\":\"https:\\\/\\\/nordiqcanada.ca\\\/fr\\\/#organization\"},\"potentialAction\":[{\"@type\":\"SearchAction\",\"target\":{\"@type\":\"EntryPoint\",\"urlTemplate\":\"https:\\\/\\\/nordiqcanada.ca\\\/fr\\\/?s={search_term_string}\"},\"query-input\":{\"@type\":\"PropertyValueSpecification\",\"valueRequired\":true,\"valueName\":\"search_term_string\"}}],\"inLanguage\":\"fr-FR\"},{\"@type\":\"Organization\",\"@id\":\"https:\\\/\\\/nordiqcanada.ca\\\/fr\\\/#organization\",\"name\":\"Nordiq Canada\",\"url\":\"https:\\\/\\\/nordiqcanada.ca\\\/fr\\\/\",\"logo\":{\"@type\":\"ImageObject\",\"inLanguage\":\"fr-FR\",\"@id\":\"https:\\\/\\\/nordiqcanada.ca\\\/fr\\\/#\\\/schema\\\/logo\\\/image\\\/\",\"url\":\"https:\\\/\\\/nordiqcanada.ca\\\/wp-content\\\/uploads\\\/Nordiq-Canada_stacked-logo.png\",\"contentUrl\":\"https:\\\/\\\/nordiqcanada.ca\\\/wp-content\\\/uploads\\\/Nordiq-Canada_stacked-logo.png\",\"width\":600,\"height\":721,\"caption\":\"Nordiq Canada\"},\"image\":{\"@id\":\"https:\\\/\\\/nordiqcanada.ca\\\/fr\\\/#\\\/schema\\\/logo\\\/image\\\/\"}}]}<\/script>\n<!-- \/ Yoast SEO plugin. -->","yoast_head_json":{"title":"Sport s\u00e9curitaire - Nordiq Canada","robots":{"index":"index","follow":"follow","max-snippet":"max-snippet:-1","max-image-preview":"max-image-preview:large","max-video-preview":"max-video-preview:-1"},"canonical":"https:\/\/nordiqcanada.ca\/fr\/sport-securitaire\/","og_locale":"fr_FR","og_type":"article","og_title":"Sport s\u00e9curitaire - Nordiq Canada","og_description":"[et_pb_section fb_built=&#8221;1&#8243; admin_label=&#8221;Top of page banner&#8221; _builder_version=&#8221;4.9.7&#8243; custom_margin=&#8221;0px||0px||false|false&#8221; custom_padding=&#8221;0px||0px||false|false&#8221;][et_pb_row _builder_version=&#8221;3.26.3&#8243; width=&#8221;100%&#8221; max_width=&#8221;100%&#8221; custom_margin=&#8221;0px||0px||false|false&#8221; custom_padding=&#8221;0px||0px||false|false&#8221;][et_pb_column type=&#8221;4_4&#8243; _builder_version=&#8221;3.26.3&#8243;][et_pb_image src=&#8221;https:\/\/nordiqcanada.ca\/wp-content\/uploads\/safesport-copy.jpg&#8221; title_text=&#8221;safesport copy&#8221; force_fullwidth=&#8221;on&#8221; _builder_version=&#8221;4.9.7&#8243;][\/et_pb_image][\/et_pb_column][\/et_pb_row][\/et_pb_section][et_pb_section fb_built=&#8221;1&#8243; _builder_version=&#8221;3.27.3&#8243;][et_pb_row _builder_version=&#8221;3.27.3&#8243;][et_pb_column type=&#8221;4_4&#8243; _builder_version=&#8221;3.27.3&#8243;][et_pb_text module_class=&#8221;introtext&#8221; _builder_version=&#8221;4.9.7&#8243;] Sport s\u00e9curitaire La cr\u00e9ation de milieux s\u00e9curitaires est notre priorit\u00e9 absolue et c\u2019est une responsabilit\u00e9 que nous partageons avec tous les participants au sport. Les athl\u00e8tes, les [&hellip;]","og_url":"https:\/\/nordiqcanada.ca\/fr\/sport-securitaire\/","og_site_name":"Nordiq Canada","article_modified_time":"2025-06-09T21:24:29+00:00","twitter_card":"summary_large_image","twitter_misc":{"Dur\u00e9e de lecture estim\u00e9e":"10 minutes"},"schema":{"@context":"https:\/\/schema.org","@graph":[{"@type":"WebPage","@id":"https:\/\/nordiqcanada.ca\/fr\/sport-securitaire\/","url":"https:\/\/nordiqcanada.ca\/fr\/sport-securitaire\/","name":"Sport s\u00e9curitaire - Nordiq Canada","isPartOf":{"@id":"https:\/\/nordiqcanada.ca\/fr\/#website"},"datePublished":"2019-08-23T18:33:38+00:00","dateModified":"2025-06-09T21:24:29+00:00","breadcrumb":{"@id":"https:\/\/nordiqcanada.ca\/fr\/sport-securitaire\/#breadcrumb"},"inLanguage":"fr-FR","potentialAction":[{"@type":"ReadAction","target":["https:\/\/nordiqcanada.ca\/fr\/sport-securitaire\/"]}]},{"@type":"BreadcrumbList","@id":"https:\/\/nordiqcanada.ca\/fr\/sport-securitaire\/#breadcrumb","itemListElement":[{"@type":"ListItem","position":1,"name":"Home","item":"https:\/\/nordiqcanada.ca\/fr\/"},{"@type":"ListItem","position":2,"name":"Sport s\u00e9curitaire"}]},{"@type":"WebSite","@id":"https:\/\/nordiqcanada.ca\/fr\/#website","url":"https:\/\/nordiqcanada.ca\/fr\/","name":"Nordiq Canada","description":"","publisher":{"@id":"https:\/\/nordiqcanada.ca\/fr\/#organization"},"potentialAction":[{"@type":"SearchAction","target":{"@type":"EntryPoint","urlTemplate":"https:\/\/nordiqcanada.ca\/fr\/?s={search_term_string}"},"query-input":{"@type":"PropertyValueSpecification","valueRequired":true,"valueName":"search_term_string"}}],"inLanguage":"fr-FR"},{"@type":"Organization","@id":"https:\/\/nordiqcanada.ca\/fr\/#organization","name":"Nordiq Canada","url":"https:\/\/nordiqcanada.ca\/fr\/","logo":{"@type":"ImageObject","inLanguage":"fr-FR","@id":"https:\/\/nordiqcanada.ca\/fr\/#\/schema\/logo\/image\/","url":"https:\/\/nordiqcanada.ca\/wp-content\/uploads\/Nordiq-Canada_stacked-logo.png","contentUrl":"https:\/\/nordiqcanada.ca\/wp-content\/uploads\/Nordiq-Canada_stacked-logo.png","width":600,"height":721,"caption":"Nordiq Canada"},"image":{"@id":"https:\/\/nordiqcanada.ca\/fr\/#\/schema\/logo\/image\/"}}]}},"_links":{"self":[{"href":"https:\/\/nordiqcanada.ca\/fr\/wp-json\/wp\/v2\/pages\/4091","targetHints":{"allow":["GET"]}}],"collection":[{"href":"https:\/\/nordiqcanada.ca\/fr\/wp-json\/wp\/v2\/pages"}],"about":[{"href":"https:\/\/nordiqcanada.ca\/fr\/wp-json\/wp\/v2\/types\/page"}],"author":[{"embeddable":true,"href":"https:\/\/nordiqcanada.ca\/fr\/wp-json\/wp\/v2\/users\/1"}],"replies":[{"embeddable":true,"href":"https:\/\/nordiqcanada.ca\/fr\/wp-json\/wp\/v2\/comments?post=4091"}],"version-history":[{"count":0,"href":"https:\/\/nordiqcanada.ca\/fr\/wp-json\/wp\/v2\/pages\/4091\/revisions"}],"wp:attachment":[{"href":"https:\/\/nordiqcanada.ca\/fr\/wp-json\/wp\/v2\/media?parent=4091"}],"curies":[{"name":"wp","href":"https:\/\/api.w.org\/{rel}","templated":true}]}}