{"id":4197,"date":"2019-08-14T13:59:57","date_gmt":"2019-08-14T19:59:57","guid":{"rendered":"https:\/\/nordiqcanada.ca\/boutique\/"},"modified":"2023-08-29T15:50:06","modified_gmt":"2023-08-29T21:50:06","slug":"boutique","status":"publish","type":"page","link":"https:\/\/nordiqcanada.ca\/fr\/boutique\/","title":{"rendered":"Boutique"},"content":{"rendered":"<p>[et_pb_section fb_built=&#8221;1&#8243; admin_label=&#8221;Top of page banner&#8221; _builder_version=&#8221;3.26.5&#8243; custom_margin=&#8221;0px||0px||false|false&#8221; custom_padding=&#8221;0px||0px||false|false&#8221;][et_pb_row _builder_version=&#8221;3.26.3&#8243; width=&#8221;100%&#8221; max_width=&#8221;100%&#8221; custom_margin=&#8221;0px||0px||false|false&#8221; custom_padding=&#8221;0px||0px||false|false&#8221;][et_pb_column type=&#8221;4_4&#8243; _builder_version=&#8221;3.26.3&#8243;][et_pb_image src=&#8221;https:\/\/nordiqcanada.ca\/wp-content\/uploads\/StoreBanner.jpg&#8221; force_fullwidth=&#8221;on&#8221; _builder_version=&#8221;3.27.3&#8243;][\/et_pb_image][\/et_pb_column][\/et_pb_row][\/et_pb_section][et_pb_section fb_built=&#8221;1&#8243; _builder_version=&#8221;3.26.6&#8243; saved_tabs=&#8221;all&#8221;][et_pb_row _builder_version=&#8221;3.26.6&#8243;][et_pb_column type=&#8221;4_4&#8243; _builder_version=&#8221;3.26.6&#8243;][et_pb_text module_class=&#8221;introtext&#8221; _builder_version=&#8221;4.1&#8243;]<\/p>\n<h1>Habillez vous. Allez skier.<\/h1>\n<p>Faites partie de l&#8217;\u00e9quipe et parcourez les pistes en portant des v\u00eatements de qualit\u00e9 de Nordiq Canada. Notre collection ne cesse de s&#8217;agrandir, alors n&#8217;oubliez pas de jeter un coup d&#8217;\u0153il aux nouveaux articles qui compl\u00e9teront votre ensemble.[\/et_pb_text][\/et_pb_column][\/et_pb_row][\/et_pb_section][et_pb_section fb_built=&#8221;1&#8243; _builder_version=&#8221;4.0.11&#8243;][et_pb_row column_structure=&#8221;1_5,1_5,1_5,1_5,1_5&#8243; use_custom_gutter=&#8221;on&#8221; gutter_width=&#8221;1&#8243; make_equal=&#8221;on&#8221; _builder_version=&#8221;4.0.11&#8243; width=&#8221;100%&#8221; max_width=&#8221;none&#8221; custom_margin=&#8221;||0px||false|false&#8221; custom_padding=&#8221;||0px||false|false&#8221;][et_pb_column type=&#8221;1_5&#8243; _builder_version=&#8221;4.0.11&#8243;][et_pb_image src=&#8221;https:\/\/nordiqcanada.ca\/wp-content\/uploads\/store-2.jpg&#8221; title_text=&#8221;store 2&#8243; url=&#8221;https:\/\/nordiqcanada.ca\/fr\/boutique\/chaussettes-de-performance-endur\/#product&#8221; _builder_version=&#8221;4.9.7&#8243; hover_enabled=&#8221;0&#8243; src__hover_enabled=&#8221;on|hover&#8221; src__hover=&#8221;https:\/\/nordiqcanada.ca\/wp-content\/uploads\/socks-fr.jpg&#8221; sticky_enabled=&#8221;0&#8243;][\/et_pb_image][\/et_pb_column][et_pb_column type=&#8221;1_5&#8243; _builder_version=&#8221;4.0.11&#8243;][et_pb_image src=&#8221;https:\/\/nordiqcanada.ca\/wp-content\/uploads\/NMah-204-scaled.jpg&#8221; title_text=&#8221;NMah-204&#8243; url=&#8221;https:\/\/nordiqcanada.ca\/fr\/boutique\/nordiq-canada-track-attack-buff\/&#8221; _builder_version=&#8221;4.9.7&#8243; _module_preset=&#8221;default&#8221;][\/et_pb_image][\/et_pb_column][et_pb_column type=&#8221;1_5&#8243; _builder_version=&#8221;4.0.11&#8243;][et_pb_image src=&#8221;https:\/\/nordiqcanada.ca\/wp-content\/uploads\/all-weather-decals-2-nonhover.jpg&#8221; url=&#8221;https:\/\/nordiqcanada.ca\/fr\/boutique\/decalques-toutes-saisons\/#product&#8221; _builder_version=&#8221;4.9.7&#8243; src__hover_enabled=&#8221;on|hover&#8221; src__hover=&#8221;https:\/\/nordiqcanada.ca\/wp-content\/uploads\/all-weather-decals-2-fr.jpg&#8221;][\/et_pb_image][\/et_pb_column][et_pb_column type=&#8221;1_5&#8243; _builder_version=&#8221;4.0.11&#8243;][et_pb_image src=&#8221;https:\/\/nordiqcanada.ca\/wp-content\/uploads\/muskoka-pullover.jpg&#8221; url=&#8221;https:\/\/nordiqcanada.ca\/fr\/boutique\/chandail-muskoka-trail-cedar-point\/#product&#8221; _builder_version=&#8221;4.9.7&#8243; src__hover_enabled=&#8221;on|hover&#8221; src__hover=&#8221;https:\/\/nordiqcanada.ca\/wp-content\/uploads\/hoodie-fr.jpg&#8221;][\/et_pb_image][\/et_pb_column][et_pb_column type=&#8221;1_5&#8243; _builder_version=&#8221;4.0.11&#8243;][et_pb_image src=&#8221;https:\/\/nordiqcanada.ca\/wp-content\/uploads\/Nordiq-Canada-Run-Hat.jpg&#8221; title_text=&#8221;Nordiq Canada Run Hat&#8221; url=&#8221;https:\/\/nordiqcanada.ca\/fr\/store\/nordiq-canada-run-hat\/&#8221; _builder_version=&#8221;4.9.7&#8243; _module_preset=&#8221;default&#8221;][\/et_pb_image][\/et_pb_column][\/et_pb_row][\/et_pb_section][et_pb_section fb_built=&#8221;1&#8243; _builder_version=&#8221;4.9.7&#8243; global_module=&#8221;3777&#8243; saved_tabs=&#8221;all&#8221;][et_pb_row _builder_version=&#8221;4.0.11&#8243;][et_pb_column type=&#8221;4_4&#8243; _builder_version=&#8221;4.0.11&#8243;][et_pb_text _builder_version=&#8221;4.2.2&#8243; header_3_font=&#8221;|600||on|||||&#8221; header_3_text_color=&#8221;#df2427&#8243; header_3_font_size=&#8221;20px&#8221;]<\/p>\n<h3>Politiques de la boutique<\/h3>\n<p>[\/et_pb_text][et_pb_accordion _builder_version=&#8221;4.9.7&#8243;][et_pb_accordion_item title=&#8221;Exp\u00e9dition et livraison&#8221; open=&#8221;on&#8221; _builder_version=&#8221;4.1&#8243;]Nordiq Canada traite et exp\u00e9die les commandes du lundi au vendredi, \u00e0 l&#8217;exception des jours f\u00e9ri\u00e9s. Veuillez pr\u00e9voir jusqu&#8217;\u00e0 cinq (5) jours ouvrables pour que notre \u00e9quipe traite votre commande, sauf indication contraire dans votre confirmation de commande. Des retards de traitement peuvent survenir lors d&#8217;\u00e9v\u00e9nements nationaux et internationaux majeurs et de jours f\u00e9ri\u00e9s.<\/p>\n<p>Les clients recevront une confirmation de commande et une confirmation d&#8217;exp\u00e9dition par courrier \u00e9lectronique. La confirmation d&#8217;exp\u00e9dition contiendra les informations de suivi de votre commande. On estime que les commandes arrivent environ deux (2) \u00e0 sept (7) jours ouvrables apr\u00e8s avoir \u00e9t\u00e9 exp\u00e9di\u00e9es. Veuillez noter que l&#8217;exp\u00e9dition vers certaines destinations rurales ou \u00e9loign\u00e9es peut entra\u00eener des d\u00e9lais d&#8217;exp\u00e9dition plus longs. Nordiq Canada ne garantit pas ces d\u00e9lais estim\u00e9s. Si vous avez des questions concernant l&#8217;\u00e9tat de votre envoi une fois que vous avez re\u00e7u la confirmation d&#8217;exp\u00e9dition, nous vous recommandons de communiquer avec le transporteur appropri\u00e9 pour obtenir des mises \u00e0 jour.<\/p>\n<p>Toutes les commandes seront exp\u00e9di\u00e9es \u00e0 partir de l&#8217;\u00e9tablissement de Nordiq Canada \u00e0 Canmore (100-1995 Olympic Way Canmore, AB, T1W 2T6) selon le tarif pr\u00e9f\u00e9rentiel de Postes Canada. Tous les clients recevront un num\u00e9ro de suivi.<\/p>\n<h3>Frais d&#8217;exp\u00e9dition Au Canada<\/h3>\n<ul>\n<li>Exp\u00e9dition standard (2-7 jours ouvrables) &#8211; 10,00<\/li>\n<li>Livraison gratuite* (2-7 jours ouvrables) &#8211; Commande de moins de 5<\/li>\n<\/ul>\n<h3>Lieux d&#8217;exp\u00e9dition<\/h3>\n<p>Nordiq Canada transporte des navires d&#8217;un oc\u00e9an \u00e0 l&#8217;autre au Canada &#8211; chacune des dix provinces et trois (3) territoires. Nordiq Canada ne livre pas \u00e0 l&#8217;ext\u00e9rieur du Canada pour le moment, et n&#8217;envoie pas \u00e0 des bo\u00eetes postales ; veuillez fournir une adresse physique.[\/et_pb_accordion_item][et_pb_accordion_item title=&#8221;Politique de retour&#8221; _builder_version=&#8221;4.1&#8243; open=&#8221;off&#8221;]<\/p>\n<h3>Politique de retour et d&#8217;\u00e9change et questions fr\u00e9quemment pos\u00e9es<\/h3>\n<p>Si un achat en ligne ne vous satisfait pas \u00e0 100 %, Nordiq Canada acceptera le retour dans les 30 jours suivant la date de livraison, \u00e0 condition que la marchandise n&#8217;ait pas \u00e9t\u00e9 port\u00e9e ou lav\u00e9e, que les \u00e9tiquettes originales soient encore fix\u00e9es et qu&#8217;elle ait \u00e9t\u00e9 achet\u00e9e sur NordiqCanada.ca ou qu&#8217;elle soit d\u00e9fectueuse (certaines restrictions peuvent s&#8217;appliquer). Un remboursement du prix du produit achet\u00e9 sera effectu\u00e9 selon le mode de paiement original. Veuillez noter que les frais d&#8217;exp\u00e9dition et de manutention ne sont pas remboursables.<\/p>\n<h3>Lignes directrices g\u00e9n\u00e9rales<\/h3>\n<ul>\n<li>Les retours seront accept\u00e9s dans les 30 jours suivant la date de livraison.<\/li>\n<li>Seules les marchandises non port\u00e9es, non lav\u00e9es et portant encore les \u00e9tiquettes d&#8217;origine seront accept\u00e9es.<\/li>\n<li>Toutes les coiffures sont des ventes finales.<\/li>\n<li>Aucun remboursement (ou \u00e9change) ne sera effectu\u00e9 sur les achats effectu\u00e9s sur place lors d&#8217;un \u00e9v\u00e9nement.<\/li>\n<li>Si un article est en vente apr\u00e8s la date d&#8217;achat initiale, nous regrettons de ne pouvoir rembourser la diff\u00e9rence de prix.<\/li>\n<li>Tous les frais d&#8217;exp\u00e9dition ne sont pas remboursables et sont \u00e0 la charge du client, y compris les frais d&#8217;exp\u00e9dition pour les retours.<\/li>\n<li>Veuillez pr\u00e9voir un cycle de facturation pour qu&#8217;un cr\u00e9dit apparaisse sur un relev\u00e9.<\/li>\n<li>Si vous avez besoin d&#8217;aide ou si vous avez une question, veuillez envoyer un courriel \u00e0 Ebloudoff@NordiqCanada.ca ou appeler le 403-678-6791.<\/li>\n<\/ul>\n<h3>\u00c9changes<\/h3>\n<p>Bien que Nordiq Canada n&#8217;offre pas d&#8217;options d&#8217;\u00e9change, vous pouvez retourner un ou plusieurs articles en suivant les \u00e9tapes ci-dessous. Si vous souhaitez recevoir l&#8217;article dans une taille ou une couleur diff\u00e9rente, nous vous recommandons de passer une nouvelle commande, puis de retourner le ou les articles originaux pour obtenir un remboursement.<\/p>\n<h3>Retours<\/h3>\n<p>Les marchandises peuvent \u00eatre retourn\u00e9es pour un remboursement en suivant les \u00e9tapes ci-dessous.<\/p>\n<ol>\n<li>D\u00e9terminez si le produit est \u00e9ligible pour un remboursement (veuillez consulter les directives g\u00e9n\u00e9rales ci-dessus).<\/li>\n<li>Renvoyez une copie du bon de commande et de la marchandise \u00e0 :<br \/>\nNordiq Canada<br \/>\n100-1995 Olympic Way<br \/>\nCanmore AB T1W 2T6<\/li>\n<\/ol>\n<p>[\/et_pb_accordion_item][\/et_pb_accordion][\/et_pb_column][\/et_pb_row][\/et_pb_section][et_pb_section fb_built=&#8221;1&#8243; fullwidth=&#8221;on&#8221; admin_label=&#8221;Full Footer&#8221; _builder_version=&#8221;4.9.7&#8243; _module_preset=&#8221;default&#8221; global_module=&#8221;13254&#8243; locked=&#8221;on&#8221;][et_pb_fullwidth_code _builder_version=&#8221;4.9.7&#8243; _module_preset=&#8221;default&#8221; locked=&#8221;off&#8221;][et_pb_section global_module=\"13251\"][\/et_pb_section]<!-- [et_pb_line_break_holder] -->[et_pb_section global_module=\"13248\"][\/et_pb_section]<!-- [et_pb_line_break_holder] -->[et_pb_section global_module=\"13097\"][\/et_pb_section]<!-- [et_pb_line_break_holder] -->[et_pb_section global_module=\"13100\"][\/et_pb_section][\/et_pb_fullwidth_code][\/et_pb_section]<\/p>\n","protected":false},"excerpt":{"rendered":"<p>[et_pb_section fb_built=&#8221;1&#8243; admin_label=&#8221;Top of page banner&#8221; _builder_version=&#8221;3.26.5&#8243; custom_margin=&#8221;0px||0px||false|false&#8221; custom_padding=&#8221;0px||0px||false|false&#8221;][et_pb_row _builder_version=&#8221;3.26.3&#8243; width=&#8221;100%&#8221; max_width=&#8221;100%&#8221; custom_margin=&#8221;0px||0px||false|false&#8221; custom_padding=&#8221;0px||0px||false|false&#8221;][et_pb_column type=&#8221;4_4&#8243; _builder_version=&#8221;3.26.3&#8243;][et_pb_image src=&#8221;https:\/\/nordiqcanada.ca\/wp-content\/uploads\/StoreBanner.jpg&#8221; force_fullwidth=&#8221;on&#8221; _builder_version=&#8221;3.27.3&#8243;][\/et_pb_image][\/et_pb_column][\/et_pb_row][\/et_pb_section][et_pb_section fb_built=&#8221;1&#8243; _builder_version=&#8221;3.26.6&#8243; saved_tabs=&#8221;all&#8221;][et_pb_row _builder_version=&#8221;3.26.6&#8243;][et_pb_column type=&#8221;4_4&#8243; _builder_version=&#8221;3.26.6&#8243;][et_pb_text module_class=&#8221;introtext&#8221; _builder_version=&#8221;4.1&#8243;] Habillez vous. Allez skier. Faites partie de l&#8217;\u00e9quipe et parcourez les pistes en portant des v\u00eatements de qualit\u00e9 de Nordiq Canada. Notre collection ne cesse de s&#8217;agrandir, alors [&hellip;]<\/p>\n","protected":false},"author":1,"featured_media":0,"parent":0,"menu_order":0,"comment_status":"closed","ping_status":"closed","template":"","meta":{"_et_pb_use_builder":"on","_et_pb_old_content":"","_et_gb_content_width":"","footnotes":""},"class_list":["post-4197","page","type-page","status-publish","hentry"],"yoast_head":"<!-- This site is optimized with the Yoast SEO plugin v27.3 - https:\/\/yoast.com\/product\/yoast-seo-wordpress\/ -->\n<title>Boutique - Nordiq Canada<\/title>\n<meta name=\"robots\" content=\"index, follow, max-snippet:-1, max-image-preview:large, max-video-preview:-1\" \/>\n<link rel=\"canonical\" href=\"https:\/\/nordiqcanada.ca\/fr\/boutique\/\" \/>\n<meta property=\"og:locale\" content=\"fr_FR\" \/>\n<meta property=\"og:type\" content=\"article\" \/>\n<meta property=\"og:title\" content=\"Boutique - Nordiq Canada\" \/>\n<meta property=\"og:description\" content=\"[et_pb_section fb_built=&#8221;1&#8243; admin_label=&#8221;Top of page banner&#8221; _builder_version=&#8221;3.26.5&#8243; custom_margin=&#8221;0px||0px||false|false&#8221; custom_padding=&#8221;0px||0px||false|false&#8221;][et_pb_row _builder_version=&#8221;3.26.3&#8243; width=&#8221;100%&#8221; max_width=&#8221;100%&#8221; custom_margin=&#8221;0px||0px||false|false&#8221; custom_padding=&#8221;0px||0px||false|false&#8221;][et_pb_column type=&#8221;4_4&#8243; _builder_version=&#8221;3.26.3&#8243;][et_pb_image src=&#8221;https:\/\/nordiqcanada.ca\/wp-content\/uploads\/StoreBanner.jpg&#8221; force_fullwidth=&#8221;on&#8221; _builder_version=&#8221;3.27.3&#8243;][\/et_pb_image][\/et_pb_column][\/et_pb_row][\/et_pb_section][et_pb_section fb_built=&#8221;1&#8243; _builder_version=&#8221;3.26.6&#8243; saved_tabs=&#8221;all&#8221;][et_pb_row _builder_version=&#8221;3.26.6&#8243;][et_pb_column type=&#8221;4_4&#8243; _builder_version=&#8221;3.26.6&#8243;][et_pb_text module_class=&#8221;introtext&#8221; _builder_version=&#8221;4.1&#8243;] Habillez vous. Allez skier. Faites partie de l&#8217;\u00e9quipe et parcourez les pistes en portant des v\u00eatements de qualit\u00e9 de Nordiq Canada. Notre collection ne cesse de s&#8217;agrandir, alors [&hellip;]\" \/>\n<meta property=\"og:url\" content=\"https:\/\/nordiqcanada.ca\/fr\/boutique\/\" \/>\n<meta property=\"og:site_name\" content=\"Nordiq Canada\" \/>\n<meta property=\"article:modified_time\" content=\"2023-08-29T21:50:06+00:00\" \/>\n<meta name=\"twitter:card\" content=\"summary_large_image\" \/>\n<meta name=\"twitter:label1\" content=\"Dur\u00e9e de lecture estim\u00e9e\" \/>\n\t<meta name=\"twitter:data1\" content=\"4 minutes\" \/>\n<script type=\"application\/ld+json\" class=\"yoast-schema-graph\">{\"@context\":\"https:\\\/\\\/schema.org\",\"@graph\":[{\"@type\":\"WebPage\",\"@id\":\"https:\\\/\\\/nordiqcanada.ca\\\/fr\\\/boutique\\\/\",\"url\":\"https:\\\/\\\/nordiqcanada.ca\\\/fr\\\/boutique\\\/\",\"name\":\"Boutique - Nordiq Canada\",\"isPartOf\":{\"@id\":\"https:\\\/\\\/nordiqcanada.ca\\\/fr\\\/#website\"},\"datePublished\":\"2019-08-14T19:59:57+00:00\",\"dateModified\":\"2023-08-29T21:50:06+00:00\",\"breadcrumb\":{\"@id\":\"https:\\\/\\\/nordiqcanada.ca\\\/fr\\\/boutique\\\/#breadcrumb\"},\"inLanguage\":\"fr-FR\",\"potentialAction\":[{\"@type\":\"ReadAction\",\"target\":[\"https:\\\/\\\/nordiqcanada.ca\\\/fr\\\/boutique\\\/\"]}]},{\"@type\":\"BreadcrumbList\",\"@id\":\"https:\\\/\\\/nordiqcanada.ca\\\/fr\\\/boutique\\\/#breadcrumb\",\"itemListElement\":[{\"@type\":\"ListItem\",\"position\":1,\"name\":\"Home\",\"item\":\"https:\\\/\\\/nordiqcanada.ca\\\/fr\\\/\"},{\"@type\":\"ListItem\",\"position\":2,\"name\":\"Boutique\"}]},{\"@type\":\"WebSite\",\"@id\":\"https:\\\/\\\/nordiqcanada.ca\\\/fr\\\/#website\",\"url\":\"https:\\\/\\\/nordiqcanada.ca\\\/fr\\\/\",\"name\":\"Nordiq Canada\",\"description\":\"\",\"publisher\":{\"@id\":\"https:\\\/\\\/nordiqcanada.ca\\\/fr\\\/#organization\"},\"potentialAction\":[{\"@type\":\"SearchAction\",\"target\":{\"@type\":\"EntryPoint\",\"urlTemplate\":\"https:\\\/\\\/nordiqcanada.ca\\\/fr\\\/?s={search_term_string}\"},\"query-input\":{\"@type\":\"PropertyValueSpecification\",\"valueRequired\":true,\"valueName\":\"search_term_string\"}}],\"inLanguage\":\"fr-FR\"},{\"@type\":\"Organization\",\"@id\":\"https:\\\/\\\/nordiqcanada.ca\\\/fr\\\/#organization\",\"name\":\"Nordiq Canada\",\"url\":\"https:\\\/\\\/nordiqcanada.ca\\\/fr\\\/\",\"logo\":{\"@type\":\"ImageObject\",\"inLanguage\":\"fr-FR\",\"@id\":\"https:\\\/\\\/nordiqcanada.ca\\\/fr\\\/#\\\/schema\\\/logo\\\/image\\\/\",\"url\":\"https:\\\/\\\/nordiqcanada.ca\\\/wp-content\\\/uploads\\\/Nordiq-Canada_stacked-logo.png\",\"contentUrl\":\"https:\\\/\\\/nordiqcanada.ca\\\/wp-content\\\/uploads\\\/Nordiq-Canada_stacked-logo.png\",\"width\":600,\"height\":721,\"caption\":\"Nordiq Canada\"},\"image\":{\"@id\":\"https:\\\/\\\/nordiqcanada.ca\\\/fr\\\/#\\\/schema\\\/logo\\\/image\\\/\"}}]}<\/script>\n<!-- \/ Yoast SEO plugin. -->","yoast_head_json":{"title":"Boutique - Nordiq Canada","robots":{"index":"index","follow":"follow","max-snippet":"max-snippet:-1","max-image-preview":"max-image-preview:large","max-video-preview":"max-video-preview:-1"},"canonical":"https:\/\/nordiqcanada.ca\/fr\/boutique\/","og_locale":"fr_FR","og_type":"article","og_title":"Boutique - Nordiq Canada","og_description":"[et_pb_section fb_built=&#8221;1&#8243; admin_label=&#8221;Top of page banner&#8221; _builder_version=&#8221;3.26.5&#8243; custom_margin=&#8221;0px||0px||false|false&#8221; custom_padding=&#8221;0px||0px||false|false&#8221;][et_pb_row _builder_version=&#8221;3.26.3&#8243; width=&#8221;100%&#8221; max_width=&#8221;100%&#8221; custom_margin=&#8221;0px||0px||false|false&#8221; custom_padding=&#8221;0px||0px||false|false&#8221;][et_pb_column type=&#8221;4_4&#8243; _builder_version=&#8221;3.26.3&#8243;][et_pb_image src=&#8221;https:\/\/nordiqcanada.ca\/wp-content\/uploads\/StoreBanner.jpg&#8221; force_fullwidth=&#8221;on&#8221; _builder_version=&#8221;3.27.3&#8243;][\/et_pb_image][\/et_pb_column][\/et_pb_row][\/et_pb_section][et_pb_section fb_built=&#8221;1&#8243; _builder_version=&#8221;3.26.6&#8243; saved_tabs=&#8221;all&#8221;][et_pb_row _builder_version=&#8221;3.26.6&#8243;][et_pb_column type=&#8221;4_4&#8243; _builder_version=&#8221;3.26.6&#8243;][et_pb_text module_class=&#8221;introtext&#8221; _builder_version=&#8221;4.1&#8243;] Habillez vous. Allez skier. Faites partie de l&#8217;\u00e9quipe et parcourez les pistes en portant des v\u00eatements de qualit\u00e9 de Nordiq Canada. Notre collection ne cesse de s&#8217;agrandir, alors [&hellip;]","og_url":"https:\/\/nordiqcanada.ca\/fr\/boutique\/","og_site_name":"Nordiq Canada","article_modified_time":"2023-08-29T21:50:06+00:00","twitter_card":"summary_large_image","twitter_misc":{"Dur\u00e9e de lecture estim\u00e9e":"4 minutes"},"schema":{"@context":"https:\/\/schema.org","@graph":[{"@type":"WebPage","@id":"https:\/\/nordiqcanada.ca\/fr\/boutique\/","url":"https:\/\/nordiqcanada.ca\/fr\/boutique\/","name":"Boutique - Nordiq Canada","isPartOf":{"@id":"https:\/\/nordiqcanada.ca\/fr\/#website"},"datePublished":"2019-08-14T19:59:57+00:00","dateModified":"2023-08-29T21:50:06+00:00","breadcrumb":{"@id":"https:\/\/nordiqcanada.ca\/fr\/boutique\/#breadcrumb"},"inLanguage":"fr-FR","potentialAction":[{"@type":"ReadAction","target":["https:\/\/nordiqcanada.ca\/fr\/boutique\/"]}]},{"@type":"BreadcrumbList","@id":"https:\/\/nordiqcanada.ca\/fr\/boutique\/#breadcrumb","itemListElement":[{"@type":"ListItem","position":1,"name":"Home","item":"https:\/\/nordiqcanada.ca\/fr\/"},{"@type":"ListItem","position":2,"name":"Boutique"}]},{"@type":"WebSite","@id":"https:\/\/nordiqcanada.ca\/fr\/#website","url":"https:\/\/nordiqcanada.ca\/fr\/","name":"Nordiq Canada","description":"","publisher":{"@id":"https:\/\/nordiqcanada.ca\/fr\/#organization"},"potentialAction":[{"@type":"SearchAction","target":{"@type":"EntryPoint","urlTemplate":"https:\/\/nordiqcanada.ca\/fr\/?s={search_term_string}"},"query-input":{"@type":"PropertyValueSpecification","valueRequired":true,"valueName":"search_term_string"}}],"inLanguage":"fr-FR"},{"@type":"Organization","@id":"https:\/\/nordiqcanada.ca\/fr\/#organization","name":"Nordiq Canada","url":"https:\/\/nordiqcanada.ca\/fr\/","logo":{"@type":"ImageObject","inLanguage":"fr-FR","@id":"https:\/\/nordiqcanada.ca\/fr\/#\/schema\/logo\/image\/","url":"https:\/\/nordiqcanada.ca\/wp-content\/uploads\/Nordiq-Canada_stacked-logo.png","contentUrl":"https:\/\/nordiqcanada.ca\/wp-content\/uploads\/Nordiq-Canada_stacked-logo.png","width":600,"height":721,"caption":"Nordiq Canada"},"image":{"@id":"https:\/\/nordiqcanada.ca\/fr\/#\/schema\/logo\/image\/"}}]}},"_links":{"self":[{"href":"https:\/\/nordiqcanada.ca\/fr\/wp-json\/wp\/v2\/pages\/4197","targetHints":{"allow":["GET"]}}],"collection":[{"href":"https:\/\/nordiqcanada.ca\/fr\/wp-json\/wp\/v2\/pages"}],"about":[{"href":"https:\/\/nordiqcanada.ca\/fr\/wp-json\/wp\/v2\/types\/page"}],"author":[{"embeddable":true,"href":"https:\/\/nordiqcanada.ca\/fr\/wp-json\/wp\/v2\/users\/1"}],"replies":[{"embeddable":true,"href":"https:\/\/nordiqcanada.ca\/fr\/wp-json\/wp\/v2\/comments?post=4197"}],"version-history":[{"count":0,"href":"https:\/\/nordiqcanada.ca\/fr\/wp-json\/wp\/v2\/pages\/4197\/revisions"}],"wp:attachment":[{"href":"https:\/\/nordiqcanada.ca\/fr\/wp-json\/wp\/v2\/media?parent=4197"}],"curies":[{"name":"wp","href":"https:\/\/api.w.org\/{rel}","templated":true}]}}